{"id":1040,"date":"2025-10-13T03:32:03","date_gmt":"2025-10-13T03:32:03","guid":{"rendered":"https:\/\/copypapersupplier.com\/?post_type=product&#038;p=1040"},"modified":"2025-10-16T16:30:06","modified_gmt":"2025-10-16T08:30:06","slug":"papier-usage","status":"publish","type":"product","link":"https:\/\/copypapersupplier.com\/fr\/product\/papier-usage\/","title":{"rendered":"D\u00e9chets de papier"},"content":{"rendered":"<h2 dir=\"auto\">Sp\u00e9cifications techniques<\/h2>\n<p dir=\"auto\">Les d\u00e9chets de papier sont class\u00e9s en cat\u00e9gories en fonction de leur composition, de leur source et de leur puret\u00e9. On trouvera ci-dessous un r\u00e9sum\u00e9 des principales cat\u00e9gories normalis\u00e9es par l'ISRI pour le recyclage interentreprises. Les param\u00e8tres techniques comprennent les dimensions des balles, le poids, la teneur en humidit\u00e9 et les tol\u00e9rances en mati\u00e8re de contaminants. Tous les mat\u00e9riaux sont mis en balles pour faciliter le transport et la manutention.<\/p>\n<table>\n<thead>\n<tr>\n<th data-col-size=\"md\">Param\u00e8tres<\/th>\n<th data-col-size=\"lg\">Sp\u00e9cifications<\/th>\n<th data-col-size=\"lg\">Avantage pour l'acheteur<\/th>\n<\/tr>\n<\/thead>\n<tbody>\n<tr>\n<td data-col-size=\"md\"><strong>Classification des grades<\/strong><\/td>\n<td data-col-size=\"lg\">ISRI Grade 11 (Old Corrugated Containers) - R\u00e9cipients en carton ondul\u00e9 avec doublure en papier test ou kraft. \u00c9quivalent \u00e0 la norme europ\u00e9enne EN 643 Grade 1.05.<\/td>\n<td data-col-size=\"lg\">Assure la compatibilit\u00e9 avec les exigences des papeteries du monde entier, ce qui facilite l'int\u00e9gration dans les lignes de production.<\/td>\n<\/tr>\n<tr>\n<td data-col-size=\"md\"><strong>Composition<\/strong><\/td>\n<td data-col-size=\"lg\">Minimum 70-95% de carton ondul\u00e9 ; le reste peut inclure des papiers mineurs acceptables (par exemple, des sacs kraft dans des limites contr\u00f4l\u00e9es).<\/td>\n<td data-col-size=\"lg\">Une puret\u00e9 \u00e9lev\u00e9e permet d'obtenir une qualit\u00e9 de p\u00e2te constante, de r\u00e9duire les rejets et d'am\u00e9liorer la r\u00e9sistance du produit final.<\/td>\n<\/tr>\n<tr>\n<td data-col-size=\"md\"><strong>Teneur en eau<\/strong><\/td>\n<td data-col-size=\"lg\">\u226412% (moyenne 8-10% ; test\u00e9 selon le guide de l'humidit\u00e9 de l'AF&amp;PA).<\/td>\n<td data-col-size=\"lg\">Emp\u00eache la formation de moisissures pendant le transport, garantissant que le mat\u00e9riel arrive dans des conditions optimales pour une utilisation imm\u00e9diate.<\/td>\n<\/tr>\n<tr>\n<td data-col-size=\"md\"><strong>Niveaux de contamination<\/strong><\/td>\n<td data-col-size=\"lg\">Mat\u00e9riaux interdits (par exemple, plastiques, m\u00e9taux, verre, d\u00e9chets dangereux) \u22641% ; d\u00e9chets jet\u00e9s (par exemple, carton, papier enduit de cire) plus interdictions \u22645%. Tol\u00e9rance z\u00e9ro pour les substances m\u00e9dicales, organiques, alimentaires, radioactives ou toxiques.<\/td>\n<td data-col-size=\"lg\">La faible contamination minimise les co\u00fbts de nettoyage et les dommages caus\u00e9s aux \u00e9quipements, ce qui am\u00e9liore l'efficacit\u00e9 op\u00e9rationnelle.<\/td>\n<\/tr>\n<tr>\n<td data-col-size=\"md\"><strong>Qualit\u00e9 des fibres<\/strong><\/td>\n<td data-col-size=\"lg\">Doublures kraft\/essai tr\u00e8s r\u00e9sistantes, exemptes de salissures, d'encre ou d'adh\u00e9sifs excessifs. Rendement en fibres : 85-90%.<\/td>\n<td data-col-size=\"lg\">Offre une r\u00e9sistance \u00e0 la traction sup\u00e9rieure pour les produits recycl\u00e9s, r\u00e9pondant ainsi \u00e0 la demande d'emballages durables dans les secteurs du commerce \u00e9lectronique et de la logistique.<\/td>\n<\/tr>\n<tr>\n<td data-col-size=\"md\"><strong>Dimensions de la balle<\/strong><\/td>\n<td data-col-size=\"lg\">Dimensions standard des balles : 110 cm x 110 cm x 180 cm (personnalisables) ; poids par balle : 800-900 kg.<\/td>\n<td data-col-size=\"lg\">Les balles compactes et uniformes optimisent le chargement des conteneurs, r\u00e9duisant les co\u00fbts d'exp\u00e9dition en maximisant la charge utile (19-25 MT par conteneur de 40\u2032).<\/td>\n<\/tr>\n<tr>\n<td data-col-size=\"md\"><strong>Couleur et apparence<\/strong><\/td>\n<td data-col-size=\"lg\">Kraft brun naturel ; propre et tri\u00e9, sans impression ou rev\u00eatement excessif.<\/td>\n<td data-col-size=\"lg\">La coh\u00e9rence esth\u00e9tique permet des applications de papier recycl\u00e9 haut de gamme sans blanchiment suppl\u00e9mentaire.<\/td>\n<\/tr>\n<\/tbody>\n<\/table>\n<table>\n<thead>\n<tr>\n<th data-col-size=\"xs\">Num\u00e9ro de grade<\/th>\n<th data-col-size=\"lg\">Nom du grade<\/th>\n<th data-col-size=\"xl\">Description<\/th>\n<th data-col-size=\"sm\">Tol\u00e9rance pour les mat\u00e9riaux prohibitifs<\/th>\n<th data-col-size=\"md\">D\u00e9passer la tol\u00e9rance<\/th>\n<th data-col-size=\"lg\">Composition typique et notes<\/th>\n<\/tr>\n<\/thead>\n<tbody>\n<tr>\n<td data-col-size=\"xs\">(4)<\/td>\n<td data-col-size=\"lg\">D\u00e9coupes de carton<\/td>\n<td data-col-size=\"xl\">Nouvelles d\u00e9coupes de carton utilis\u00e9es dans les bo\u00eetes pliantes, les bo\u00eetes de montage et les produits similaires.<\/td>\n<td data-col-size=\"sm\">\u2264 0,5%<\/td>\n<td data-col-size=\"md\">\u2264 2% (plus prohibitifs)<\/td>\n<td data-col-size=\"lg\">D\u00e9chets de fabrication propres, exempts de cire, de plastique ou d'encre. Id\u00e9al pour le recyclage des cartons de haute qualit\u00e9.<\/td>\n<\/tr>\n<tr>\n<td data-col-size=\"xs\">(10)<\/td>\n<td data-col-size=\"lg\">Magazines (OMG)<\/td>\n<td data-col-size=\"xl\">Magazines couch\u00e9s, catalogues et autres imprim\u00e9s similaires ; peut inclure du petit papier non couch\u00e9 de type journal.<\/td>\n<td data-col-size=\"sm\">\u2264 1%<\/td>\n<td data-col-size=\"md\">\u2264 3% (plus prohibitifs)<\/td>\n<td data-col-size=\"lg\">Mati\u00e8re imprim\u00e9e post-consommation ; convient aux processus de d\u00e9sencrage.<\/td>\n<\/tr>\n<tr>\n<td data-col-size=\"xs\">(11)<\/td>\n<td data-col-size=\"lg\">Anciens conteneurs en carton ondul\u00e9 (OCC)<\/td>\n<td data-col-size=\"xl\">Conteneurs en carton ondul\u00e9 avec doublure en papier test ou kraft.<\/td>\n<td data-col-size=\"sm\">\u2264 1%<\/td>\n<td data-col-size=\"md\">\u2264 5% (plus prohibitifs)<\/td>\n<td data-col-size=\"lg\">Largement disponible \u00e0 partir des d\u00e9chets d'emballage ; source principale pour les nouveaux supports en carton ondul\u00e9.<\/td>\n<\/tr>\n<tr>\n<td data-col-size=\"xs\">(12)<\/td>\n<td data-col-size=\"lg\">Vieux carton ondul\u00e9 doublement tri\u00e9 (DS OCC)<\/td>\n<td data-col-size=\"xl\">Ondul\u00e9 doublement tri\u00e9 provenant de supermarch\u00e9s ou d'installations industrielles ; exempt de carton, d'ondul\u00e9 offshore, de plastique et de cire.<\/td>\n<td data-col-size=\"sm\">\u2264 0,5%<\/td>\n<td data-col-size=\"md\">\u2264 2% (plus prohibitifs)<\/td>\n<td data-col-size=\"lg\">Qualit\u00e9 de haute puret\u00e9 ; minimise les contaminants pour les applications de recyclage de premi\u00e8re qualit\u00e9.<\/td>\n<\/tr>\n<tr>\n<td data-col-size=\"xs\">(13)<\/td>\n<td data-col-size=\"lg\">Nouvelles d\u00e9coupes de papier kraft ondul\u00e9 doublement doubl\u00e9 (DLK)<\/td>\n<td data-col-size=\"xl\">D\u00e9coupes neuves en carton ondul\u00e9 avec doublure d'essai ou kraft ; \u00e0 l'exclusion des supports trait\u00e9s ou des adh\u00e9sifs insolubles.<\/td>\n<td data-col-size=\"sm\">Aucune autoris\u00e9e<\/td>\n<td data-col-size=\"md\">\u2264 2% (plus prohibitifs)<\/td>\n<td data-col-size=\"lg\">D\u00e9chets de fabrication ; teneur \u00e9lev\u00e9e en kraft pour la solidit\u00e9 des produits recycl\u00e9s.<\/td>\n<\/tr>\n<tr>\n<td data-col-size=\"xs\">(37)<\/td>\n<td data-col-size=\"lg\">Papier de bureau tri\u00e9 (SOP)<\/td>\n<td data-col-size=\"xl\">Principalement du papier blanc et color\u00e9 sans bois de chauffage provenant de bureaux ; une faible teneur en bois de chauffage est autoris\u00e9e.<\/td>\n<td data-col-size=\"sm\">\u2264 1%<\/td>\n<td data-col-size=\"md\">\u2264 5% (plus prohibitifs)<\/td>\n<td data-col-size=\"lg\">G\u00e9n\u00e9r\u00e9 par le bureau ; utilis\u00e9 pour les papiers fins et les tissus.<\/td>\n<\/tr>\n<tr>\n<td data-col-size=\"xs\">(40)<\/td>\n<td data-col-size=\"lg\">Ledger blanc tri\u00e9 (SWL)<\/td>\n<td data-col-size=\"xl\">Papier blanc non couch\u00e9, sans bois de p\u00e9pini\u00e8re, papier \u00e0 lettres en feuilles, en copeaux ou en cahiers.<\/td>\n<td data-col-size=\"sm\">\u2264 0,5%<\/td>\n<td data-col-size=\"md\">\u2264 2% (plus prohibitifs)<\/td>\n<td data-col-size=\"lg\">D\u00e9chets de bureau de haute qualit\u00e9 ; excellent pour la p\u00e2te d\u00e9sencr\u00e9e.<\/td>\n<\/tr>\n<tr>\n<td data-col-size=\"xs\">(43)<\/td>\n<td data-col-size=\"lg\">Cahier enduit (CBS)<\/td>\n<td data-col-size=\"xl\">Papier couch\u00e9 sans bois de chauffage en feuilles, en copeaux ou en livres ; le bois de chauffage raisonnablement fin est autoris\u00e9.<\/td>\n<td data-col-size=\"sm\">Aucune autoris\u00e9e<\/td>\n<td data-col-size=\"md\">\u2264 2% (plus prohibitifs)<\/td>\n<td data-col-size=\"lg\">D\u00e9chets de production de livres ; pour les papiers recycl\u00e9s couch\u00e9s.<\/td>\n<\/tr>\n<\/tbody>\n<\/table>\n<ul dir=\"auto\">\n<li><strong>Mat\u00e9riaux d'interdiction<\/strong>: Les \u00e9l\u00e9ments qui rendent l'emballage inutilisable ou dommageable (par exemple, les plastiques, les m\u00e9taux, les papiers r\u00e9sistants \u00e0 l'humidit\u00e9, les d\u00e9chets dangereux). Tol\u00e9rance z\u00e9ro pour les substances nocives telles que les d\u00e9chets m\u00e9dicaux ou les produits toxiques.<\/li>\n<li><strong>Lancers<\/strong>: Papiers ind\u00e9sirables qui nuisent \u00e0 la qualit\u00e9 du grade (par exemple, bois moulu dans les grades sans bois moulu).<\/li>\n<li><strong>Teneur en eau<\/strong>Le poids sec : \u2264 12% (norme industrielle pour pr\u00e9venir les moisissures et garantir la pr\u00e9cision du poids sec).<\/li>\n<li><strong>Composants non papier<\/strong>: \u2264 1-2% (par exemple, agrafes, adh\u00e9sifs ; varie selon le niveau).<\/li>\n<li><strong>Sp\u00e9cifications des balles<\/strong>:\n<ul dir=\"auto\">\n<li>Dimensions : Typiquement 30\u2033 x 42\u2033 x 48\u2033 \u00e0 30\u2033 x 48\u2033 x 60\u2033 pour une exp\u00e9dition efficace.<\/li>\n<li>Poids : 400-1 000 kg par balle (minimum 35 000 livres par exp\u00e9dition pour une efficacit\u00e9 de chargement).<\/li>\n<li>Conditionnement : Balles ficel\u00e9es ou cercl\u00e9es ; empil\u00e9es pour le chargement des conteneurs ou des camions.<\/li>\n<li>Densit\u00e9 : 20-30 lbs\/ft\u00b3 (compact\u00e9 pour un transport rentable).<\/li>\n<\/ul>\n<\/li>\n<\/ul>\n<p dir=\"auto\">Des qualit\u00e9s ou des m\u00e9langes personnalis\u00e9s sont disponibles sur demande, avec des tests de puret\u00e9 dans le cadre d'un accord entre l'acheteur et le vendeur.<\/p>\n<h2 dir=\"auto\">Guide d'utilisation<\/h2>\n<p dir=\"auto\">Les cat\u00e9gories de vieux papiers sont s\u00e9lectionn\u00e9es en fonction des exigences de l'utilisation finale dans les usines de recyclage. Une manipulation appropri\u00e9e garantit un rendement optimal et un minimum de d\u00e9chets.<\/p>\n<ul dir=\"auto\">\n<li><strong>Applications par grade<\/strong>:\n<ul dir=\"auto\">\n<li>OCC\/DS OCC\/DLK : Principalement recycl\u00e9 en nouvelles bo\u00eetes en carton ondul\u00e9, en supports d'emballage et en carton. Haute r\u00e9tention de la r\u00e9sistance ; produit 80-90% de fibres utilisables.<\/li>\n<li>Magazines (OMG)\/Coated Book Stock (CBS) : D\u00e9sencr\u00e9 pour le papier journal, le papier de soie ou les papiers couch\u00e9s ; convient aux produits d'impression graphique.<\/li>\n<li>Papier de bureau tri\u00e9 (SOP)\/Livre blanc tri\u00e9 (SWL) : P\u00e2te de haute qualit\u00e9 pour les papiers d'\u00e9criture, les mouchoirs en papier ou les produits d'hygi\u00e8ne ; les faibles niveaux de contaminants favorisent la production de papier fin.<\/li>\n<li>D\u00e9coupes de carton : Utilis\u00e9es dans le carton recycl\u00e9 pour les bo\u00eetes, les emballages de c\u00e9r\u00e9ales ou les bo\u00eetes pliantes.<\/li>\n<\/ul>\n<\/li>\n<li><strong>Recommandations en mati\u00e8re de traitement<\/strong>:\n<ul dir=\"auto\">\n<li>Stockage : Garder les balles s\u00e8ches et couvertes pour maintenir l'humidit\u00e9 en dessous de 12% ; \u00e9viter l'exposition aux contaminants.<\/li>\n<li>Int\u00e9gration : Alimentation des syst\u00e8mes de trituration ; les qualit\u00e9s sup\u00e9rieures n\u00e9cessitent moins de traitement chimique, ce qui r\u00e9duit les co\u00fbts de 10-20%.<\/li>\n<li>Optimisation du rendement : Trier pour minimiser les rejets ; le taux de r\u00e9cup\u00e9ration typique du broyeur est de 85-95% en fonction de la puret\u00e9 de la qualit\u00e9.<\/li>\n<li>S\u00e9curit\u00e9 : Veiller \u00e0 ce qu'il n'y ait pas de mati\u00e8res dangereuses ; utiliser un \u00e9quipement de protection individuelle lors de la manipulation pour \u00e9viter les poussi\u00e8res.<\/li>\n<\/ul>\n<\/li>\n<\/ul>\n<p dir=\"auto\">Pour l'approvisionnement B2B, nous recommandons des contrats de volume avec des protocoles d'\u00e9chantillonnage de la qualit\u00e9 pour s'aligner sur les sp\u00e9cifications de votre usine.<\/p>\n<h2 dir=\"auto\">Conformit\u00e9 et certifications<\/h2>\n<p dir=\"auto\">Tous les d\u00e9chets de papier sont conformes aux normes et r\u00e9glementations industrielles pertinentes afin de soutenir l'approvisionnement durable.<\/p>\n<ul dir=\"auto\">\n<li><strong>Alignement des normes<\/strong>: Conforme \u00e0 la circulaire ISRI Scrap Specifications Circular (PS-2022) pour le classement et le contr\u00f4le de la qualit\u00e9. Compatible avec les normes europ\u00e9ennes EN 643 pour le commerce international.<\/li>\n<li><strong>Conformit\u00e9 environnementale<\/strong>: Conforme aux lignes directrices de l'EPA en mati\u00e8re de contenu recycl\u00e9 ; conforme \u00e0 la RCRA en mati\u00e8re de gestion des d\u00e9chets. Pas d'inclusion de d\u00e9chets dangereux.<\/li>\n<li><strong>Certifications<\/strong>:\n<ul dir=\"auto\">\n<li>FSC (Forest Stewardship Council) : Disponible pour les mat\u00e9riaux certifi\u00e9s par la cha\u00eene de contr\u00f4le, garantissant un approvisionnement durable.<\/li>\n<li>Sceau vert : Pour les qualit\u00e9s dont le contenu recycl\u00e9 apr\u00e8s consommation est v\u00e9rifi\u00e9 (par exemple, \u226530% pour les papiers d'impression).<\/li>\n<li>ISO 14001 : les installations des fournisseurs sont certifi\u00e9es pour les syst\u00e8mes de gestion de l'environnement, en mettant l'accent sur la r\u00e9duction des d\u00e9chets.<\/li>\n<li>REP (responsabilit\u00e9 \u00e9largie du producteur) : Conformit\u00e9 avec les programmes de responsabilit\u00e9 en mati\u00e8re de d\u00e9chets d'emballage.<\/li>\n<\/ul>\n<\/li>\n<li><strong>Essais et v\u00e9rification<\/strong>: Des tests d'humidit\u00e9, de contamination et de qualit\u00e9 de la fibre peuvent \u00eatre effectu\u00e9s par des laboratoires tiers. La documentation comprend des certificats d'analyse et des manifestes de balles pour la tra\u00e7abilit\u00e9.<\/li>\n<\/ul>\n<p dir=\"auto\">Cette fiche de sp\u00e9cification facilite la prise de d\u00e9cisions \u00e9clair\u00e9es par les responsables des achats et les responsables du d\u00e9veloppement durable. Pour obtenir des devis, des \u00e9chantillons ou des personnalisations, contactez notre \u00e9quipe commerciale en pr\u00e9cisant vos besoins en termes de volume et de qualit\u00e9.<\/p>","protected":false},"excerpt":{"rendered":"<h2 dir=\"auto\">Aper\u00e7u du produit<\/h2>\n<p dir=\"auto\">Papier recycl\u00e9 de haute qualit\u00e9 provenant de conteneurs de carton ondul\u00e9 post-consommation et post-industriel. Cette qualit\u00e9 est id\u00e9ale pour les acheteurs internationaux \u00e0 la recherche de mati\u00e8res premi\u00e8res durables pour la production de p\u00e2te \u00e0 papier et de papier, offrant une excellente r\u00e9sistance des fibres pour la fabrication de nouvelles bo\u00eetes en carton ondul\u00e9, de papier kraft et d'autres produits d'emballage. En tant que produit cl\u00e9 sur le march\u00e9 mondial du recyclage, notre OCC r\u00e9pond \u00e0 des normes de qualit\u00e9 strictes afin de garantir un rendement \u00e9lev\u00e9 et des probl\u00e8mes de traitement minimes dans les papeteries.<\/p>","protected":false},"featured_media":1596,"template":"","meta":{"site-sidebar-layout":"default","site-content-layout":"","ast-site-content-layout":"default","site-content-style":"default","site-sidebar-style":"default","ast-global-header-display":"","ast-banner-title-visibility":"","ast-main-header-display":"","ast-hfb-above-header-display":"","ast-hfb-below-header-display":"","ast-hfb-mobile-header-display":"","site-post-title":"","ast-breadcrumbs-content":"","ast-featured-img":"","footer-sml-layout":"","theme-transparent-header-meta":"default","adv-header-id-meta":"","stick-header-meta":"","header-above-stick-meta":"","header-main-stick-meta":"","header-below-stick-meta":"","astra-migrate-meta-layouts":"set","ast-page-background-enabled":"default","ast-page-background-meta":{"desktop":{"background-color":"","background-image":"","background-repeat":"repeat","background-position":"center center","background-size":"auto","background-attachment":"scroll","background-type":"","background-media":"","overlay-type":"","overlay-color":"","overlay-opacity":"","overlay-gradient":""},"tablet":{"background-color":"","background-image":"","background-repeat":"repeat","background-position":"center center","background-size":"auto","background-attachment":"scroll","background-type":"","background-media":"","overlay-type":"","overlay-color":"","overlay-opacity":"","overlay-gradient":""},"mobile":{"background-color":"","background-image":"","background-repeat":"repeat","background-position":"center center","background-size":"auto","background-attachment":"scroll","background-type":"","background-media":"","overlay-type":"","overlay-color":"","overlay-opacity":"","overlay-gradient":""}},"ast-content-background-meta":{"desktop":{"background-color":"var(--ast-global-color-5)","background-image":"","background-repeat":"repeat","background-position":"center center","background-size":"auto","background-attachment":"scroll","background-type":"","background-media":"","overlay-type":"","overlay-color":"","overlay-opacity":"","overlay-gradient":""},"tablet":{"background-color":"var(--ast-global-color-5)","background-image":"","background-repeat":"repeat","background-position":"center center","background-size":"auto","background-attachment":"scroll","background-type":"","background-media":"","overlay-type":"","overlay-color":"","overlay-opacity":"","overlay-gradient":""},"mobile":{"background-color":"var(--ast-global-color-5)","background-image":"","background-repeat":"repeat","background-position":"center center","background-size":"auto","background-attachment":"scroll","background-type":"","background-media":"","overlay-type":"","overlay-color":"","overlay-opacity":"","overlay-gradient":""}}},"product_brand":[],"product_cat":[46],"product_tag":[],"class_list":{"0":"post-1040","1":"product","2":"type-product","3":"status-publish","4":"has-post-thumbnail","6":"product_cat-papers","7":"desktop-align-center","8":"tablet-align-center","9":"mobile-align-center","11":"first","12":"instock","13":"shipping-taxable","14":"product-type-simple"},"_links":{"self":[{"href":"https:\/\/copypapersupplier.com\/fr\/wp-json\/wp\/v2\/product\/1040","targetHints":{"allow":["GET"]}}],"collection":[{"href":"https:\/\/copypapersupplier.com\/fr\/wp-json\/wp\/v2\/product"}],"about":[{"href":"https:\/\/copypapersupplier.com\/fr\/wp-json\/wp\/v2\/types\/product"}],"wp:featuredmedia":[{"embeddable":true,"href":"https:\/\/copypapersupplier.com\/fr\/wp-json\/wp\/v2\/media\/1596"}],"wp:attachment":[{"href":"https:\/\/copypapersupplier.com\/fr\/wp-json\/wp\/v2\/media?parent=1040"}],"wp:term":[{"taxonomy":"product_brand","embeddable":true,"href":"https:\/\/copypapersupplier.com\/fr\/wp-json\/wp\/v2\/product_brand?post=1040"},{"taxonomy":"product_cat","embeddable":true,"href":"https:\/\/copypapersupplier.com\/fr\/wp-json\/wp\/v2\/product_cat?post=1040"},{"taxonomy":"product_tag","embeddable":true,"href":"https:\/\/copypapersupplier.com\/fr\/wp-json\/wp\/v2\/product_tag?post=1040"}],"curies":[{"name":"wp","href":"https:\/\/api.w.org\/{rel}","templated":true}]}}