{"id":1036,"date":"2025-10-13T03:21:45","date_gmt":"2025-10-13T03:21:45","guid":{"rendered":"https:\/\/copypapersupplier.com\/?post_type=product&#038;p=1036"},"modified":"2025-10-16T17:06:59","modified_gmt":"2025-10-16T09:06:59","slug":"papier-kraft","status":"publish","type":"product","link":"https:\/\/copypapersupplier.com\/fr\/product\/papier-kraft\/","title":{"rendered":"Papier Kraft"},"content":{"rendered":"<h2 dir=\"auto\">Sp\u00e9cifications techniques<\/h2>\n<p dir=\"auto\">Le tableau suivant pr\u00e9sente les principales propri\u00e9t\u00e9s physiques et chimiques de notre papier kraft brun vierge, v\u00e9rifi\u00e9es par rapport aux normes industrielles (ISO 536 pour le poids de base, ISO 1924 pour la r\u00e9sistance \u00e0 la traction, ISO 287 pour le taux d'humidit\u00e9) et compar\u00e9es \u00e0 celles de concurrents de premier plan tels que Mondi et SCG International. Toutes les donn\u00e9es sont bas\u00e9es sur les valeurs moyennes des lots de production, ce qui garantit la coh\u00e9rence pour les acheteurs B2B.<\/p>\n<table>\n<thead>\n<tr>\n<th data-col-size=\"md\">Param\u00e8tres<\/th>\n<th data-col-size=\"md\">Gamme de sp\u00e9cifications<\/th>\n<th data-col-size=\"md\">M\u00e9thode d'essai<\/th>\n<th data-col-size=\"xl\">Notes<\/th>\n<\/tr>\n<\/thead>\n<tbody>\n<tr>\n<td data-col-size=\"md\">Poids de base (GSM)<\/td>\n<td data-col-size=\"md\">65 - 150 g\/m\u00b2.<\/td>\n<td data-col-size=\"md\">ISO 536 \/ TAPPI T 410<\/td>\n<td data-col-size=\"xl\">Options courantes : 65g, 80g, 100g, 120g, 150g ; GSM plus \u00e9lev\u00e9 pour une meilleure durabilit\u00e9 dans les emballages lourds.<\/td>\n<\/tr>\n<tr>\n<td data-col-size=\"md\">\u00c9paisseur (pied \u00e0 coulisse)<\/td>\n<td data-col-size=\"md\">0,08 - 0,20 mm<\/td>\n<td data-col-size=\"md\">ISO 534 \/ TAPPI T 411<\/td>\n<td data-col-size=\"xl\">Corr\u00e9lation avec le GSM ; assure la rigidit\u00e9 sans compromettre la flexibilit\u00e9.<\/td>\n<\/tr>\n<tr>\n<td data-col-size=\"md\">R\u00e9sistance \u00e0 la traction (MD\/CD)<\/td>\n<td data-col-size=\"md\">MD : 4,5 - 8,0 kN\/m CD : 2,5 - 4,5 kN\/m<\/td>\n<td data-col-size=\"md\">ISO 1924 \/ TAPPI T 494<\/td>\n<td data-col-size=\"xl\">Sup\u00e9rieur aux variantes recycl\u00e9es ; r\u00e9siste \u00e0 la pression et \u00e0 la tension \u00e9lev\u00e9es dans le domaine de la logistique.<\/td>\n<\/tr>\n<tr>\n<td data-col-size=\"md\">R\u00e9sistance \u00e0 la d\u00e9chirure (MD\/CD)<\/td>\n<td data-col-size=\"md\">MD : 800 - 1500 mN CD : 900 - 1600 mN<\/td>\n<td data-col-size=\"md\">ISO 1974 \/ TAPPI T 414<\/td>\n<td data-col-size=\"xl\">Haute r\u00e9sistance \u00e0 la d\u00e9chirure, id\u00e9al pour les sacs industriels et l'emballage.<\/td>\n<\/tr>\n<tr>\n<td data-col-size=\"md\">Force d'\u00e9clatement (BF)<\/td>\n<td data-col-size=\"md\">18 &#8211; 35<\/td>\n<td data-col-size=\"md\">ISO 2758 \/ TAPPI T 403<\/td>\n<td data-col-size=\"xl\">Mesure la force de rupture ; assure l'int\u00e9grit\u00e9 sous contrainte, comparable aux qualit\u00e9s sup\u00e9rieures du Golden Paper Group.<\/td>\n<\/tr>\n<tr>\n<td data-col-size=\"md\">Teneur en eau<\/td>\n<td data-col-size=\"md\">5.0 &#8211; 8.0%<\/td>\n<td data-col-size=\"md\">ISO 287 \/ TAPPI T 412<\/td>\n<td data-col-size=\"xl\">\u00c9quilibre \u00e0 50% RH et 23\u00b0C ; emp\u00eache le froissement ou l'\u00e9lectricit\u00e9 statique lors de l'impression\/du fa\u00e7onnage ; options r\u00e9sistantes \u00e0 l'humidit\u00e9 disponibles.<\/td>\n<\/tr>\n<tr>\n<td data-col-size=\"md\">Valeur de Cobb (absorption d'eau)<\/td>\n<td data-col-size=\"md\">&lt; 30 g\/m\u00b2<\/td>\n<td data-col-size=\"md\">ISO 535 \/ TAPPI T 441<\/td>\n<td data-col-size=\"xl\">Faible absorption pour la r\u00e9sistance \u00e0 l'humidit\u00e9 ; rev\u00eatements optionnels pour une meilleure \u00e9tanch\u00e9it\u00e9.<\/td>\n<\/tr>\n<tr>\n<td data-col-size=\"md\">Lisse (Bendtsen)<\/td>\n<td data-col-size=\"md\">150 - 300 ml\/min<\/td>\n<td data-col-size=\"md\">ISO 8791-2<\/td>\n<td data-col-size=\"xl\">\u00c9quilibr\u00e9 pour l'imprimabilit\u00e9 et la prise en main ; options simple ou double face.<\/td>\n<\/tr>\n<tr>\n<td data-col-size=\"md\">Luminosit\u00e9<\/td>\n<td data-col-size=\"md\">20 - 25% (\u00e9cru)<\/td>\n<td data-col-size=\"md\">ISO 2470<\/td>\n<td data-col-size=\"xl\">Couleur brune naturelle ; pas d'agents fluorescents pour une s\u00e9curit\u00e9 alimentaire.<\/td>\n<\/tr>\n<tr>\n<td data-col-size=\"md\">Valeur du pH<\/td>\n<td data-col-size=\"md\">6.0 &#8211; 8.0<\/td>\n<td data-col-size=\"md\">ISO 6588<\/td>\n<td data-col-size=\"xl\">Neutre \u00e0 l\u00e9g\u00e8rement alcalin ; assure la long\u00e9vit\u00e9 et la compatibilit\u00e9 avec les encres\/adh\u00e9sifs.<\/td>\n<\/tr>\n<\/tbody>\n<\/table>\n<p dir=\"auto\">Ces param\u00e8tres permettent \u00e0 nos produits de devancer leurs concurrents en offrant des mesures v\u00e9rifiables et performantes qui r\u00e9duisent les taux de d\u00e9faillance dans les cha\u00eenes d'approvisionnement. Pour des exigences personnalis\u00e9es, telles que des variantes rev\u00eatues pour la r\u00e9sistance \u00e0 l'huile et \u00e0 la graisse, contactez-nous pour des solutions sur mesure.<\/p>\n<h2 dir=\"auto\">Applications<\/h2>\n<p dir=\"auto\">Le papier kraft brun vierge excelle dans les sc\u00e9narios B2B polyvalents, r\u00e9pondant aux demandes du march\u00e9 pour des mat\u00e9riaux durables et robustes :<\/p>\n<ul dir=\"auto\">\n<li><strong>Emballage et conditionnement<\/strong>: Id\u00e9al pour les bo\u00eetes en carton ondul\u00e9, l'emballage de protection et le remplissage des espaces vides dans le commerce \u00e9lectronique et la logistique, offrant une protection r\u00e9sistante \u00e0 la d\u00e9chirure pour les marchandises fragiles.<\/li>\n<li><strong>Sacs et sachets industriels<\/strong>: Utilis\u00e9 dans les sacs \u00e0 parois multiples pour les produits chimiques, le ciment et l'agriculture, il tire parti de sa grande r\u00e9sistance \u00e0 l'\u00e9clatement pour supporter des charges lourdes allant jusqu'\u00e0 50 kg.<\/li>\n<li><strong>Applications en contact avec les aliments<\/strong>: Variantes de qualit\u00e9 alimentaire pour les doublures de boulangerie, les sacs d'\u00e9picerie et les emballages pour plats \u00e0 emporter, avec une faible absorption de l'humidit\u00e9 pour prolonger la dur\u00e9e de conservation.<\/li>\n<li><strong>Impression et transformation<\/strong>: Excellente imprimabilit\u00e9 pour les sacs, enveloppes et \u00e9tiquettes de marque ; compatible avec la flexographie et l'impression offset.<\/li>\n<li><strong>Utilisations sp\u00e9cialis\u00e9es<\/strong>: Options absorbantes pour les coussins de refroidissement ou les stratifi\u00e9s d\u00e9coratifs dans l'ameublement ; convient aux march\u00e9s d'exportation exigeant la conformit\u00e9 aux r\u00e9glementations de l'UE et des \u00c9tats-Unis.<\/li>\n<\/ul>\n<h2 dir=\"auto\">D\u00e9tails de l'emballage<\/h2>\n<p dir=\"auto\">Pour garantir l'int\u00e9grit\u00e9 du produit pendant l'exp\u00e9dition internationale :<\/p>\n<ul dir=\"auto\">\n<li><strong>Emballage standard<\/strong>: Rouleaux ou feuilles envelopp\u00e9s dans un film PE avec des protecteurs \u00e0 4 coins, mis en balles sur des palettes en bois robustes (fumig\u00e9es et conformes \u00e0 la norme ISPM 15 pour l'exportation mondiale).<\/li>\n<li><strong>Tailles disponibles<\/strong>: Rouleaux : Largeur &gt;600mm, diam\u00e8tre du noyau 3\u2033 ou 6\u2033 ; Feuilles : 600x900mm, 700x1000mm, 787x1092mm, ou sur mesure.<\/li>\n<li><strong>Capacit\u00e9 de charge<\/strong>: 16-18 tonnes par conteneur de 20 pieds ; 25 tonnes par conteneur de 40 pieds.<\/li>\n<li><strong>Quantit\u00e9 minimale de commande (MOQ)<\/strong>: 5 tonnes pour les qualit\u00e9s standard ; flexible pour les partenariats B2B \u00e0 long terme.<\/li>\n<li><strong>D\u00e9lai d'ex\u00e9cution<\/strong>: 15-25 jours \u00e0 compter de la confirmation de la commande, avec des options logistiques \u00e0 faible \u00e9mission de carbone pour minimiser les \u00e9missions.<\/li>\n<\/ul>\n<p dir=\"auto\">Ces d\u00e9tails optimisent le commerce transfrontalier, r\u00e9duisent les risques de dommages et favorisent une gestion efficace des stocks pour les distributeurs et les fabricants.<\/p>\n<h2 dir=\"auto\">Informations sur la conformit\u00e9<\/h2>\n<p dir=\"auto\">Notre papier kraft brun vierge respecte des normes internationales strictes, v\u00e9rifi\u00e9es par des contr\u00f4les multi-sources, y compris les registres FSC et les audits ISO :<\/p>\n<ul dir=\"auto\">\n<li><strong>Certifications environnementales<\/strong>: FSC (Forest Stewardship Council) et PEFC (Programme for the Endorsement of Forest Certification) - Statut actif tra\u00e7able via fsc.org ou pefc.org ; promeut la sylviculture durable.<\/li>\n<li><strong>Qualit\u00e9 et gestion<\/strong>: ISO 9001:2015 (Qualit\u00e9), ISO 14001:2015 (Environnement), garantissant une production coh\u00e9rente et une r\u00e9duction des d\u00e9chets.<\/li>\n<li><strong>S\u00e9curit\u00e9 alimentaire<\/strong>: Conforme \u00e0 la norme FDA 21 CFR 176.170 pour le contact alimentaire direct (aliments secs) ; r\u00e8glement (CE) n\u00b0 1935\/2004 de l'UE avec d\u00e9claration de conformit\u00e9 (DoC) et tests de migration r\u00e9alis\u00e9s par des laboratoires accr\u00e9dit\u00e9s ISO 17025.<\/li>\n<li><strong>Autres normes<\/strong>: ASTM D-6400 pour la biod\u00e9gradabilit\u00e9 ; conforme \u00e0 la directive RoHS (pas de substances dangereuses) ; sans agents fluorescents pour la s\u00e9curit\u00e9 sanitaire.<\/li>\n<li><strong>V\u00e9rification<\/strong>: Tous les certificats sont disponibles sur demande, avec un champ d'application correspondant aux cat\u00e9gories de produits (par exemple, kraft non blanchi, 65-150 GSM). Audits annuels et cycles de validit\u00e9 de 3 ans.<\/li>\n<\/ul>\n<p dir=\"auto\">Ce cadre de conformit\u00e9 att\u00e9nue les risques r\u00e9glementaires pour les acheteurs internationaux, ce qui leur permet d'acheter en toute confiance sur des march\u00e9s tels que l'Am\u00e9rique du Nord, l'Europe et l'Asie. Pour obtenir des rapports d\u00e9taill\u00e9s de DoC ou d'essais, veuillez nous contacter.<\/p>","protected":false},"excerpt":{"rendered":"<h2 dir=\"auto\">Aper\u00e7u du produit<\/h2>\n<p dir=\"auto\">Le papier kraft brun vierge est un mat\u00e9riau d'emballage de premi\u00e8re qualit\u00e9, non blanchi, fabriqu\u00e9 \u00e0 partir de p\u00e2te de r\u00e9sineux vierge 100% provenant de for\u00eats g\u00e9r\u00e9es de mani\u00e8re responsable. Connu pour sa r\u00e9sistance exceptionnelle, sa durabilit\u00e9 et ses propri\u00e9t\u00e9s \u00e9cologiques, ce papier kraft est id\u00e9al pour les applications B2B exigeantes en mati\u00e8re d'emballage, de conditionnement et d'utilisations industrielles. Gr\u00e2ce \u00e0 sa grande r\u00e9sistance \u00e0 la d\u00e9chirure et \u00e0 sa respirabilit\u00e9 naturelle, il offre une protection fiable tout en respectant les normes mondiales de d\u00e9veloppement durable.<\/p>\n<p dir=\"auto\">Ce produit se distingue sur le march\u00e9 par sa r\u00e9sistance sup\u00e9rieure \u00e0 la traction et son faible impact sur l'environnement, r\u00e9pondant ainsi aux principales pr\u00e9occupations des acheteurs telles que la rentabilit\u00e9, la recyclabilit\u00e9 et la conformit\u00e9 aux r\u00e9glementations internationales. Optimis\u00e9e pour les plateformes telles qu'Alibaba, Global Sources et TradeIndia, cette sp\u00e9cification met en \u00e9vidence les avantages concurrentiels, notamment les plages GSM personnalisables et les certifications v\u00e9rifi\u00e9es, afin de faciliter l'approvisionnement international en toute transparence.<\/p>","protected":false},"featured_media":1606,"template":"","meta":{"site-sidebar-layout":"default","site-content-layout":"","ast-site-content-layout":"default","site-content-style":"default","site-sidebar-style":"default","ast-global-header-display":"","ast-banner-title-visibility":"","ast-main-header-display":"","ast-hfb-above-header-display":"","ast-hfb-below-header-display":"","ast-hfb-mobile-header-display":"","site-post-title":"","ast-breadcrumbs-content":"","ast-featured-img":"","footer-sml-layout":"","theme-transparent-header-meta":"default","adv-header-id-meta":"","stick-header-meta":"","header-above-stick-meta":"","header-main-stick-meta":"","header-below-stick-meta":"","astra-migrate-meta-layouts":"set","ast-page-background-enabled":"default","ast-page-background-meta":{"desktop":{"background-color":"","background-image":"","background-repeat":"repeat","background-position":"center center","background-size":"auto","background-attachment":"scroll","background-type":"","background-media":"","overlay-type":"","overlay-color":"","overlay-opacity":"","overlay-gradient":""},"tablet":{"background-color":"","background-image":"","background-repeat":"repeat","background-position":"center center","background-size":"auto","background-attachment":"scroll","background-type":"","background-media":"","overlay-type":"","overlay-color":"","overlay-opacity":"","overlay-gradient":""},"mobile":{"background-color":"","background-image":"","background-repeat":"repeat","background-position":"center center","background-size":"auto","background-attachment":"scroll","background-type":"","background-media":"","overlay-type":"","overlay-color":"","overlay-opacity":"","overlay-gradient":""}},"ast-content-background-meta":{"desktop":{"background-color":"var(--ast-global-color-5)","background-image":"","background-repeat":"repeat","background-position":"center center","background-size":"auto","background-attachment":"scroll","background-type":"","background-media":"","overlay-type":"","overlay-color":"","overlay-opacity":"","overlay-gradient":""},"tablet":{"background-color":"var(--ast-global-color-5)","background-image":"","background-repeat":"repeat","background-position":"center center","background-size":"auto","background-attachment":"scroll","background-type":"","background-media":"","overlay-type":"","overlay-color":"","overlay-opacity":"","overlay-gradient":""},"mobile":{"background-color":"var(--ast-global-color-5)","background-image":"","background-repeat":"repeat","background-position":"center center","background-size":"auto","background-attachment":"scroll","background-type":"","background-media":"","overlay-type":"","overlay-color":"","overlay-opacity":"","overlay-gradient":""}}},"product_brand":[],"product_cat":[46],"product_tag":[],"class_list":{"0":"post-1036","1":"product","2":"type-product","3":"status-publish","4":"has-post-thumbnail","6":"product_cat-papers","7":"desktop-align-center","8":"tablet-align-center","9":"mobile-align-center","11":"first","12":"instock","13":"shipping-taxable","14":"product-type-simple"},"_links":{"self":[{"href":"https:\/\/copypapersupplier.com\/fr\/wp-json\/wp\/v2\/product\/1036","targetHints":{"allow":["GET"]}}],"collection":[{"href":"https:\/\/copypapersupplier.com\/fr\/wp-json\/wp\/v2\/product"}],"about":[{"href":"https:\/\/copypapersupplier.com\/fr\/wp-json\/wp\/v2\/types\/product"}],"wp:featuredmedia":[{"embeddable":true,"href":"https:\/\/copypapersupplier.com\/fr\/wp-json\/wp\/v2\/media\/1606"}],"wp:attachment":[{"href":"https:\/\/copypapersupplier.com\/fr\/wp-json\/wp\/v2\/media?parent=1036"}],"wp:term":[{"taxonomy":"product_brand","embeddable":true,"href":"https:\/\/copypapersupplier.com\/fr\/wp-json\/wp\/v2\/product_brand?post=1036"},{"taxonomy":"product_cat","embeddable":true,"href":"https:\/\/copypapersupplier.com\/fr\/wp-json\/wp\/v2\/product_cat?post=1036"},{"taxonomy":"product_tag","embeddable":true,"href":"https:\/\/copypapersupplier.com\/fr\/wp-json\/wp\/v2\/product_tag?post=1036"}],"curies":[{"name":"wp","href":"https:\/\/api.w.org\/{rel}","templated":true}]}}