{"id":1021,"date":"2025-10-13T03:06:08","date_gmt":"2025-10-13T03:06:08","guid":{"rendered":"https:\/\/copypapersupplier.com\/?post_type=product&#038;p=1021"},"modified":"2025-10-15T09:30:39","modified_gmt":"2025-10-15T09:30:39","slug":"jk-copier-75-gsm","status":"publish","type":"product","link":"https:\/\/copypapersupplier.com\/fr\/product\/jk-copier-75-gsm\/","title":{"rendered":"JK Copier 75 Gsm"},"content":{"rendered":"<table>\n<thead>\n<tr>\n<th data-col-size=\"xs\">Cat\u00e9gorie<\/th>\n<th data-col-size=\"lg\">Param\u00e8tres<\/th>\n<th data-col-size=\"md\">Valeur<\/th>\n<th data-col-size=\"sm\">Unit\u00e9<\/th>\n<th data-col-size=\"xl\">Notes<\/th>\n<\/tr>\n<\/thead>\n<tbody>\n<tr>\n<td data-col-size=\"xs\"><strong>G\u00e9n\u00e9ral<\/strong><\/td>\n<td data-col-size=\"lg\">Nom du produit<\/td>\n<td data-col-size=\"md\">Copieur JK<\/td>\n<td data-col-size=\"sm\">&#8211;<\/td>\n<td data-col-size=\"xl\">Variantes : Rouge, vert, etc. (focus blanc standard)<\/td>\n<\/tr>\n<tr>\n<td data-col-size=\"xs\"><\/td>\n<td data-col-size=\"lg\">Format du papier<\/td>\n<td data-col-size=\"md\">A4<\/td>\n<td data-col-size=\"sm\">&#8211;<\/td>\n<td data-col-size=\"xl\">210 x 297 mm<\/td>\n<\/tr>\n<tr>\n<td data-col-size=\"xs\"><\/td>\n<td data-col-size=\"lg\">Grammage (GSM)<\/td>\n<td data-col-size=\"md\">75 \u00b1 2,5%<\/td>\n<td data-col-size=\"sm\">g\/m\u00b2<\/td>\n<td data-col-size=\"xl\">Poids standard pour une utilisation polyvalente<\/td>\n<\/tr>\n<tr>\n<td data-col-size=\"xs\"><\/td>\n<td data-col-size=\"lg\">Couleur<\/td>\n<td data-col-size=\"md\">Blanc<\/td>\n<td data-col-size=\"sm\">&#8211;<\/td>\n<td data-col-size=\"xl\">Blanc naturel pour une apparence professionnelle<\/td>\n<\/tr>\n<tr>\n<td data-col-size=\"xs\"><strong>Propri\u00e9t\u00e9s physiques<\/strong><\/td>\n<td data-col-size=\"lg\">Luminosit\u00e9<\/td>\n<td data-col-size=\"md\">94<\/td>\n<td data-col-size=\"sm\">% ISO<\/td>\n<td data-col-size=\"xl\">Garantit des impressions nettes et \u00e9clatantes ; sup\u00e9rieure \u00e0 la norme 90% min de TNPL<\/td>\n<\/tr>\n<tr>\n<td data-col-size=\"xs\"><\/td>\n<td data-col-size=\"lg\">Opacit\u00e9<\/td>\n<td data-col-size=\"md\">93 \u00b1 1%<\/td>\n<td data-col-size=\"sm\">%<\/td>\n<td data-col-size=\"xl\">Permet l'impression recto-verso sans transparences ; comparable au mod\u00e8le 95% de Double A.<\/td>\n<\/tr>\n<tr>\n<td data-col-size=\"xs\"><\/td>\n<td data-col-size=\"lg\">Rugosit\u00e9 (Bendtsen)<\/td>\n<td data-col-size=\"md\">250 max<\/td>\n<td data-col-size=\"sm\">ml\/min<\/td>\n<td data-col-size=\"xl\">Surface lisse pour une alimentation fiable ; meilleure que les concurrents habituels<\/td>\n<\/tr>\n<tr>\n<td data-col-size=\"xs\"><\/td>\n<td data-col-size=\"lg\">Pied \u00e0 coulisse (\u00e9paisseur)<\/td>\n<td data-col-size=\"md\">100 min<\/td>\n<td data-col-size=\"sm\">microns<\/td>\n<td data-col-size=\"xl\">Durabilit\u00e9 sans encombrement<\/td>\n<\/tr>\n<tr>\n<td data-col-size=\"xs\"><\/td>\n<td data-col-size=\"lg\">Teneur en eau<\/td>\n<td data-col-size=\"md\">4.0 \u00b1 0.5<\/td>\n<td data-col-size=\"sm\">%<\/td>\n<td data-col-size=\"xl\">Le niveau bas r\u00e9duit le brouillage ; il est inf\u00e9rieur au maximum de 6% de TNPL et de 5% de Double A.<\/td>\n<\/tr>\n<tr>\n<td data-col-size=\"xs\"><strong>Performance<\/strong><\/td>\n<td data-col-size=\"lg\">Compatibilit\u00e9<\/td>\n<td data-col-size=\"md\">Jet d'encre, Laser, Photocopieur<\/td>\n<td data-col-size=\"sm\">&#8211;<\/td>\n<td data-col-size=\"xl\">Copie \u00e0 grande vitesse jusqu'\u00e0 100 ppm ; technologie sans bourrage<\/td>\n<\/tr>\n<tr>\n<td data-col-size=\"xs\"><\/td>\n<td data-col-size=\"lg\">Technologie<\/td>\n<td data-col-size=\"md\">ColorLok<\/td>\n<td data-col-size=\"sm\">&#8211;<\/td>\n<td data-col-size=\"xl\">Am\u00e9liore l'\u00e9clat des couleurs et la vitesse de s\u00e9chage<\/td>\n<\/tr>\n<tr>\n<td data-col-size=\"xs\"><\/td>\n<td data-col-size=\"lg\">Certification<\/td>\n<td data-col-size=\"md\">BIS IS 14490:2018<\/td>\n<td data-col-size=\"sm\">&#8211;<\/td>\n<td data-col-size=\"xl\">Derni\u00e8re modification des normes de qualit\u00e9<\/td>\n<\/tr>\n<tr>\n<td data-col-size=\"xs\"><strong>Emballage<\/strong><\/td>\n<td data-col-size=\"lg\">Feuilles par ramette<\/td>\n<td data-col-size=\"md\">500<\/td>\n<td data-col-size=\"sm\">Feuilles<\/td>\n<td data-col-size=\"xl\">Taille d'al\u00e9sage standard<\/td>\n<\/tr>\n<tr>\n<td data-col-size=\"xs\"><\/td>\n<td data-col-size=\"lg\">Rames par bo\u00eete<\/td>\n<td data-col-size=\"md\">5-10 (typique)<\/td>\n<td data-col-size=\"sm\">Rames<\/td>\n<td data-col-size=\"xl\">Emballage en vrac pour la vente en gros ; varie selon le fournisseur<\/td>\n<\/tr>\n<tr>\n<td data-col-size=\"xs\"><\/td>\n<td data-col-size=\"lg\">Type d'emballage<\/td>\n<td data-col-size=\"md\">Emball\u00e9 en rame<\/td>\n<td data-col-size=\"sm\">&#8211;<\/td>\n<td data-col-size=\"xl\">R\u00e9sistant \u00e0 l'humidit\u00e9 pour le stockage<\/td>\n<\/tr>\n<\/tbody>\n<\/table>","protected":false},"excerpt":{"rendered":"<h2 dir=\"auto\">Aper\u00e7u du produit<\/h2>\n<p dir=\"auto\">JK Copier 75 GSM est un papier \u00e0 usage multiple de qualit\u00e9 sup\u00e9rieure con\u00e7u pour l'impression et la copie de gros volumes dans les bureaux, \u00e0 la maison et dans les \u00e9tablissements d'enseignement. <span style=\"font-size: 16px;\">Fabriqu\u00e9 par JK Paper Ltd, une marque indienne bien \u00e9tablie qui met l'accent sur la qualit\u00e9 et la fiabilit\u00e9, ce papier est dot\u00e9 de la technologie ColorLok pour une meilleure qualit\u00e9 d'impression, des noirs plus intenses, des couleurs plus vives et des temps de s\u00e9chage plus courts.<\/span><\/p>\n<p dir=\"auto\">Il est certifi\u00e9 BIS (IS 14490:2018) pour sa conformit\u00e9 aux normes indiennes, garantissant une performance sans bourrage dans les machines \u00e0 jet d'encre, laser et photocopieurs.Les principaux arguments de vente comprennent une haute luminosit\u00e9 pour un texte net, une excellente opacit\u00e9 pour l'impression recto-verso, et une faible teneur en humidit\u00e9 pour minimiser l'enroulement et les bourrages.<\/p>","protected":false},"featured_media":1431,"template":"","meta":{"site-sidebar-layout":"default","site-content-layout":"","ast-site-content-layout":"default","site-content-style":"default","site-sidebar-style":"default","ast-global-header-display":"","ast-banner-title-visibility":"","ast-main-header-display":"","ast-hfb-above-header-display":"","ast-hfb-below-header-display":"","ast-hfb-mobile-header-display":"","site-post-title":"","ast-breadcrumbs-content":"","ast-featured-img":"","footer-sml-layout":"","theme-transparent-header-meta":"default","adv-header-id-meta":"","stick-header-meta":"","header-above-stick-meta":"","header-main-stick-meta":"","header-below-stick-meta":"","astra-migrate-meta-layouts":"set","ast-page-background-enabled":"default","ast-page-background-meta":{"desktop":{"background-color":"","background-image":"","background-repeat":"repeat","background-position":"center center","background-size":"auto","background-attachment":"scroll","background-type":"","background-media":"","overlay-type":"","overlay-color":"","overlay-opacity":"","overlay-gradient":""},"tablet":{"background-color":"","background-image":"","background-repeat":"repeat","background-position":"center center","background-size":"auto","background-attachment":"scroll","background-type":"","background-media":"","overlay-type":"","overlay-color":"","overlay-opacity":"","overlay-gradient":""},"mobile":{"background-color":"","background-image":"","background-repeat":"repeat","background-position":"center center","background-size":"auto","background-attachment":"scroll","background-type":"","background-media":"","overlay-type":"","overlay-color":"","overlay-opacity":"","overlay-gradient":""}},"ast-content-background-meta":{"desktop":{"background-color":"var(--ast-global-color-5)","background-image":"","background-repeat":"repeat","background-position":"center center","background-size":"auto","background-attachment":"scroll","background-type":"","background-media":"","overlay-type":"","overlay-color":"","overlay-opacity":"","overlay-gradient":""},"tablet":{"background-color":"var(--ast-global-color-5)","background-image":"","background-repeat":"repeat","background-position":"center center","background-size":"auto","background-attachment":"scroll","background-type":"","background-media":"","overlay-type":"","overlay-color":"","overlay-opacity":"","overlay-gradient":""},"mobile":{"background-color":"var(--ast-global-color-5)","background-image":"","background-repeat":"repeat","background-position":"center center","background-size":"auto","background-attachment":"scroll","background-type":"","background-media":"","overlay-type":"","overlay-color":"","overlay-opacity":"","overlay-gradient":""}}},"product_brand":[],"product_cat":[15],"product_tag":[],"class_list":{"0":"post-1021","1":"product","2":"type-product","3":"status-publish","4":"has-post-thumbnail","6":"product_cat-a4-papers","7":"desktop-align-center","8":"tablet-align-center","9":"mobile-align-center","11":"first","12":"instock","13":"shipping-taxable","14":"product-type-simple"},"_links":{"self":[{"href":"https:\/\/copypapersupplier.com\/fr\/wp-json\/wp\/v2\/product\/1021","targetHints":{"allow":["GET"]}}],"collection":[{"href":"https:\/\/copypapersupplier.com\/fr\/wp-json\/wp\/v2\/product"}],"about":[{"href":"https:\/\/copypapersupplier.com\/fr\/wp-json\/wp\/v2\/types\/product"}],"wp:featuredmedia":[{"embeddable":true,"href":"https:\/\/copypapersupplier.com\/fr\/wp-json\/wp\/v2\/media\/1431"}],"wp:attachment":[{"href":"https:\/\/copypapersupplier.com\/fr\/wp-json\/wp\/v2\/media?parent=1021"}],"wp:term":[{"taxonomy":"product_brand","embeddable":true,"href":"https:\/\/copypapersupplier.com\/fr\/wp-json\/wp\/v2\/product_brand?post=1021"},{"taxonomy":"product_cat","embeddable":true,"href":"https:\/\/copypapersupplier.com\/fr\/wp-json\/wp\/v2\/product_cat?post=1021"},{"taxonomy":"product_tag","embeddable":true,"href":"https:\/\/copypapersupplier.com\/fr\/wp-json\/wp\/v2\/product_tag?post=1021"}],"curies":[{"name":"wp","href":"https:\/\/api.w.org\/{rel}","templated":true}]}}