{"id":1020,"date":"2025-10-13T03:05:34","date_gmt":"2025-10-13T03:05:34","guid":{"rendered":"https:\/\/copypapersupplier.com\/?post_type=product&#038;p=1020"},"modified":"2025-10-15T09:26:14","modified_gmt":"2025-10-15T09:26:14","slug":"papier-rotatrim","status":"publish","type":"product","link":"https:\/\/copypapersupplier.com\/fr\/product\/papier-rotatrim\/","title":{"rendered":"Papier Rotatrim"},"content":{"rendered":"<table>\n<thead>\n<tr>\n<th data-col-size=\"lg\">Param\u00e8tres<\/th>\n<th data-col-size=\"md\">70 g\/m\u00b2.<\/th>\n<th data-col-size=\"md\">75 g\/m\u00b2.<\/th>\n<th data-col-size=\"md\">80 g\/m\u00b2.<\/th>\n<\/tr>\n<\/thead>\n<tbody>\n<tr>\n<td data-col-size=\"lg\">Grammage (g\/m\u00b2)<\/td>\n<td data-col-size=\"md\">70<\/td>\n<td data-col-size=\"md\">75<\/td>\n<td data-col-size=\"md\">80<\/td>\n<\/tr>\n<tr>\n<td data-col-size=\"lg\">\u00c9paisseur (\u00b5m)<\/td>\n<td data-col-size=\"md\">98<\/td>\n<td data-col-size=\"md\">105<\/td>\n<td data-col-size=\"md\">110<\/td>\n<\/tr>\n<tr>\n<td data-col-size=\"lg\">Opacit\u00e9 (%)<\/td>\n<td data-col-size=\"md\">93.8<\/td>\n<td data-col-size=\"md\">95<\/td>\n<td data-col-size=\"md\">95<\/td>\n<\/tr>\n<tr>\n<td data-col-size=\"lg\">CIE Blancheur<\/td>\n<td data-col-size=\"md\">161-167<\/td>\n<td data-col-size=\"md\">161-167<\/td>\n<td data-col-size=\"md\">161-167<\/td>\n<\/tr>\n<tr>\n<td data-col-size=\"lg\">Blancheur (%)<\/td>\n<td data-col-size=\"md\">102-104<\/td>\n<td data-col-size=\"md\">102-104<\/td>\n<td data-col-size=\"md\">102-104<\/td>\n<\/tr>\n<tr>\n<td data-col-size=\"lg\">Taux d'humidit\u00e9 (%)<\/td>\n<td data-col-size=\"md\">4.50<\/td>\n<td data-col-size=\"md\">4.50<\/td>\n<td data-col-size=\"md\">4.50<\/td>\n<\/tr>\n<tr>\n<td data-col-size=\"lg\">Rugosit\u00e9 (ml\/min)<\/td>\n<td data-col-size=\"md\">140 (approximatif)<\/td>\n<td data-col-size=\"md\">140 (approximatif)<\/td>\n<td data-col-size=\"md\">140 (approximatif)<\/td>\n<\/tr>\n<tr>\n<td data-col-size=\"lg\">Composition de la p\u00e2te \u00e0 papier<\/td>\n<td data-col-size=\"md\">100% P\u00e2te de bois vierge<\/td>\n<td data-col-size=\"md\">100% P\u00e2te de bois vierge<\/td>\n<td data-col-size=\"md\">100% P\u00e2te de bois vierge<\/td>\n<\/tr>\n<tr>\n<td data-col-size=\"lg\">Capacit\u00e9s<\/td>\n<td data-col-size=\"md\">Copie \u00e0 grande vitesse (100 ppm), laser, jet d'encre, fax, impression recto-verso<\/td>\n<td data-col-size=\"md\">Identique \u00e0 70 g\/m\u00b2.<\/td>\n<td data-col-size=\"md\">Identique \u00e0 70 g\/m\u00b2.<\/td>\n<\/tr>\n<\/tbody>\n<\/table>\n<h2 dir=\"auto\">Domaines d'application<\/h2>\n<ul dir=\"auto\">\n<li>Impression et copie de documents, de rapports et de propositions.<\/li>\n<li>Des pr\u00e9sentations, des en-t\u00eates de lettres et des rapports de gestion de haute qualit\u00e9.<\/li>\n<li>Convient aux photocopieurs, aux imprimantes laser et aux imprimantes \u00e0 jet d'encre pour une utilisation en noir\/blanc et en couleur.<\/li>\n<li>Id\u00e9al pour les environnements domestiques et professionnels n\u00e9cessitant une performance fiable et sans bourrage.<\/li>\n<\/ul>\n<h2 dir=\"auto\">Informations sur l'emballage<\/h2>\n<ul dir=\"auto\">\n<li>Format de la feuille : A4 (210 mm x 297 mm) ou A3 (297 mm x 420 mm) selon les normes internationales ISO.<\/li>\n<li>Feuilles par ramette : 500.<\/li>\n<li>Rames par bo\u00eete : 5.<\/li>\n<li>Nombre total de feuilles par bo\u00eete : 2 500.<\/li>\n<li>Emballage con\u00e7u pour r\u00e9pondre aux normes internationales de transport, assurant la protection pendant l'exp\u00e9dition et le stockage.<\/li>\n<\/ul>\n<h2 dir=\"auto\">Conformit\u00e9 et normes<\/h2>\n<ul dir=\"auto\">\n<li>Conforme \u00e0 la norme ISO 9706 pour la permanence des archives.<\/li>\n<li>Fabriqu\u00e9 selon les normes ISO 9001 (gestion de la qualit\u00e9), ISO 14001 (gestion de l'environnement) et ISO 18001 (sant\u00e9 et s\u00e9curit\u00e9 au travail).<\/li>\n<li>Certifi\u00e9 FSC pour des pratiques foresti\u00e8res durables.<\/li>\n<\/ul>","protected":false},"excerpt":{"rendered":"<h2 dir=\"auto\">Description du produit<\/h2>\n<p dir=\"auto\">Le papier de bureau Rotatrim est un papier de bureau non couch\u00e9, polyvalent et de qualit\u00e9 sup\u00e9rieure, con\u00e7u pour des performances \u00e9lev\u00e9es en mati\u00e8re d'impression et de copie. Il se caract\u00e9rise par une blancheur et une opacit\u00e9 \u00e9lev\u00e9es pour des textes et des graphiques nets et pr\u00e9cis, un excellent bouffant pour un toucher \u00e9pais et une surface lisse pour garantir d'excellentes performances sur une grande vari\u00e9t\u00e9 d'appareils. Fabriqu\u00e9 \u00e0 partir de p\u00e2te de bois vierge 100%, il prend en charge l'impression recto-verso et est compatible avec un fonctionnement \u00e0 grande vitesse, ce qui le rend id\u00e9al pour les applications professionnelles B2B.<\/p>\n<h2 dir=\"auto\">Caract\u00e9ristiques principales<\/h2>\n<ul dir=\"auto\">\n<li>Blancheur \u00e9lev\u00e9e (CIE 161-167) pour une clart\u00e9 et un contraste sup\u00e9rieurs dans les graphiques et le texte.<\/li>\n<li>Haute opacit\u00e9 pour minimiser la transparence lors de l'impression recto-verso.<\/li>\n<li>Surface lisse et faible teneur en poussi\u00e8re pour des performances sans bourrage et une usure r\u00e9duite des \u00e9quipements.<\/li>\n<li>Excellent volume et texture pour une sensation de qualit\u00e9 sup\u00e9rieure sans compromettre la capacit\u00e9 de course.<\/li>\n<li>Approvisionnement durable dans le cadre de la gamme verte de Mondi.<\/li>\n<\/ul>\n<p dir=\"auto\">","protected":false},"featured_media":1438,"template":"","meta":{"site-sidebar-layout":"default","site-content-layout":"","ast-site-content-layout":"default","site-content-style":"default","site-sidebar-style":"default","ast-global-header-display":"","ast-banner-title-visibility":"","ast-main-header-display":"","ast-hfb-above-header-display":"","ast-hfb-below-header-display":"","ast-hfb-mobile-header-display":"","site-post-title":"","ast-breadcrumbs-content":"","ast-featured-img":"","footer-sml-layout":"","theme-transparent-header-meta":"default","adv-header-id-meta":"","stick-header-meta":"","header-above-stick-meta":"","header-main-stick-meta":"","header-below-stick-meta":"","astra-migrate-meta-layouts":"set","ast-page-background-enabled":"default","ast-page-background-meta":{"desktop":{"background-color":"","background-image":"","background-repeat":"repeat","background-position":"center center","background-size":"auto","background-attachment":"scroll","background-type":"","background-media":"","overlay-type":"","overlay-color":"","overlay-opacity":"","overlay-gradient":""},"tablet":{"background-color":"","background-image":"","background-repeat":"repeat","background-position":"center center","background-size":"auto","background-attachment":"scroll","background-type":"","background-media":"","overlay-type":"","overlay-color":"","overlay-opacity":"","overlay-gradient":""},"mobile":{"background-color":"","background-image":"","background-repeat":"repeat","background-position":"center center","background-size":"auto","background-attachment":"scroll","background-type":"","background-media":"","overlay-type":"","overlay-color":"","overlay-opacity":"","overlay-gradient":""}},"ast-content-background-meta":{"desktop":{"background-color":"var(--ast-global-color-5)","background-image":"","background-repeat":"repeat","background-position":"center center","background-size":"auto","background-attachment":"scroll","background-type":"","background-media":"","overlay-type":"","overlay-color":"","overlay-opacity":"","overlay-gradient":""},"tablet":{"background-color":"var(--ast-global-color-5)","background-image":"","background-repeat":"repeat","background-position":"center center","background-size":"auto","background-attachment":"scroll","background-type":"","background-media":"","overlay-type":"","overlay-color":"","overlay-opacity":"","overlay-gradient":""},"mobile":{"background-color":"var(--ast-global-color-5)","background-image":"","background-repeat":"repeat","background-position":"center center","background-size":"auto","background-attachment":"scroll","background-type":"","background-media":"","overlay-type":"","overlay-color":"","overlay-opacity":"","overlay-gradient":""}}},"product_brand":[],"product_cat":[15],"product_tag":[],"class_list":{"0":"post-1020","1":"product","2":"type-product","3":"status-publish","4":"has-post-thumbnail","6":"product_cat-a4-papers","7":"desktop-align-center","8":"tablet-align-center","9":"mobile-align-center","11":"first","12":"instock","13":"shipping-taxable","14":"product-type-simple"},"_links":{"self":[{"href":"https:\/\/copypapersupplier.com\/fr\/wp-json\/wp\/v2\/product\/1020","targetHints":{"allow":["GET"]}}],"collection":[{"href":"https:\/\/copypapersupplier.com\/fr\/wp-json\/wp\/v2\/product"}],"about":[{"href":"https:\/\/copypapersupplier.com\/fr\/wp-json\/wp\/v2\/types\/product"}],"wp:featuredmedia":[{"embeddable":true,"href":"https:\/\/copypapersupplier.com\/fr\/wp-json\/wp\/v2\/media\/1438"}],"wp:attachment":[{"href":"https:\/\/copypapersupplier.com\/fr\/wp-json\/wp\/v2\/media?parent=1020"}],"wp:term":[{"taxonomy":"product_brand","embeddable":true,"href":"https:\/\/copypapersupplier.com\/fr\/wp-json\/wp\/v2\/product_brand?post=1020"},{"taxonomy":"product_cat","embeddable":true,"href":"https:\/\/copypapersupplier.com\/fr\/wp-json\/wp\/v2\/product_cat?post=1020"},{"taxonomy":"product_tag","embeddable":true,"href":"https:\/\/copypapersupplier.com\/fr\/wp-json\/wp\/v2\/product_tag?post=1020"}],"curies":[{"name":"wp","href":"https:\/\/api.w.org\/{rel}","templated":true}]}}