{"id":1027,"date":"2025-10-13T03:11:21","date_gmt":"2025-10-13T03:11:21","guid":{"rendered":"https:\/\/copypapersupplier.com\/?post_type=product&#038;p=1027"},"modified":"2025-10-15T08:04:06","modified_gmt":"2025-10-15T08:04:06","slug":"papel-doble-a-a4","status":"publish","type":"product","link":"https:\/\/copypapersupplier.com\/es_es\/product\/papel-doble-a-a4\/","title":{"rendered":"Papel A4 Doble A"},"content":{"rendered":"<h2 dir=\"auto\">Especificaciones t\u00e9cnicas<\/h2>\n<p dir=\"auto\">La siguiente tabla organiza los par\u00e1metros b\u00e1sicos por categor\u00edas, priorizados por relevancia B2B (por ejemplo, las dimensiones y el peso en primer lugar para las comprobaciones de compatibilidad). Los datos cumplen las normas ISO y est\u00e1n unificados en unidades m\u00e9tricas.<\/p>\n<table>\n<thead>\n<tr>\n<th data-col-size=\"lg\">Categor\u00eda de par\u00e1metros<\/th>\n<th data-col-size=\"lg\">Par\u00e1metro espec\u00edfico<\/th>\n<th data-col-size=\"md\">Valor\/Descripci\u00f3n<\/th>\n<th data-col-size=\"sm\">Unidad<\/th>\n<th data-col-size=\"xl\">Notas\/Fuente<\/th>\n<\/tr>\n<\/thead>\n<tbody>\n<tr>\n<td data-col-size=\"lg\"><strong>Dimensiones y formato<\/strong><\/td>\n<td data-col-size=\"lg\">Talla<\/td>\n<td data-col-size=\"md\">210 x 297<\/td>\n<td data-col-size=\"sm\">mm<\/td>\n<td data-col-size=\"xl\">Formato est\u00e1ndar ISO 216 A4; equivalente a 8,27 x 11,69 pulgadas. Se adapta a todas las impresoras y copiadoras compatibles con A4.<\/td>\n<\/tr>\n<tr>\n<td data-col-size=\"lg\"><strong>Peso y grosor<\/strong><\/td>\n<td data-col-size=\"lg\">Gramaje (peso base)<\/td>\n<td data-col-size=\"md\">80<\/td>\n<td data-col-size=\"sm\">g\/m<\/td>\n<td data-col-size=\"xl\">Peso medio para una durabilidad y capacidad de avance equilibradas; evita el rizado en dispositivos de alta velocidad.<\/td>\n<\/tr>\n<tr>\n<td data-col-size=\"lg\"><\/td>\n<td data-col-size=\"lg\">Espesor<\/td>\n<td data-col-size=\"md\">110<\/td>\n<td data-col-size=\"sm\">\u00b5m<\/td>\n<td data-col-size=\"xl\">Garantiza una manipulaci\u00f3n homog\u00e9nea; probado seg\u00fan la norma ISO 534.<\/td>\n<\/tr>\n<tr>\n<td data-col-size=\"lg\"><strong>Propiedades \u00f3pticas<\/strong><\/td>\n<td data-col-size=\"lg\">Brillo (ISO)<\/td>\n<td data-col-size=\"md\">102-104<\/td>\n<td data-col-size=\"sm\">%<\/td>\n<td data-col-size=\"xl\">Alto valor para la reproducci\u00f3n de colores vivos e impresiones monocromas n\u00edtidas; medici\u00f3n D65 seg\u00fan ISO 2470.<\/td>\n<\/tr>\n<tr>\n<td data-col-size=\"lg\"><\/td>\n<td data-col-size=\"lg\">Blancura (CIE)<\/td>\n<td data-col-size=\"md\">167<\/td>\n<td data-col-size=\"sm\">%<\/td>\n<td data-col-size=\"xl\">Blancura superior para un contraste profesional; seg\u00fan ISO 11475.<\/td>\n<\/tr>\n<tr>\n<td data-col-size=\"lg\"><\/td>\n<td data-col-size=\"lg\">Opacidad<\/td>\n<td data-col-size=\"md\">&gt;94 (normalmente 95)<\/td>\n<td data-col-size=\"sm\">%<\/td>\n<td data-col-size=\"xl\">Evita las transparencias en la impresi\u00f3n a doble cara; seg\u00fan ISO 2471.<\/td>\n<\/tr>\n<tr>\n<td data-col-size=\"lg\"><strong>Superficie y rendimiento<\/strong><\/td>\n<td data-col-size=\"lg\">Rugosidad (Bendtsen)<\/td>\n<td data-col-size=\"md\">140 (rango 75-150)<\/td>\n<td data-col-size=\"sm\">ml\/min<\/td>\n<td data-col-size=\"xl\">La superficie lisa minimiza la dispersi\u00f3n de t\u00f3ner\/tinta y el polvo; seg\u00fan ISO 8791.<\/td>\n<\/tr>\n<tr>\n<td data-col-size=\"lg\"><\/td>\n<td data-col-size=\"lg\">Rigidez (MD\/CD)<\/td>\n<td data-col-size=\"md\">&gt;110 \/ &gt;50<\/td>\n<td data-col-size=\"sm\">%<\/td>\n<td data-col-size=\"xl\">Mantiene la planitud tras la impresi\u00f3n; seg\u00fan ISO 2493-1.<\/td>\n<\/tr>\n<tr>\n<td data-col-size=\"lg\"><\/td>\n<td data-col-size=\"lg\">Contenido de humedad<\/td>\n<td data-col-size=\"md\">Controlado (normalmente 4-6%)<\/td>\n<td data-col-size=\"sm\">%<\/td>\n<td data-col-size=\"xl\">Reduce los atascos y mejora el funcionamiento en entornos h\u00famedos.<\/td>\n<\/tr>\n<tr>\n<td data-col-size=\"lg\"><strong>Material y composici\u00f3n<\/strong><\/td>\n<td data-col-size=\"lg\">Tipo de pasta<\/td>\n<td data-col-size=\"md\">100% Pasta de madera virgen<\/td>\n<td data-col-size=\"sm\">&#8211;<\/td>\n<td data-col-size=\"xl\">De \u00e1rboles h\u00edbridos de frondosas (Paper-Tree); sin contenido reciclado para una calidad superior.<\/td>\n<\/tr>\n<tr>\n<td data-col-size=\"lg\"><\/td>\n<td data-col-size=\"lg\">Color<\/td>\n<td data-col-size=\"md\">Blanco<\/td>\n<td data-col-size=\"sm\">&#8211;<\/td>\n<td data-col-size=\"xl\">Tono uniforme para un rendimiento constante.<\/td>\n<\/tr>\n<\/tbody>\n<\/table>\n<h2 dir=\"auto\">Normas de calidad y certificaciones<\/h2>\n<ul dir=\"auto\">\n<li><strong>Normas de fabricaci\u00f3n<\/strong>: Producido de conformidad con las normas ISO 9001:2008 (gesti\u00f3n de la calidad) e ISO 14001:2004 (gesti\u00f3n medioambiental). Garantiza una calidad constante y un impacto medioambiental m\u00ednimo.<\/li>\n<li><strong>Cumplimiento de la normativa medioambiental<\/strong>: Procede de plantaciones cultivadas de forma sostenible; evita la deforestaci\u00f3n, los OMG y las violaciones de derechos. Disponible la variante \"Etiqueta Verde\" para una mayor certificaci\u00f3n ecol\u00f3gica.<\/li>\n<li><strong>Garant\u00edas de cumplimiento<\/strong>: Sin atascos en fotocopiadoras, impresoras l\u00e1ser\/de inyecci\u00f3n de tinta y faxes; sin doble alimentaci\u00f3n ni residuos de polvo; plano despu\u00e9s de copiar. Probado para uso omnidireccional y compatibilidad con preimpresi\u00f3n offset.<\/li>\n<\/ul>\n<h2 dir=\"auto\">Caracter\u00edsticas de aplicaci\u00f3n y valor en diferentes industrias<\/h2>\n<p dir=\"auto\">El papel A4 Doble A destaca en escenarios B2B que requieren una impresi\u00f3n de alta eficiencia, con aplicaciones vers\u00e1tiles en todos los sectores:<\/p>\n<ul dir=\"auto\">\n<li><strong>Oficinas y uso administrativo<\/strong>: Ideal para informes, notas y documentos internos; admite impresi\u00f3n d\u00faplex de gran volumen (hasta 500 hojas por flujo), lo que reduce los costes al minimizar los residuos y el tiempo de inactividad.<\/li>\n<li><strong>Impresi\u00f3n y edici\u00f3n<\/strong>: Suavidad y opacidad superiores para materiales con muchos gr\u00e1ficos, como folletos y presentaciones; compatible con equipos profesionales (p. ej., Xerox, Canon, Ricoh).<\/li>\n<li><strong>Educaci\u00f3n y formaci\u00f3n<\/strong>: Duradero para folletos y manuales; su alto grado de blancura garantiza la legibilidad del texto en paquetes educativos.<\/li>\n<li><strong>Comercio minorista y distribuci\u00f3n<\/strong>: El envasado a granel (5 resmas\/caja; 7800-8000 resmas\/20 pies de contenedor) facilita la log\u00edstica al por mayor; cajas f\u00e1ciles de usar con asas para facilitar su manipulaci\u00f3n en los almacenes.<\/li>\n<li><strong>Propuesta de valor<\/strong>: Mejora la eficacia de la adquisici\u00f3n al ofrecer una mayor vida \u00fatil de la m\u00e1quina (poco polvo), ahorro de costes (capacidad de impresi\u00f3n a doble cara) y ventaja competitiva gracias a una calidad de impresi\u00f3n superior, lo que la convierte en la opci\u00f3n preferida de exportadores, distribuidores y compradores corporativos que buscan proveedores fiables.<\/li>\n<\/ul>","protected":false},"excerpt":{"rendered":"<h2 dir=\"auto\">Productos<\/h2>\n<p dir=\"auto\">El papel A4 Doble A es un papel de copia multiuso de alta calidad fabricado con pasta de madera virgen 100% procedente de \u00e1rboles cultivados de forma sostenible. Est\u00e1 dise\u00f1ado para un rendimiento sin atascos en la impresi\u00f3n y copia de grandes vol\u00famenes, y ofrece una suavidad, brillo y opacidad superiores para obtener resultados profesionales. Esta variante (Premium 80 g\/m\u00b2) es ideal para aplicaciones B2B en oficinas, servicios de impresi\u00f3n y documentaci\u00f3n corporativa, donde la fiabilidad y la calidad de impresi\u00f3n repercuten directamente en la eficacia operativa.<\/p>\n<p dir=\"auto\">Ventajas clave frente a la competencia (por ejemplo, HP Office20 con 94% de brillo o Navigator con gsm similares):<\/p>\n<ul dir=\"auto\">\n<li>Mayor brillo (102-104%) y blancura (CIE 167) para textos y gr\u00e1ficos m\u00e1s n\u00edtidos.<\/li>\n<li>Opacidad mejorada (&gt;94%) que permite una impresi\u00f3n a doble cara impecable, reduciendo el uso de papel hasta en 50%.<\/li>\n<li>Una producci\u00f3n respetuosa con el medio ambiente y de menor impacto ambiental, atractiva para los compradores preocupados por la sostenibilidad.<\/li>\n<\/ul>","protected":false},"featured_media":1424,"template":"","meta":{"site-sidebar-layout":"default","site-content-layout":"","ast-site-content-layout":"default","site-content-style":"default","site-sidebar-style":"default","ast-global-header-display":"","ast-banner-title-visibility":"","ast-main-header-display":"","ast-hfb-above-header-display":"","ast-hfb-below-header-display":"","ast-hfb-mobile-header-display":"","site-post-title":"","ast-breadcrumbs-content":"","ast-featured-img":"","footer-sml-layout":"","theme-transparent-header-meta":"default","adv-header-id-meta":"","stick-header-meta":"","header-above-stick-meta":"","header-main-stick-meta":"","header-below-stick-meta":"","astra-migrate-meta-layouts":"set","ast-page-background-enabled":"default","ast-page-background-meta":{"desktop":{"background-color":"","background-image":"","background-repeat":"repeat","background-position":"center center","background-size":"auto","background-attachment":"scroll","background-type":"","background-media":"","overlay-type":"","overlay-color":"","overlay-opacity":"","overlay-gradient":""},"tablet":{"background-color":"","background-image":"","background-repeat":"repeat","background-position":"center center","background-size":"auto","background-attachment":"scroll","background-type":"","background-media":"","overlay-type":"","overlay-color":"","overlay-opacity":"","overlay-gradient":""},"mobile":{"background-color":"","background-image":"","background-repeat":"repeat","background-position":"center center","background-size":"auto","background-attachment":"scroll","background-type":"","background-media":"","overlay-type":"","overlay-color":"","overlay-opacity":"","overlay-gradient":""}},"ast-content-background-meta":{"desktop":{"background-color":"var(--ast-global-color-5)","background-image":"","background-repeat":"repeat","background-position":"center center","background-size":"auto","background-attachment":"scroll","background-type":"","background-media":"","overlay-type":"","overlay-color":"","overlay-opacity":"","overlay-gradient":""},"tablet":{"background-color":"var(--ast-global-color-5)","background-image":"","background-repeat":"repeat","background-position":"center center","background-size":"auto","background-attachment":"scroll","background-type":"","background-media":"","overlay-type":"","overlay-color":"","overlay-opacity":"","overlay-gradient":""},"mobile":{"background-color":"var(--ast-global-color-5)","background-image":"","background-repeat":"repeat","background-position":"center center","background-size":"auto","background-attachment":"scroll","background-type":"","background-media":"","overlay-type":"","overlay-color":"","overlay-opacity":"","overlay-gradient":""}}},"product_brand":[],"product_cat":[15],"product_tag":[],"class_list":{"0":"post-1027","1":"product","2":"type-product","3":"status-publish","4":"has-post-thumbnail","6":"product_cat-a4-papers","7":"desktop-align-center","8":"tablet-align-center","9":"mobile-align-center","11":"first","12":"instock","13":"featured","14":"shipping-taxable","15":"product-type-simple"},"_links":{"self":[{"href":"https:\/\/copypapersupplier.com\/es_es\/wp-json\/wp\/v2\/product\/1027","targetHints":{"allow":["GET"]}}],"collection":[{"href":"https:\/\/copypapersupplier.com\/es_es\/wp-json\/wp\/v2\/product"}],"about":[{"href":"https:\/\/copypapersupplier.com\/es_es\/wp-json\/wp\/v2\/types\/product"}],"wp:featuredmedia":[{"embeddable":true,"href":"https:\/\/copypapersupplier.com\/es_es\/wp-json\/wp\/v2\/media\/1424"}],"wp:attachment":[{"href":"https:\/\/copypapersupplier.com\/es_es\/wp-json\/wp\/v2\/media?parent=1027"}],"wp:term":[{"taxonomy":"product_brand","embeddable":true,"href":"https:\/\/copypapersupplier.com\/es_es\/wp-json\/wp\/v2\/product_brand?post=1027"},{"taxonomy":"product_cat","embeddable":true,"href":"https:\/\/copypapersupplier.com\/es_es\/wp-json\/wp\/v2\/product_cat?post=1027"},{"taxonomy":"product_tag","embeddable":true,"href":"https:\/\/copypapersupplier.com\/es_es\/wp-json\/wp\/v2\/product_tag?post=1027"}],"curies":[{"name":"wp","href":"https:\/\/api.w.org\/{rel}","templated":true}]}}