{"id":1021,"date":"2025-10-13T03:06:08","date_gmt":"2025-10-13T03:06:08","guid":{"rendered":"https:\/\/copypapersupplier.com\/?post_type=product&#038;p=1021"},"modified":"2025-10-15T09:30:39","modified_gmt":"2025-10-15T09:30:39","slug":"copiadora-jk-75-gsm","status":"publish","type":"product","link":"https:\/\/copypapersupplier.com\/es_do\/product\/copiadora-jk-75-gsm\/","title":{"rendered":"Copiadora JK 75 Gsm"},"content":{"rendered":"<table>\n<thead>\n<tr>\n<th data-col-size=\"xs\">Categor\u00eda<\/th>\n<th data-col-size=\"lg\">Par\u00e1metro<\/th>\n<th data-col-size=\"md\">Valor<\/th>\n<th data-col-size=\"sm\">Unidad<\/th>\n<th data-col-size=\"xl\">Notas<\/th>\n<\/tr>\n<\/thead>\n<tbody>\n<tr>\n<td data-col-size=\"xs\"><strong>General<\/strong><\/td>\n<td data-col-size=\"lg\">Nombre del producto<\/td>\n<td data-col-size=\"md\">Copiadora JK<\/td>\n<td data-col-size=\"sm\">&#8211;<\/td>\n<td data-col-size=\"xl\">Variantes: Rojo, Verde, etc. (enfoque blanco est\u00e1ndar)<\/td>\n<\/tr>\n<tr>\n<td data-col-size=\"xs\"><\/td>\n<td data-col-size=\"lg\">Tama\u00f1o del papel<\/td>\n<td data-col-size=\"md\">A4<\/td>\n<td data-col-size=\"sm\">&#8211;<\/td>\n<td data-col-size=\"xl\">210 x 297 mm<\/td>\n<\/tr>\n<tr>\n<td data-col-size=\"xs\"><\/td>\n<td data-col-size=\"lg\">Gramaje (GSM)<\/td>\n<td data-col-size=\"md\">75 \u00b1 2,5%<\/td>\n<td data-col-size=\"sm\">g\/m<\/td>\n<td data-col-size=\"xl\">Peso est\u00e1ndar para uso polivalente<\/td>\n<\/tr>\n<tr>\n<td data-col-size=\"xs\"><\/td>\n<td data-col-size=\"lg\">Color<\/td>\n<td data-col-size=\"md\">Blanco<\/td>\n<td data-col-size=\"sm\">&#8211;<\/td>\n<td data-col-size=\"xl\">Blanco natural para un aspecto profesional<\/td>\n<\/tr>\n<tr>\n<td data-col-size=\"xs\"><strong>Propiedades f\u00edsicas<\/strong><\/td>\n<td data-col-size=\"lg\">Luminosidad<\/td>\n<td data-col-size=\"md\">94<\/td>\n<td data-col-size=\"sm\">% ISO<\/td>\n<td data-col-size=\"xl\">Garantiza impresiones n\u00edtidas y vibrantes; superior a la 90% min de TNPL<\/td>\n<\/tr>\n<tr>\n<td data-col-size=\"xs\"><\/td>\n<td data-col-size=\"lg\">Opacidad<\/td>\n<td data-col-size=\"md\">93 \u00b1 1%<\/td>\n<td data-col-size=\"sm\">%<\/td>\n<td data-col-size=\"xl\">Admite la impresi\u00f3n a doble cara sin transparencias; comparable a la 95% de Double A.<\/td>\n<\/tr>\n<tr>\n<td data-col-size=\"xs\"><\/td>\n<td data-col-size=\"lg\">Rugosidad (Bendtsen)<\/td>\n<td data-col-size=\"md\">250 m\u00e1x.<\/td>\n<td data-col-size=\"sm\">ml\/min<\/td>\n<td data-col-size=\"xl\">Superficie lisa para una alimentaci\u00f3n fiable; mejor que la de los competidores t\u00edpicos<\/td>\n<\/tr>\n<tr>\n<td data-col-size=\"xs\"><\/td>\n<td data-col-size=\"lg\">Calibre (Espesor)<\/td>\n<td data-col-size=\"md\">100 min<\/td>\n<td data-col-size=\"sm\">micras<\/td>\n<td data-col-size=\"xl\">Proporciona durabilidad sin abultar<\/td>\n<\/tr>\n<tr>\n<td data-col-size=\"xs\"><\/td>\n<td data-col-size=\"lg\">Contenido de humedad<\/td>\n<td data-col-size=\"md\">4.0 \u00b1 0.5<\/td>\n<td data-col-size=\"sm\">%<\/td>\n<td data-col-size=\"xl\">El nivel bajo reduce las interferencias; inferior al m\u00e1ximo de 6% de TNPL y 5% de Double A.<\/td>\n<\/tr>\n<tr>\n<td data-col-size=\"xs\"><strong>Rendimiento<\/strong><\/td>\n<td data-col-size=\"lg\">Compatibilidad<\/td>\n<td data-col-size=\"md\">Inyecci\u00f3n de tinta, l\u00e1ser, fotocopiadora<\/td>\n<td data-col-size=\"sm\">&#8211;<\/td>\n<td data-col-size=\"xl\">Copiado a alta velocidad de hasta 100 ppm; tecnolog\u00eda sin atascos<\/td>\n<\/tr>\n<tr>\n<td data-col-size=\"xs\"><\/td>\n<td data-col-size=\"lg\">Tecnolog\u00eda<\/td>\n<td data-col-size=\"md\">ColorLok<\/td>\n<td data-col-size=\"sm\">&#8211;<\/td>\n<td data-col-size=\"xl\">Mejora la intensidad del color y la velocidad de secado<\/td>\n<\/tr>\n<tr>\n<td data-col-size=\"xs\"><\/td>\n<td data-col-size=\"lg\">Certificaci\u00f3n<\/td>\n<td data-col-size=\"md\">BIS IS 14490:2018<\/td>\n<td data-col-size=\"sm\">&#8211;<\/td>\n<td data-col-size=\"xl\">\u00daltima modificaci\u00f3n de las normas de calidad<\/td>\n<\/tr>\n<tr>\n<td data-col-size=\"xs\"><strong>Embalaje<\/strong><\/td>\n<td data-col-size=\"lg\">Hojas por resma<\/td>\n<td data-col-size=\"md\">500<\/td>\n<td data-col-size=\"sm\">Hojas<\/td>\n<td data-col-size=\"xl\">Tama\u00f1o de resma est\u00e1ndar<\/td>\n<\/tr>\n<tr>\n<td data-col-size=\"xs\"><\/td>\n<td data-col-size=\"lg\">Resmas por caja<\/td>\n<td data-col-size=\"md\">5-10 (t\u00edpico)<\/td>\n<td data-col-size=\"sm\">Resmas<\/td>\n<td data-col-size=\"xl\">Envasado a granel para la venta al por mayor; var\u00eda seg\u00fan el proveedor<\/td>\n<\/tr>\n<tr>\n<td data-col-size=\"xs\"><\/td>\n<td data-col-size=\"lg\">Tipo de envase<\/td>\n<td data-col-size=\"md\">Envuelto en resma<\/td>\n<td data-col-size=\"sm\">&#8211;<\/td>\n<td data-col-size=\"xl\">A prueba de humedad para el almacenamiento<\/td>\n<\/tr>\n<\/tbody>\n<\/table>","protected":false},"excerpt":{"rendered":"<h2 dir=\"auto\">Productos<\/h2>\n<p dir=\"auto\">JK Copier 75 GSM es un papel de copia multiuso de calidad superior dise\u00f1ado para la impresi\u00f3n y copia de grandes vol\u00famenes en entornos de oficina, dom\u00e9sticos y educativos. <span style=\"font-size: 16px;\">Fabricado por JK Paper Ltd., una consolidada marca india centrada en la calidad y la fiabilidad, este papel incorpora la tecnolog\u00eda ColorLok para mejorar la calidad de impresi\u00f3n, ofreciendo negros m\u00e1s intensos, colores vivos y tiempos de secado m\u00e1s r\u00e1pidos.<\/span><\/p>\n<p dir=\"auto\">Cuenta con la certificaci\u00f3n BIS (IS 14490:2018) para el cumplimiento de las normas indias, lo que garantiza un rendimiento sin atascos en m\u00e1quinas de inyecci\u00f3n de tinta, l\u00e1ser y fotocopiadoras.Los puntos clave de venta incluyen un alto brillo para un texto n\u00edtido, una excelente opacidad para la impresi\u00f3n a doble cara y un bajo contenido de humedad para minimizar el rizado y los atascos.<\/p>","protected":false},"featured_media":1431,"template":"","meta":{"site-sidebar-layout":"default","site-content-layout":"","ast-site-content-layout":"default","site-content-style":"default","site-sidebar-style":"default","ast-global-header-display":"","ast-banner-title-visibility":"","ast-main-header-display":"","ast-hfb-above-header-display":"","ast-hfb-below-header-display":"","ast-hfb-mobile-header-display":"","site-post-title":"","ast-breadcrumbs-content":"","ast-featured-img":"","footer-sml-layout":"","theme-transparent-header-meta":"default","adv-header-id-meta":"","stick-header-meta":"","header-above-stick-meta":"","header-main-stick-meta":"","header-below-stick-meta":"","astra-migrate-meta-layouts":"set","ast-page-background-enabled":"default","ast-page-background-meta":{"desktop":{"background-color":"","background-image":"","background-repeat":"repeat","background-position":"center center","background-size":"auto","background-attachment":"scroll","background-type":"","background-media":"","overlay-type":"","overlay-color":"","overlay-opacity":"","overlay-gradient":""},"tablet":{"background-color":"","background-image":"","background-repeat":"repeat","background-position":"center center","background-size":"auto","background-attachment":"scroll","background-type":"","background-media":"","overlay-type":"","overlay-color":"","overlay-opacity":"","overlay-gradient":""},"mobile":{"background-color":"","background-image":"","background-repeat":"repeat","background-position":"center center","background-size":"auto","background-attachment":"scroll","background-type":"","background-media":"","overlay-type":"","overlay-color":"","overlay-opacity":"","overlay-gradient":""}},"ast-content-background-meta":{"desktop":{"background-color":"var(--ast-global-color-5)","background-image":"","background-repeat":"repeat","background-position":"center center","background-size":"auto","background-attachment":"scroll","background-type":"","background-media":"","overlay-type":"","overlay-color":"","overlay-opacity":"","overlay-gradient":""},"tablet":{"background-color":"var(--ast-global-color-5)","background-image":"","background-repeat":"repeat","background-position":"center center","background-size":"auto","background-attachment":"scroll","background-type":"","background-media":"","overlay-type":"","overlay-color":"","overlay-opacity":"","overlay-gradient":""},"mobile":{"background-color":"var(--ast-global-color-5)","background-image":"","background-repeat":"repeat","background-position":"center center","background-size":"auto","background-attachment":"scroll","background-type":"","background-media":"","overlay-type":"","overlay-color":"","overlay-opacity":"","overlay-gradient":""}}},"product_brand":[],"product_cat":[15],"product_tag":[],"class_list":{"0":"post-1021","1":"product","2":"type-product","3":"status-publish","4":"has-post-thumbnail","6":"product_cat-a4-papers","7":"desktop-align-center","8":"tablet-align-center","9":"mobile-align-center","11":"first","12":"instock","13":"shipping-taxable","14":"product-type-simple"},"_links":{"self":[{"href":"https:\/\/copypapersupplier.com\/es_do\/wp-json\/wp\/v2\/product\/1021","targetHints":{"allow":["GET"]}}],"collection":[{"href":"https:\/\/copypapersupplier.com\/es_do\/wp-json\/wp\/v2\/product"}],"about":[{"href":"https:\/\/copypapersupplier.com\/es_do\/wp-json\/wp\/v2\/types\/product"}],"wp:featuredmedia":[{"embeddable":true,"href":"https:\/\/copypapersupplier.com\/es_do\/wp-json\/wp\/v2\/media\/1431"}],"wp:attachment":[{"href":"https:\/\/copypapersupplier.com\/es_do\/wp-json\/wp\/v2\/media?parent=1021"}],"wp:term":[{"taxonomy":"product_brand","embeddable":true,"href":"https:\/\/copypapersupplier.com\/es_do\/wp-json\/wp\/v2\/product_brand?post=1021"},{"taxonomy":"product_cat","embeddable":true,"href":"https:\/\/copypapersupplier.com\/es_do\/wp-json\/wp\/v2\/product_cat?post=1021"},{"taxonomy":"product_tag","embeddable":true,"href":"https:\/\/copypapersupplier.com\/es_do\/wp-json\/wp\/v2\/product_tag?post=1021"}],"curies":[{"name":"wp","href":"https:\/\/api.w.org\/{rel}","templated":true}]}}