{"id":1020,"date":"2025-10-13T03:05:34","date_gmt":"2025-10-13T03:05:34","guid":{"rendered":"https:\/\/copypapersupplier.com\/?post_type=product&#038;p=1020"},"modified":"2025-10-15T09:26:14","modified_gmt":"2025-10-15T09:26:14","slug":"papel-rotatrim","status":"publish","type":"product","link":"https:\/\/copypapersupplier.com\/es_do\/product\/papel-rotatrim\/","title":{"rendered":"Papel Rotatrim"},"content":{"rendered":"<table>\n<thead>\n<tr>\n<th data-col-size=\"lg\">Par\u00e1metro<\/th>\n<th data-col-size=\"md\">70 g\/m\u00b2.<\/th>\n<th data-col-size=\"md\">75 g\/m<\/th>\n<th data-col-size=\"md\">80 g\/m\u00b2.<\/th>\n<\/tr>\n<\/thead>\n<tbody>\n<tr>\n<td data-col-size=\"lg\">Gramaje (g\/m\u00b2)<\/td>\n<td data-col-size=\"md\">70<\/td>\n<td data-col-size=\"md\">75<\/td>\n<td data-col-size=\"md\">80<\/td>\n<\/tr>\n<tr>\n<td data-col-size=\"lg\">Espesor (\u00b5m)<\/td>\n<td data-col-size=\"md\">98<\/td>\n<td data-col-size=\"md\">105<\/td>\n<td data-col-size=\"md\">110<\/td>\n<\/tr>\n<tr>\n<td data-col-size=\"lg\">Opacidad (%)<\/td>\n<td data-col-size=\"md\">93.8<\/td>\n<td data-col-size=\"md\">95<\/td>\n<td data-col-size=\"md\">95<\/td>\n<\/tr>\n<tr>\n<td data-col-size=\"lg\">CIE Blancura<\/td>\n<td data-col-size=\"md\">161-167<\/td>\n<td data-col-size=\"md\">161-167<\/td>\n<td data-col-size=\"md\">161-167<\/td>\n<\/tr>\n<tr>\n<td data-col-size=\"lg\">Blancura (%)<\/td>\n<td data-col-size=\"md\">102-104<\/td>\n<td data-col-size=\"md\">102-104<\/td>\n<td data-col-size=\"md\">102-104<\/td>\n<\/tr>\n<tr>\n<td data-col-size=\"lg\">Contenido de humedad (%)<\/td>\n<td data-col-size=\"md\">4.50<\/td>\n<td data-col-size=\"md\">4.50<\/td>\n<td data-col-size=\"md\">4.50<\/td>\n<\/tr>\n<tr>\n<td data-col-size=\"lg\">Rugosidad (ml\/min)<\/td>\n<td data-col-size=\"md\">140 (aproximado)<\/td>\n<td data-col-size=\"md\">140 (aproximado)<\/td>\n<td data-col-size=\"md\">140 (aproximado)<\/td>\n<\/tr>\n<tr>\n<td data-col-size=\"lg\">Composici\u00f3n de la pasta<\/td>\n<td data-col-size=\"md\">100% Pasta de madera virgen<\/td>\n<td data-col-size=\"md\">100% Pasta de madera virgen<\/td>\n<td data-col-size=\"md\">100% Pasta de madera virgen<\/td>\n<\/tr>\n<tr>\n<td data-col-size=\"lg\">Capacidades<\/td>\n<td data-col-size=\"md\">Copia a alta velocidad (100 ppm), l\u00e1ser, inyecci\u00f3n de tinta, fax, impresi\u00f3n a doble cara<\/td>\n<td data-col-size=\"md\">Igual que 70 g\/m\u00b2.<\/td>\n<td data-col-size=\"md\">Igual que 70 g\/m\u00b2.<\/td>\n<\/tr>\n<\/tbody>\n<\/table>\n<h2 dir=\"auto\">\u00c1mbitos de aplicaci\u00f3n<\/h2>\n<ul dir=\"auto\">\n<li>Impresi\u00f3n y copiado general de oficina para documentos, informes y propuestas.<\/li>\n<li>Presentaciones, membretes e informes de gesti\u00f3n de alta calidad.<\/li>\n<li>Adecuado para su uso en blanco y negro y a todo color en fotocopiadoras, impresoras l\u00e1ser e impresoras de inyecci\u00f3n de tinta.<\/li>\n<li>Ideal para entornos dom\u00e9sticos y profesionales que requieren un rendimiento fiable y sin atascos.<\/li>\n<\/ul>\n<h2 dir=\"auto\">Informaci\u00f3n sobre envases<\/h2>\n<ul dir=\"auto\">\n<li>Tama\u00f1o de hoja: A4 (210 mm x 297 mm) o A3 (297 mm x 420 mm) seg\u00fan las normas ISO internacionales.<\/li>\n<li>Hojas por resma: 500.<\/li>\n<li>Resmas por caja: 5.<\/li>\n<li>Total de hojas por caja: 2.500.<\/li>\n<li>Embalaje dise\u00f1ado para cumplir las normas internacionales de transporte, garantizando la protecci\u00f3n durante el env\u00edo y el almacenamiento.<\/li>\n<\/ul>\n<h2 dir=\"auto\">Cumplimiento y normas<\/h2>\n<ul dir=\"auto\">\n<li>Cumple la norma ISO 9706 de permanencia en archivo.<\/li>\n<li>Fabricado seg\u00fan las normas ISO 9001 (gesti\u00f3n de calidad), ISO 14001 (gesti\u00f3n medioambiental) e ISO 18001 (salud y seguridad en el trabajo).<\/li>\n<li>Certificaci\u00f3n FSC de pr\u00e1cticas forestales sostenibles.<\/li>\n<\/ul>","protected":false},"excerpt":{"rendered":"<h2 dir=\"auto\">Descripci\u00f3n del producto<\/h2>\n<p dir=\"auto\">El papel de oficina Rotatrim es un papel de oficina sin estucar, vers\u00e1til y de calidad superior, dise\u00f1ado para impresiones y copias de alto rendimiento. Presenta un alto grado de blancura y opacidad para obtener textos y gr\u00e1ficos n\u00edtidos y definidos; un excelente volumen para una sensaci\u00f3n gruesa; y una superficie lisa para garantizar un excelente rendimiento en una gran variedad de dispositivos. Fabricado con pasta de madera virgen 100%, admite la impresi\u00f3n a doble cara y es compatible con el funcionamiento a alta velocidad, por lo que resulta ideal para aplicaciones B2B profesionales.<\/p>\n<h2 dir=\"auto\">Caracter\u00edsticas principales<\/h2>\n<ul dir=\"auto\">\n<li>Alta blancura (CIE 161-167) para una claridad y un contraste superiores en gr\u00e1ficos y texto.<\/li>\n<li>Alta opacidad para minimizar la transparencia en la impresi\u00f3n a doble cara.<\/li>\n<li>Superficie lisa y bajo contenido en polvo para un rendimiento sin atascos y un menor desgaste del equipo.<\/li>\n<li>Excelente volumen y textura para una sensaci\u00f3n premium sin comprometer la capacidad de carrera.<\/li>\n<li>Abastecimiento sostenible como parte de la gama verde de Mondi.<\/li>\n<\/ul>\n<p dir=\"auto\">","protected":false},"featured_media":1438,"template":"","meta":{"site-sidebar-layout":"default","site-content-layout":"","ast-site-content-layout":"default","site-content-style":"default","site-sidebar-style":"default","ast-global-header-display":"","ast-banner-title-visibility":"","ast-main-header-display":"","ast-hfb-above-header-display":"","ast-hfb-below-header-display":"","ast-hfb-mobile-header-display":"","site-post-title":"","ast-breadcrumbs-content":"","ast-featured-img":"","footer-sml-layout":"","theme-transparent-header-meta":"default","adv-header-id-meta":"","stick-header-meta":"","header-above-stick-meta":"","header-main-stick-meta":"","header-below-stick-meta":"","astra-migrate-meta-layouts":"set","ast-page-background-enabled":"default","ast-page-background-meta":{"desktop":{"background-color":"","background-image":"","background-repeat":"repeat","background-position":"center center","background-size":"auto","background-attachment":"scroll","background-type":"","background-media":"","overlay-type":"","overlay-color":"","overlay-opacity":"","overlay-gradient":""},"tablet":{"background-color":"","background-image":"","background-repeat":"repeat","background-position":"center center","background-size":"auto","background-attachment":"scroll","background-type":"","background-media":"","overlay-type":"","overlay-color":"","overlay-opacity":"","overlay-gradient":""},"mobile":{"background-color":"","background-image":"","background-repeat":"repeat","background-position":"center center","background-size":"auto","background-attachment":"scroll","background-type":"","background-media":"","overlay-type":"","overlay-color":"","overlay-opacity":"","overlay-gradient":""}},"ast-content-background-meta":{"desktop":{"background-color":"var(--ast-global-color-5)","background-image":"","background-repeat":"repeat","background-position":"center center","background-size":"auto","background-attachment":"scroll","background-type":"","background-media":"","overlay-type":"","overlay-color":"","overlay-opacity":"","overlay-gradient":""},"tablet":{"background-color":"var(--ast-global-color-5)","background-image":"","background-repeat":"repeat","background-position":"center center","background-size":"auto","background-attachment":"scroll","background-type":"","background-media":"","overlay-type":"","overlay-color":"","overlay-opacity":"","overlay-gradient":""},"mobile":{"background-color":"var(--ast-global-color-5)","background-image":"","background-repeat":"repeat","background-position":"center center","background-size":"auto","background-attachment":"scroll","background-type":"","background-media":"","overlay-type":"","overlay-color":"","overlay-opacity":"","overlay-gradient":""}}},"product_brand":[],"product_cat":[15],"product_tag":[],"class_list":{"0":"post-1020","1":"product","2":"type-product","3":"status-publish","4":"has-post-thumbnail","6":"product_cat-a4-papers","7":"desktop-align-center","8":"tablet-align-center","9":"mobile-align-center","11":"first","12":"instock","13":"shipping-taxable","14":"product-type-simple"},"_links":{"self":[{"href":"https:\/\/copypapersupplier.com\/es_do\/wp-json\/wp\/v2\/product\/1020","targetHints":{"allow":["GET"]}}],"collection":[{"href":"https:\/\/copypapersupplier.com\/es_do\/wp-json\/wp\/v2\/product"}],"about":[{"href":"https:\/\/copypapersupplier.com\/es_do\/wp-json\/wp\/v2\/types\/product"}],"wp:featuredmedia":[{"embeddable":true,"href":"https:\/\/copypapersupplier.com\/es_do\/wp-json\/wp\/v2\/media\/1438"}],"wp:attachment":[{"href":"https:\/\/copypapersupplier.com\/es_do\/wp-json\/wp\/v2\/media?parent=1020"}],"wp:term":[{"taxonomy":"product_brand","embeddable":true,"href":"https:\/\/copypapersupplier.com\/es_do\/wp-json\/wp\/v2\/product_brand?post=1020"},{"taxonomy":"product_cat","embeddable":true,"href":"https:\/\/copypapersupplier.com\/es_do\/wp-json\/wp\/v2\/product_cat?post=1020"},{"taxonomy":"product_tag","embeddable":true,"href":"https:\/\/copypapersupplier.com\/es_do\/wp-json\/wp\/v2\/product_tag?post=1020"}],"curies":[{"name":"wp","href":"https:\/\/api.w.org\/{rel}","templated":true}]}}