{"id":1039,"date":"2025-10-13T03:31:28","date_gmt":"2025-10-13T03:31:28","guid":{"rendered":"https:\/\/copypapersupplier.com\/?post_type=product&#038;p=1039"},"modified":"2025-10-16T16:37:21","modified_gmt":"2025-10-16T08:37:21","slug":"rollos-jumbo","status":"publish","type":"product","link":"https:\/\/copypapersupplier.com\/es\/product\/rollos-jumbo\/","title":{"rendered":"Rollos Jumbo"},"content":{"rendered":"<h2 dir=\"auto\">Par\u00e1metros t\u00e9cnicos<\/h2>\n<p dir=\"auto\">La siguiente tabla resume las especificaciones t\u00e9cnicas b\u00e1sicas de nuestros rollos Jumbo est\u00e1ndar. Si lo desea, podemos personalizarlas para adaptarlas a equipos de conversi\u00f3n espec\u00edficos o a los requisitos del producto final.<\/p>\n<table>\n<thead>\n<tr>\n<th data-col-size=\"lg\">Par\u00e1metro<\/th>\n<th data-col-size=\"md\">Especificaci\u00f3n<\/th>\n<th data-col-size=\"xs\">Unidad<\/th>\n<th data-col-size=\"xl\">Notas<\/th>\n<\/tr>\n<\/thead>\n<tbody>\n<tr>\n<td data-col-size=\"lg\">Composici\u00f3n del material<\/td>\n<td data-col-size=\"md\">100% Pulpa de madera virgen (opcional: reciclada o mezcla de bamb\u00fa)<\/td>\n<td data-col-size=\"xs\">&#8211;<\/td>\n<td data-col-size=\"xl\">Procedente de bosques sostenibles; sin sustancias qu\u00edmicas nocivas<\/td>\n<\/tr>\n<tr>\n<td data-col-size=\"lg\">N\u00famero de pliegues<\/td>\n<td data-col-size=\"md\">1-3 Pliegues<\/td>\n<td data-col-size=\"xs\">&#8211;<\/td>\n<td data-col-size=\"xl\">Est\u00e1ndar de 2 capas para una resistencia y suavidad equilibradas<\/td>\n<\/tr>\n<tr>\n<td data-col-size=\"lg\">Gramaje (peso base)<\/td>\n<td data-col-size=\"md\">14-30<\/td>\n<td data-col-size=\"xs\">g\/m\u00b2 (g\/m\u00b2)<\/td>\n<td data-col-size=\"xl\">Ajustable para mayor ligereza (p. ej., 15 g\/m\u00b2 para el econ\u00f3mico) o durabilidad (p. ej., 25 g\/m\u00b2 para el premium)<\/td>\n<\/tr>\n<tr>\n<td data-col-size=\"lg\">Anchura del rollo<\/td>\n<td data-col-size=\"md\">1700-3500<\/td>\n<td data-col-size=\"xs\">mm<\/td>\n<td data-col-size=\"xl\">Anchos comunes: 1700 mm, 2500 mm, 3500 mm; equivalentes imperiales: 67-138 pulgadas<\/td>\n<\/tr>\n<tr>\n<td data-col-size=\"lg\">Di\u00e1metro del rollo<\/td>\n<td data-col-size=\"md\">1150-1500<\/td>\n<td data-col-size=\"xs\">mm<\/td>\n<td data-col-size=\"xl\">Maximiza el rendimiento; imperial: 45-59 pulgadas<\/td>\n<\/tr>\n<tr>\n<td data-col-size=\"lg\">Di\u00e1metro del n\u00facleo<\/td>\n<td data-col-size=\"md\">76<\/td>\n<td data-col-size=\"xs\">mm<\/td>\n<td data-col-size=\"xl\">N\u00facleo est\u00e1ndar de 3 pulgadas compatible con la mayor\u00eda de desbobinadores<\/td>\n<\/tr>\n<tr>\n<td data-col-size=\"lg\">Longitud del rollo<\/td>\n<td data-col-size=\"md\">6000-12000 (calculado en funci\u00f3n de la densidad)<\/td>\n<td data-col-size=\"xs\">m<\/td>\n<td data-col-size=\"xl\">Equivalente a aprox. 19.685-39.370 pies; rinde 500-5000 rollos peque\u00f1os seg\u00fan la configuraci\u00f3n<\/td>\n<\/tr>\n<tr>\n<td data-col-size=\"lg\">Peso del rollo<\/td>\n<td data-col-size=\"md\">500-1000<\/td>\n<td data-col-size=\"xs\">kg<\/td>\n<td data-col-size=\"xl\">Por rollo; densidad: 100-150 kg\/m\u00b3 para una manipulaci\u00f3n \u00f3ptima<\/td>\n<\/tr>\n<tr>\n<td data-col-size=\"lg\">Luminosidad<\/td>\n<td data-col-size=\"md\">80-95<\/td>\n<td data-col-size=\"xs\">% ISO<\/td>\n<td data-col-size=\"xl\">Alta blancura para un aspecto de primera<\/td>\n<\/tr>\n<tr>\n<td data-col-size=\"lg\">Resistencia a la tracci\u00f3n (en seco)<\/td>\n<td data-col-size=\"md\">&gt;15 (Direcci\u00f3n de la m\u00e1quina)<\/td>\n<td data-col-size=\"xs\">N\/m<\/td>\n<td data-col-size=\"xl\">Garantiza la resistencia al desgarro durante la transformaci\u00f3n<\/td>\n<\/tr>\n<tr>\n<td data-col-size=\"lg\">\u00cdndice de absorci\u00f3n<\/td>\n<td data-col-size=\"md\">&gt;5<\/td>\n<td data-col-size=\"xs\">g\/g<\/td>\n<td data-col-size=\"xl\">R\u00e1pida absorci\u00f3n de l\u00edquidos para aplicaciones higi\u00e9nicas<\/td>\n<\/tr>\n<tr>\n<td data-col-size=\"lg\">Suavidad<\/td>\n<td data-col-size=\"md\">Alto (medido a trav\u00e9s de Handle-O-Meter)<\/td>\n<td data-col-size=\"xs\">&#8211;<\/td>\n<td data-col-size=\"xl\">Posibilidad de microestampado<\/td>\n<\/tr>\n<tr>\n<td data-col-size=\"lg\">Resistencia a la perforaci\u00f3n<\/td>\n<td data-col-size=\"md\">Conforme a la norma ISO 12625-5<\/td>\n<td data-col-size=\"xs\">&#8211;<\/td>\n<td data-col-size=\"xl\">Preperforaci\u00f3n opcional disponible<\/td>\n<\/tr>\n<\/tbody>\n<\/table>\n<p dir=\"auto\">Estos par\u00e1metros se basan en referencias de la industria y pueden verificarse mediante pruebas de terceros. Para c\u00e1lculos precisos, como el peso del rollo mediante la f\u00f3rmula Peso = \u03c0 \u00d7 (Di\u00e1metro exterior\u00b2 - Di\u00e1metro interior\u00b2)\/4 \u00d7 Anchura \u00d7 Densidad, p\u00f3ngase en contacto con nuestro equipo t\u00e9cnico.<\/p>\n<h2 dir=\"auto\">Aplicaciones<\/h2>\n<p dir=\"auto\">Nuestros rollos jumbo son vers\u00e1tiles para uso industrial B2B en m\u00faltiples sectores:<\/p>\n<ul dir=\"auto\">\n<li><strong>Productos de higiene<\/strong>: Material primario para convertir en rollos de papel higi\u00e9nico, pa\u00f1uelos faciales y toallas de mano. Ideal para l\u00edneas de producci\u00f3n de gran volumen que producen hasta 5.000 rollos peque\u00f1os por rollo jumbo.<\/li>\n<li><strong>Comercial e institucional<\/strong>: Adecuado para aplicaciones fuera del hogar (AFH) en oficinas, hoteles, escuelas e instalaciones sanitarias, donde la durabilidad y la econom\u00eda reducen la frecuencia de sustituci\u00f3n hasta 30%.<\/li>\n<li><strong>Envasado y embalaje<\/strong>: Utilizado en embalajes industriales ligeros o como papel intercalado en procesos de fabricaci\u00f3n.<\/li>\n<li><strong>Conversi\u00f3n personalizada<\/strong>: Adaptable a productos especializados, como toallitas m\u00e9dicas o productos desechables ecol\u00f3gicos, para satisfacer la creciente demanda de opciones sostenibles en los mercados de exportaci\u00f3n.<\/li>\n<\/ul>\n<p dir=\"auto\">Al hacer hincapi\u00e9 en las ventajas pr\u00e1cticas, estos rodillos minimizan el tiempo de inactividad de la producci\u00f3n, optimizan el rendimiento del material y admiten maquinaria de conversi\u00f3n de alta velocidad para mejorar la eficacia operativa.<\/p>\n<h2 dir=\"auto\">Embalaje y env\u00edo<\/h2>\n<p dir=\"auto\">Para garantizar la integridad del producto durante el tr\u00e1nsito internacional:<\/p>\n<ul dir=\"auto\">\n<li><strong>Envases primarios<\/strong>: Cada rollo se envuelve individualmente en pel\u00edcula de PE resistente a la humedad o en papel kraft para protegerlo del polvo, la humedad y los da\u00f1os.<\/li>\n<li><strong>Embalaje secundario<\/strong>: Las bobinas se fijan en pal\u00e9s de madera o pl\u00e1stico (conformes a la NIMF-15 para la exportaci\u00f3n), con flejes y cantoneras. Carga est\u00e1ndar por palet: 2-4 rollos, peso total hasta 4.000 kg.<\/li>\n<li><strong>Carga de contenedores<\/strong>: Optimizado para contenedores de 20 pies\/40 pies; por ejemplo, 10-15 toneladas por contenedor de 20 pies. Se proporcionan certificados de fumigaci\u00f3n seg\u00fan sea necesario.<\/li>\n<li><strong>Etiquetado<\/strong>: Incluye especificaciones del producto, n\u00famero de lote, instrucciones de manipulaci\u00f3n y c\u00f3digos de barras para la trazabilidad.<\/li>\n<li><strong>Normas de env\u00edo<\/strong>: Conforme a los Incoterms (por ejemplo, FOB, CIF); plazo de entrega de 15 a 30 d\u00edas seg\u00fan el volumen del pedido y la personalizaci\u00f3n.<\/li>\n<\/ul>\n<p dir=\"auto\">Damos prioridad a las opciones de envasado ecol\u00f3gicas, como los materiales reciclables, para satisfacer las preferencias de los compradores en cuanto a cadenas de suministro sostenibles.<\/p>\n<h2 dir=\"auto\">Certificaciones y conformidad<\/h2>\n<p dir=\"auto\">Nuestros rollos jumbo cumplen rigurosas normas internacionales para facilitar un comercio mundial sin fisuras:<\/p>\n<ul dir=\"auto\">\n<li><strong>Gesti\u00f3n de la calidad<\/strong>: Procesos de fabricaci\u00f3n con certificaci\u00f3n ISO 9001.<\/li>\n<li><strong>Sostenibilidad<\/strong>: Certificado FSC (Forest Stewardship Council) para un abastecimiento responsable; opciones de contenido PEFC o reciclado.<\/li>\n<li><strong>Seguridad e higiene<\/strong>: Conforme a FDA 21 CFR para aplicaciones en contacto con alimentos; EU REACH y RoHS para seguridad qu\u00edmica.<\/li>\n<li><strong>Medio ambiente<\/strong>: Cumple las directrices de la EPA sobre residuos postconsumo m\u00ednimos; bajas emisiones de COV.<\/li>\n<li><strong>Pruebas y verificaci\u00f3n<\/strong>: Par\u00e1metros auditados por terceros, como la resistencia a la tracci\u00f3n (serie ISO 12625) y la biodegradabilidad.<\/li>\n<\/ul>\n<p dir=\"auto\">Estas certificaciones garantizan que nuestros productos cumplen los criterios de adquisici\u00f3n de los mercados de Norteam\u00e9rica, Europa, Asia y otros pa\u00edses, lo que reduce las barreras comerciales y aumenta la confianza de los compradores.<\/p>","protected":false},"excerpt":{"rendered":"<h2 dir=\"auto\">Productos<\/h2>\n<p dir=\"auto\">Nuestros rollos Premium Tissue Parent (tambi\u00e9n conocidos como rollos Jumbo) son productos de papel semiacabados de alta calidad dise\u00f1ados para una conversi\u00f3n eficiente en art\u00edculos de consumo final como papel higi\u00e9nico, pa\u00f1uelos faciales, pa\u00f1os de cocina y servilletas. Fabricados a partir de pasta de madera virgen 100% o fibras recicladas, estos rollos ofrecen una suavidad, absorbencia y resistencia superiores, lo que los hace ideales para convertidores industriales y fabricantes de los sectores de la higiene y el embalaje. Disponibles en configuraciones personalizables para satisfacer diversas necesidades de producci\u00f3n, nuestros rollos jumbo garantizan un desperdicio m\u00ednimo, un alto rendimiento y el cumplimiento de las normas comerciales mundiales. Entre las principales ventajas se incluyen el suministro rentable a granel, la reducci\u00f3n del tiempo de inactividad en las l\u00edneas de conversi\u00f3n y las opciones ecol\u00f3gicas para adaptarse a las demandas de sostenibilidad de los mercados internacionales.<\/p>","protected":false},"featured_media":1598,"template":"","meta":{"site-sidebar-layout":"default","site-content-layout":"","ast-site-content-layout":"default","site-content-style":"default","site-sidebar-style":"default","ast-global-header-display":"","ast-banner-title-visibility":"","ast-main-header-display":"","ast-hfb-above-header-display":"","ast-hfb-below-header-display":"","ast-hfb-mobile-header-display":"","site-post-title":"","ast-breadcrumbs-content":"","ast-featured-img":"","footer-sml-layout":"","theme-transparent-header-meta":"default","adv-header-id-meta":"","stick-header-meta":"","header-above-stick-meta":"","header-main-stick-meta":"","header-below-stick-meta":"","astra-migrate-meta-layouts":"set","ast-page-background-enabled":"default","ast-page-background-meta":{"desktop":{"background-color":"","background-image":"","background-repeat":"repeat","background-position":"center center","background-size":"auto","background-attachment":"scroll","background-type":"","background-media":"","overlay-type":"","overlay-color":"","overlay-opacity":"","overlay-gradient":""},"tablet":{"background-color":"","background-image":"","background-repeat":"repeat","background-position":"center center","background-size":"auto","background-attachment":"scroll","background-type":"","background-media":"","overlay-type":"","overlay-color":"","overlay-opacity":"","overlay-gradient":""},"mobile":{"background-color":"","background-image":"","background-repeat":"repeat","background-position":"center center","background-size":"auto","background-attachment":"scroll","background-type":"","background-media":"","overlay-type":"","overlay-color":"","overlay-opacity":"","overlay-gradient":""}},"ast-content-background-meta":{"desktop":{"background-color":"var(--ast-global-color-5)","background-image":"","background-repeat":"repeat","background-position":"center center","background-size":"auto","background-attachment":"scroll","background-type":"","background-media":"","overlay-type":"","overlay-color":"","overlay-opacity":"","overlay-gradient":""},"tablet":{"background-color":"var(--ast-global-color-5)","background-image":"","background-repeat":"repeat","background-position":"center center","background-size":"auto","background-attachment":"scroll","background-type":"","background-media":"","overlay-type":"","overlay-color":"","overlay-opacity":"","overlay-gradient":""},"mobile":{"background-color":"var(--ast-global-color-5)","background-image":"","background-repeat":"repeat","background-position":"center center","background-size":"auto","background-attachment":"scroll","background-type":"","background-media":"","overlay-type":"","overlay-color":"","overlay-opacity":"","overlay-gradient":""}}},"product_brand":[],"product_cat":[46],"product_tag":[],"class_list":{"0":"post-1039","1":"product","2":"type-product","3":"status-publish","4":"has-post-thumbnail","6":"product_cat-papers","7":"desktop-align-center","8":"tablet-align-center","9":"mobile-align-center","11":"first","12":"instock","13":"shipping-taxable","14":"product-type-simple"},"_links":{"self":[{"href":"https:\/\/copypapersupplier.com\/es\/wp-json\/wp\/v2\/product\/1039","targetHints":{"allow":["GET"]}}],"collection":[{"href":"https:\/\/copypapersupplier.com\/es\/wp-json\/wp\/v2\/product"}],"about":[{"href":"https:\/\/copypapersupplier.com\/es\/wp-json\/wp\/v2\/types\/product"}],"wp:featuredmedia":[{"embeddable":true,"href":"https:\/\/copypapersupplier.com\/es\/wp-json\/wp\/v2\/media\/1598"}],"wp:attachment":[{"href":"https:\/\/copypapersupplier.com\/es\/wp-json\/wp\/v2\/media?parent=1039"}],"wp:term":[{"taxonomy":"product_brand","embeddable":true,"href":"https:\/\/copypapersupplier.com\/es\/wp-json\/wp\/v2\/product_brand?post=1039"},{"taxonomy":"product_cat","embeddable":true,"href":"https:\/\/copypapersupplier.com\/es\/wp-json\/wp\/v2\/product_cat?post=1039"},{"taxonomy":"product_tag","embeddable":true,"href":"https:\/\/copypapersupplier.com\/es\/wp-json\/wp\/v2\/product_tag?post=1039"}],"curies":[{"name":"wp","href":"https:\/\/api.w.org\/{rel}","templated":true}]}}