{"id":1037,"date":"2025-10-13T03:29:27","date_gmt":"2025-10-13T03:29:27","guid":{"rendered":"https:\/\/copypapersupplier.com\/?post_type=product&#038;p=1037"},"modified":"2025-10-16T16:48:57","modified_gmt":"2025-10-16T08:48:57","slug":"papel-de-impresion-en-color","status":"publish","type":"product","link":"https:\/\/copypapersupplier.com\/es\/product\/papel-de-impresion-en-color\/","title":{"rendered":"Papel de impresi\u00f3n en color"},"content":{"rendered":"<table>\n<thead>\n<tr>\n<th data-col-size=\"sm\">Par\u00e1metro<\/th>\n<th data-col-size=\"lg\">Especificaci\u00f3n<\/th>\n<th data-col-size=\"lg\">Detalles\/Opciones<\/th>\n<\/tr>\n<\/thead>\n<tbody>\n<tr>\n<td data-col-size=\"sm\">Peso base (GSM)<\/td>\n<td data-col-size=\"lg\">80-300 GSM<\/td>\n<td data-col-size=\"lg\">Est\u00e1ndar: 100 GSM para usos m\u00faltiples; Grueso: 200-300 GSM para aplicaciones de cartulina\/fotograf\u00eda<\/td>\n<\/tr>\n<tr>\n<td data-col-size=\"sm\">Tipo de papel<\/td>\n<td data-col-size=\"lg\">Recubierto (acabados brillante, mate y satinado)<\/td>\n<td data-col-size=\"lg\">Mejora la absorci\u00f3n de la tinta para obtener colores vivos; variante sin revestimiento disponible para una textura natural.<\/td>\n<\/tr>\n<tr>\n<td data-col-size=\"sm\">Opciones de tama\u00f1o<\/td>\n<td data-col-size=\"lg\">Carta (8,5 x 11 pulg.), Legal (8,5 x 14 pulg.), Ledger (11 x 17 pulg.), A4 (210 x 297 mm), A3 (297 x 420 mm)<\/td>\n<td data-col-size=\"lg\">Tama\u00f1os personalizados disponibles para pedidos al por mayor; Admite impresi\u00f3n en gran formato<\/td>\n<\/tr>\n<tr>\n<td data-col-size=\"sm\">Luminosidad<\/td>\n<td data-col-size=\"lg\">98 (en una escala de 0 a 100)<\/td>\n<td data-col-size=\"lg\">Alta reflectancia para un mayor contraste y viveza del color en gr\u00e1ficos e im\u00e1genes<\/td>\n<\/tr>\n<tr>\n<td data-col-size=\"sm\">Opacidad<\/td>\n<td data-col-size=\"lg\">92-98%<\/td>\n<td data-col-size=\"lg\">Evita las transparencias en la impresi\u00f3n a doble cara; ideal para aplicaciones de color denso<\/td>\n<\/tr>\n<tr>\n<td data-col-size=\"sm\">Blancura<\/td>\n<td data-col-size=\"lg\">CIE 160+<\/td>\n<td data-col-size=\"lg\">Garantiza resultados profesionales y n\u00edtidos con un amarilleamiento m\u00ednimo<\/td>\n<\/tr>\n<tr>\n<td data-col-size=\"sm\">Revestimiento<\/td>\n<td data-col-size=\"lg\">Una o dos caras<\/td>\n<td data-col-size=\"lg\">Superficie de secado r\u00e1pido para impresoras de inyecci\u00f3n de tinta; resistente al calor para impresoras l\u00e1ser<\/td>\n<\/tr>\n<tr>\n<td data-col-size=\"sm\">Espesor (Calibres)<\/td>\n<td data-col-size=\"lg\">4-12 mil (0.004-0.012 in)<\/td>\n<td data-col-size=\"lg\">Tolerancias: \u00b15%; Proporciona robustez para embalajes y folletos<\/td>\n<\/tr>\n<tr>\n<td data-col-size=\"sm\">Suavidad de la superficie<\/td>\n<td data-col-size=\"lg\">150-250 unidades Sheffield<\/td>\n<td data-col-size=\"lg\">Optimizado para la impresi\u00f3n en color de alta resoluci\u00f3n sin manchas<\/td>\n<\/tr>\n<tr>\n<td data-col-size=\"sm\">Nivel de pH<\/td>\n<td data-col-size=\"lg\">Neutral (7,0)<\/td>\n<td data-col-size=\"lg\">Sin \u00e1cido para una calidad y longevidad de archivo<\/td>\n<\/tr>\n<tr>\n<td data-col-size=\"sm\">Contenido de humedad<\/td>\n<td data-col-size=\"lg\">4-6%<\/td>\n<td data-col-size=\"lg\">Garantiza la estabilidad en diversas condiciones de humedad<\/td>\n<\/tr>\n<tr>\n<td data-col-size=\"sm\">Compatibilidad de impresi\u00f3n<\/td>\n<td data-col-size=\"lg\">Inyecci\u00f3n de tinta, l\u00e1ser, digital, offset<\/td>\n<td data-col-size=\"lg\">Cumple con la tecnolog\u00eda ColorLok para mejorar la fijaci\u00f3n del color<\/td>\n<\/tr>\n<tr>\n<td data-col-size=\"sm\">Embalaje<\/td>\n<td data-col-size=\"lg\">Resmas de 500 hojas; Pal\u00e9s a granel<\/td>\n<td data-col-size=\"lg\">Envasado ecol\u00f3gico en materiales reciclables; etiquetado personalizado para B2B<\/td>\n<\/tr>\n<\/tbody>\n<\/table>\n<h2 dir=\"auto\">Certificaciones de calidad y conformidad<\/h2>\n<ul dir=\"auto\">\n<li><strong>Certificado FSC (Consejo de Administraci\u00f3n Forestal)<\/strong>: Procedente de bosques gestionados de forma sostenible con 60% de contenido reciclado postconsumo, lo que reduce las emisiones de CO\u2082 hasta en 70% en comparaci\u00f3n con el papel tradicional (0,066 kg de CO\u2082 por kg producido).<\/li>\n<li><strong>Cumple la norma ISO 12647<\/strong>: Cumple las normas de reproducci\u00f3n del color, control de procesos y precisi\u00f3n tonal en los flujos de trabajo de impresi\u00f3n.<\/li>\n<li><strong>ISO 15397<\/strong>: Cumple las directrices para comunicar las propiedades del papel de tecnolog\u00eda gr\u00e1fica.<\/li>\n<li><strong>ISO 19302<\/strong>: Garantiza la conformidad del color en los procesos de impresi\u00f3n.<\/li>\n<li><strong>Reclamaciones medioambientales<\/strong>: Reciclable hasta 8 veces; Proceso de producci\u00f3n con poca agua; Sin sustancias qu\u00edmicas t\u00f3xicas, conforme a las directrices REACH de la UE y FTC de EE.UU.<\/li>\n<li><strong>Normas de seguridad<\/strong>: Variantes no t\u00f3xicas, seguras para el contacto con alimentos (conformes con la FDA para el envasado); las directrices de manipulaci\u00f3n incluyen el almacenamiento en condiciones frescas y secas para mantener la integridad.<\/li>\n<\/ul>\n<h2 dir=\"auto\">Detalles de fabricaci\u00f3n<\/h2>\n<p dir=\"auto\">Producida en instalaciones de vanguardia en Europa y Norteam\u00e9rica, EcoVivid incorpora procesos sostenibles innovadores inspirados en avances recientes, como el uso de residuos urbanos reciclados (por ejemplo, hojas ca\u00eddas y tallos de plantas) como materia prima parcial. La fabricaci\u00f3n funciona con energ\u00eda renovable 100%, con una cadena de suministro localizada (los materiales se obtienen en un radio de 100 km) para minimizar las emisiones del transporte. Los procesos clave incluyen:<\/p>\n<ul dir=\"auto\">\n<li>Despulpado con un uso m\u00ednimo de agua.<\/li>\n<li>Aplicaci\u00f3n de revestimiento para mejorar la retenci\u00f3n del color.<\/li>\n<li>Pruebas de calidad seg\u00fan las normas ISO para comprobar la uniformidad del brillo, la opacidad y la fidelidad del color. Plazo de entrega para pedidos est\u00e1ndar: 2-4 semanas; formulaciones personalizadas disponibles para requisitos B2B espec\u00edficos.<\/li>\n<\/ul>\n<h2 dir=\"auto\">Ventajas competitivas<\/h2>\n<p dir=\"auto\">En comparaci\u00f3n con marcas l\u00edderes como Mondi Color Copy, Neenah Astrobrights y Xerox Bold:<\/p>\n<ul dir=\"auto\">\n<li><strong>Ventaja de la sostenibilidad<\/strong>: Mayor contenido reciclado (60% frente a los 30-50% de la competencia) y menor huella de CO\u2082, lo que responde a las tendencias de 2025 en la demanda de envases ecol\u00f3gicos.<\/li>\n<li><strong>Superioridad de rendimiento<\/strong>El brillo 98 supera los valores est\u00e1ndar 92-95 para obtener colores m\u00e1s n\u00edtidos; Los revestimientos vers\u00e1tiles admiten m\u00e1s tipos de impresoras.<\/li>\n<li><strong>Posicionamiento en el mercado<\/strong>: Cubre las lagunas en las interrupciones de la cadena de suministro ofreciendo opciones fiables y de peque\u00f1a tirada (por ejemplo, compatibilidad con la impresi\u00f3n bajo demanda) en medio de la actual escasez de papel.<\/li>\n<li><strong>Eficiencia de costes<\/strong>: El precio a granel optimiza el comercio internacional, sin comprometer la calidad; La integraci\u00f3n exclusiva de rellenos naturales (por ejemplo, perlas de vidrio procedentes de materiales reciclados) aumenta la resistencia hasta 60%.<\/li>\n<\/ul>","protected":false},"excerpt":{"rendered":"<h2 dir=\"auto\">Productos<\/h2>\n<p dir=\"auto\">Dise\u00f1ado para ser compatible con impresoras digitales, de inyecci\u00f3n de tinta, l\u00e1ser y offset, este papel ofrece una nitidez, un brillo del color y una durabilidad excepcionales, al tiempo que prioriza la sostenibilidad. Ideal para distribuidores internacionales, imprentas y fabricantes de envases que buscan soluciones ecol\u00f3gicas acordes con las tendencias del mercado de 2025, como la reducci\u00f3n de las emisiones de CO\u2082 y el contenido reciclado. Este producto responde a las principales carencias del mercado, como la escasez de papel y la demanda de alternativas con bajo consumo de agua y bajas emisiones, y ofrece cadenas de suministro fiables y un mayor retorno de la inversi\u00f3n gracias a la reducci\u00f3n de residuos y la mayor duraci\u00f3n de la impresi\u00f3n.<\/p>","protected":false},"featured_media":1604,"template":"","meta":{"site-sidebar-layout":"default","site-content-layout":"","ast-site-content-layout":"default","site-content-style":"default","site-sidebar-style":"default","ast-global-header-display":"","ast-banner-title-visibility":"","ast-main-header-display":"","ast-hfb-above-header-display":"","ast-hfb-below-header-display":"","ast-hfb-mobile-header-display":"","site-post-title":"","ast-breadcrumbs-content":"","ast-featured-img":"","footer-sml-layout":"","theme-transparent-header-meta":"default","adv-header-id-meta":"","stick-header-meta":"","header-above-stick-meta":"","header-main-stick-meta":"","header-below-stick-meta":"","astra-migrate-meta-layouts":"set","ast-page-background-enabled":"default","ast-page-background-meta":{"desktop":{"background-color":"","background-image":"","background-repeat":"repeat","background-position":"center center","background-size":"auto","background-attachment":"scroll","background-type":"","background-media":"","overlay-type":"","overlay-color":"","overlay-opacity":"","overlay-gradient":""},"tablet":{"background-color":"","background-image":"","background-repeat":"repeat","background-position":"center center","background-size":"auto","background-attachment":"scroll","background-type":"","background-media":"","overlay-type":"","overlay-color":"","overlay-opacity":"","overlay-gradient":""},"mobile":{"background-color":"","background-image":"","background-repeat":"repeat","background-position":"center center","background-size":"auto","background-attachment":"scroll","background-type":"","background-media":"","overlay-type":"","overlay-color":"","overlay-opacity":"","overlay-gradient":""}},"ast-content-background-meta":{"desktop":{"background-color":"var(--ast-global-color-5)","background-image":"","background-repeat":"repeat","background-position":"center center","background-size":"auto","background-attachment":"scroll","background-type":"","background-media":"","overlay-type":"","overlay-color":"","overlay-opacity":"","overlay-gradient":""},"tablet":{"background-color":"var(--ast-global-color-5)","background-image":"","background-repeat":"repeat","background-position":"center center","background-size":"auto","background-attachment":"scroll","background-type":"","background-media":"","overlay-type":"","overlay-color":"","overlay-opacity":"","overlay-gradient":""},"mobile":{"background-color":"var(--ast-global-color-5)","background-image":"","background-repeat":"repeat","background-position":"center center","background-size":"auto","background-attachment":"scroll","background-type":"","background-media":"","overlay-type":"","overlay-color":"","overlay-opacity":"","overlay-gradient":""}}},"product_brand":[],"product_cat":[46],"product_tag":[],"class_list":{"0":"post-1037","1":"product","2":"type-product","3":"status-publish","4":"has-post-thumbnail","6":"product_cat-papers","7":"desktop-align-center","8":"tablet-align-center","9":"mobile-align-center","11":"first","12":"instock","13":"shipping-taxable","14":"product-type-simple"},"_links":{"self":[{"href":"https:\/\/copypapersupplier.com\/es\/wp-json\/wp\/v2\/product\/1037","targetHints":{"allow":["GET"]}}],"collection":[{"href":"https:\/\/copypapersupplier.com\/es\/wp-json\/wp\/v2\/product"}],"about":[{"href":"https:\/\/copypapersupplier.com\/es\/wp-json\/wp\/v2\/types\/product"}],"wp:featuredmedia":[{"embeddable":true,"href":"https:\/\/copypapersupplier.com\/es\/wp-json\/wp\/v2\/media\/1604"}],"wp:attachment":[{"href":"https:\/\/copypapersupplier.com\/es\/wp-json\/wp\/v2\/media?parent=1037"}],"wp:term":[{"taxonomy":"product_brand","embeddable":true,"href":"https:\/\/copypapersupplier.com\/es\/wp-json\/wp\/v2\/product_brand?post=1037"},{"taxonomy":"product_cat","embeddable":true,"href":"https:\/\/copypapersupplier.com\/es\/wp-json\/wp\/v2\/product_cat?post=1037"},{"taxonomy":"product_tag","embeddable":true,"href":"https:\/\/copypapersupplier.com\/es\/wp-json\/wp\/v2\/product_tag?post=1037"}],"curies":[{"name":"wp","href":"https:\/\/api.w.org\/{rel}","templated":true}]}}