{"id":1037,"date":"2025-10-13T03:29:27","date_gmt":"2025-10-13T03:29:27","guid":{"rendered":"https:\/\/copypapersupplier.com\/?post_type=product&#038;p=1037"},"modified":"2025-10-16T16:48:57","modified_gmt":"2025-10-16T08:48:57","slug":"farbdruckpapier","status":"publish","type":"product","link":"https:\/\/copypapersupplier.com\/de_ch\/product\/farbdruckpapier\/","title":{"rendered":"Farbdruckpapier"},"content":{"rendered":"<table>\n<thead>\n<tr>\n<th data-col-size=\"sm\">Parameter<\/th>\n<th data-col-size=\"lg\">Spezifikation<\/th>\n<th data-col-size=\"lg\">Details\/Optionen<\/th>\n<\/tr>\n<\/thead>\n<tbody>\n<tr>\n<td data-col-size=\"sm\">Fl\u00e4chengewicht (GSM)<\/td>\n<td data-col-size=\"lg\">80-300 GSM<\/td>\n<td data-col-size=\"lg\">Standard: 100 GSM f\u00fcr Mehrzweckanwendungen; Heavy: 200-300 GSM f\u00fcr Karton\/Fotoanwendungen<\/td>\n<\/tr>\n<tr>\n<td data-col-size=\"sm\">Papierart<\/td>\n<td data-col-size=\"lg\">Beschichtet (gl\u00e4nzend, matt, satiniert)<\/td>\n<td data-col-size=\"lg\">Verbessert die Tintenaufnahme f\u00fcr lebendige Farben; unbeschichtete Variante f\u00fcr nat\u00fcrliche Textur erh\u00e4ltlich<\/td>\n<\/tr>\n<tr>\n<td data-col-size=\"sm\">Gr\u00f6\u00dfen-Optionen<\/td>\n<td data-col-size=\"lg\">Letter (8,5 x 11 Zoll), Legal (8,5 x 14 Zoll), Ledger (11 x 17 Zoll), A4 (210 x 297 mm), A3 (297 x 420 mm)<\/td>\n<td data-col-size=\"lg\">Kundenspezifische Gr\u00f6\u00dfen f\u00fcr Gro\u00dfbestellungen erh\u00e4ltlich; unterst\u00fctzt Gro\u00dfformatdruck<\/td>\n<\/tr>\n<tr>\n<td data-col-size=\"sm\">Helligkeit<\/td>\n<td data-col-size=\"lg\">98 (auf einer Skala von 0-100)<\/td>\n<td data-col-size=\"lg\">Hoher Reflexionsgrad f\u00fcr hervorragenden Farbkontrast und Lebendigkeit in Grafiken und Bildern<\/td>\n<\/tr>\n<tr>\n<td data-col-size=\"sm\">Deckkraft<\/td>\n<td data-col-size=\"lg\">92-98%<\/td>\n<td data-col-size=\"lg\">Verhindert das Durchscheinen beim beidseitigen Druck; ideal f\u00fcr dichte Farbanwendungen<\/td>\n<\/tr>\n<tr>\n<td data-col-size=\"sm\">Wei\u00dfsein<\/td>\n<td data-col-size=\"lg\">CIE 160+<\/td>\n<td data-col-size=\"lg\">Sorgt f\u00fcr professionelle, gestochen scharfe Ergebnisse mit minimaler Vergilbung<\/td>\n<\/tr>\n<tr>\n<td data-col-size=\"sm\">Beschichtung<\/td>\n<td data-col-size=\"lg\">Einseitig oder doppelseitig<\/td>\n<td data-col-size=\"lg\">Schnell trocknende Oberfl\u00e4che f\u00fcr Tintenstrahldrucker; hitzebest\u00e4ndig f\u00fcr Laserdrucker<\/td>\n<\/tr>\n<tr>\n<td data-col-size=\"sm\">Dicke (Messschieber)<\/td>\n<td data-col-size=\"lg\">4-12 mil (0,004-0,012 Zoll)<\/td>\n<td data-col-size=\"lg\">Toleranzen: \u00b15%; Bietet Stabilit\u00e4t f\u00fcr Verpackungen und Brosch\u00fcren<\/td>\n<\/tr>\n<tr>\n<td data-col-size=\"sm\">Gl\u00e4tte der Oberfl\u00e4che<\/td>\n<td data-col-size=\"lg\">150-250 Sheffield-Einheiten<\/td>\n<td data-col-size=\"lg\">Optimiert f\u00fcr hochaufl\u00f6senden Farbdruck ohne Verschmieren<\/td>\n<\/tr>\n<tr>\n<td data-col-size=\"sm\">pH-Wert<\/td>\n<td data-col-size=\"lg\">Neutral (7,0)<\/td>\n<td data-col-size=\"lg\">S\u00e4urefrei f\u00fcr Archivierungsqualit\u00e4t und Langlebigkeit<\/td>\n<\/tr>\n<tr>\n<td data-col-size=\"sm\">Feuchtigkeitsgehalt<\/td>\n<td data-col-size=\"lg\">4-6%<\/td>\n<td data-col-size=\"lg\">Gew\u00e4hrleistet Stabilit\u00e4t unter verschiedenen Feuchtigkeitsbedingungen<\/td>\n<\/tr>\n<tr>\n<td data-col-size=\"sm\">Druckkompatibilit\u00e4t<\/td>\n<td data-col-size=\"lg\">Tintenstrahl, Laser, Digital, Offset<\/td>\n<td data-col-size=\"lg\">Kompatibel mit der ColorLok-Technologie f\u00fcr verbesserte Farbhaltung<\/td>\n<\/tr>\n<tr>\n<td data-col-size=\"sm\">Verpackung<\/td>\n<td data-col-size=\"lg\">Riese mit 500 Blatt; Gro\u00dfpaletten<\/td>\n<td data-col-size=\"lg\">Umweltfreundlich verpackt in wiederverwertbarem Material; kundenspezifische Beschriftung f\u00fcr B2B<\/td>\n<\/tr>\n<\/tbody>\n<\/table>\n<h2 dir=\"auto\">Qualit\u00e4tszertifizierungen und Konformit\u00e4t<\/h2>\n<ul dir=\"auto\">\n<li><strong>FSC-zertifiziert (Forest Stewardship Council)<\/strong>: Aus nachhaltig bewirtschafteten W\u00e4ldern mit 60% Post-Consumer-Recyclinganteil, wodurch die CO\u2082-Emissionen im Vergleich zu herk\u00f6mmlichem Papier um bis zu 70% reduziert werden (0,066 kg CO\u2082 pro produziertem kg).<\/li>\n<li><strong>ISO 12647-konform<\/strong>: Erf\u00fcllt die Standards f\u00fcr Farbwiedergabe, Prozesskontrolle und Tonwertgenauigkeit in Druck-Workflows.<\/li>\n<li><strong>ISO 15397<\/strong>: Beachtet die Richtlinien f\u00fcr die Vermittlung von Papiereigenschaften in der grafischen Technik.<\/li>\n<li><strong>ISO 19302<\/strong>: Sorgt f\u00fcr Farbkonformit\u00e4t im Druckverfahren.<\/li>\n<li><strong>Umweltbezogene Forderungen<\/strong>: Bis zu 8-mal wiederverwertbar; wasserarmes Herstellungsverfahren; frei von giftigen Chemikalien, in \u00dcbereinstimmung mit den Richtlinien der EU REACH und der US FTC.<\/li>\n<li><strong>Sicherheitsstandards<\/strong>: Ungiftige, f\u00fcr den Kontakt mit Lebensmitteln unbedenkliche Varianten verf\u00fcgbar (FDA-konforme Verpackung); zu den Handhabungsrichtlinien geh\u00f6rt die k\u00fchle und trockene Lagerung, um die Integrit\u00e4t zu erhalten.<\/li>\n<\/ul>\n<h2 dir=\"auto\">Details zur Herstellung<\/h2>\n<p dir=\"auto\">EcoVivid wird in hochmodernen Anlagen in Europa und Nordamerika hergestellt und umfasst innovative, nachhaltige Prozesse, die von den j\u00fcngsten Fortschritten inspiriert sind, wie z. B. die Verwendung von recycelten st\u00e4dtischen Abf\u00e4llen (z. B. abgefallene Bl\u00e4tter und Pflanzenst\u00e4ngel) als Teilrohstoffe. Die Produktion wird mit 100% erneuerbarer Energie betrieben, wobei die Lieferkette lokalisiert ist (die Materialien werden im Umkreis von 100 km bezogen), um die Transportemissionen zu minimieren. Zu den wichtigsten Prozessen geh\u00f6ren:<\/p>\n<ul dir=\"auto\">\n<li>Zellstoffherstellung mit minimalem Wasserverbrauch.<\/li>\n<li>Beschichtung f\u00fcr eine bessere Farbhaltung.<\/li>\n<li>Qualit\u00e4tspr\u00fcfung nach ISO-Normen f\u00fcr gleichbleibende Helligkeit, Opazit\u00e4t und Farbtreue. Vorlaufzeit f\u00fcr Standardbestellungen: 2-4 Wochen; kundenspezifische Formulierungen f\u00fcr spezielle B2B-Anforderungen erh\u00e4ltlich.<\/li>\n<\/ul>\n<h2 dir=\"auto\">Wettbewerbsvorteile<\/h2>\n<p dir=\"auto\">Verglichen mit f\u00fchrenden Marken wie Mondi Color Copy, Neenah Astrobrights und Xerox Bold:<\/p>\n<ul dir=\"auto\">\n<li><strong>Nachhaltigkeit Edge<\/strong>: H\u00f6herer Recyclinganteil (60% im Vergleich zu 30-50% der Wettbewerber) und geringerer CO\u2082-Fu\u00dfabdruck, was dem Trend der Nachfrage nach \u00d6ko-Verpackungen im Jahr 2025 entspricht.<\/li>\n<li><strong>\u00dcberlegene Leistung<\/strong>98 Helligkeit \u00fcbertrifft die Standardwerte 92-95 f\u00fcr sch\u00e4rfere Farben; vielseitige Beschichtungen unterst\u00fctzen mehr Druckertypen.<\/li>\n<li><strong>Marktpositionierung<\/strong>: Schlie\u00dft L\u00fccken in der Lieferkette, indem es in Zeiten anhaltender Papierknappheit zuverl\u00e4ssige Optionen f\u00fcr Kleinserien anbietet (z. B. Print-on-Demand-Kompatibilit\u00e4t).<\/li>\n<li><strong>Kosteneffizienz<\/strong>: Gro\u00dfmengenpreise optimieren den internationalen Handel, ohne Kompromisse bei der Qualit\u00e4t einzugehen; die einzigartige Integration nat\u00fcrlicher F\u00fcllstoffe (z. B. Glasperlen aus recycelten Materialien) erh\u00f6ht die Festigkeit um bis zu 60%.<\/li>\n<\/ul>","protected":false},"excerpt":{"rendered":"<h2 dir=\"auto\">Produkt\u00fcbersicht<\/h2>\n<p dir=\"auto\">Dieses Papier wurde f\u00fcr die Kompatibilit\u00e4t mit Digital-, Tintenstrahl-, Laser- und Offsetdruckern entwickelt und bietet au\u00dfergew\u00f6hnliche Sch\u00e4rfe, Farbbrillanz und Langlebigkeit, wobei die Nachhaltigkeit im Vordergrund steht. Es ist ideal f\u00fcr internationale Vertriebsunternehmen, Druckereien und Verpackungshersteller, die nach umweltfreundlichen L\u00f6sungen suchen, die den Markttrends f\u00fcr 2025 entsprechen, einschlie\u00dflich reduzierter CO\u2082-Emissionen und recyceltem Inhalt. Dieses Produkt adressiert wichtige Marktl\u00fccken wie die Papierknappheit und die Nachfrage nach wasser- und emissionsarmen Alternativen und bietet zuverl\u00e4ssige Lieferketten und eine \u00fcberragende Kapitalrendite durch minimierten Abfall und verbesserte Langlebigkeit des Drucks.<\/p>","protected":false},"featured_media":1604,"template":"","meta":{"site-sidebar-layout":"default","site-content-layout":"","ast-site-content-layout":"default","site-content-style":"default","site-sidebar-style":"default","ast-global-header-display":"","ast-banner-title-visibility":"","ast-main-header-display":"","ast-hfb-above-header-display":"","ast-hfb-below-header-display":"","ast-hfb-mobile-header-display":"","site-post-title":"","ast-breadcrumbs-content":"","ast-featured-img":"","footer-sml-layout":"","theme-transparent-header-meta":"default","adv-header-id-meta":"","stick-header-meta":"","header-above-stick-meta":"","header-main-stick-meta":"","header-below-stick-meta":"","astra-migrate-meta-layouts":"set","ast-page-background-enabled":"default","ast-page-background-meta":{"desktop":{"background-color":"","background-image":"","background-repeat":"repeat","background-position":"center center","background-size":"auto","background-attachment":"scroll","background-type":"","background-media":"","overlay-type":"","overlay-color":"","overlay-opacity":"","overlay-gradient":""},"tablet":{"background-color":"","background-image":"","background-repeat":"repeat","background-position":"center center","background-size":"auto","background-attachment":"scroll","background-type":"","background-media":"","overlay-type":"","overlay-color":"","overlay-opacity":"","overlay-gradient":""},"mobile":{"background-color":"","background-image":"","background-repeat":"repeat","background-position":"center center","background-size":"auto","background-attachment":"scroll","background-type":"","background-media":"","overlay-type":"","overlay-color":"","overlay-opacity":"","overlay-gradient":""}},"ast-content-background-meta":{"desktop":{"background-color":"var(--ast-global-color-5)","background-image":"","background-repeat":"repeat","background-position":"center center","background-size":"auto","background-attachment":"scroll","background-type":"","background-media":"","overlay-type":"","overlay-color":"","overlay-opacity":"","overlay-gradient":""},"tablet":{"background-color":"var(--ast-global-color-5)","background-image":"","background-repeat":"repeat","background-position":"center center","background-size":"auto","background-attachment":"scroll","background-type":"","background-media":"","overlay-type":"","overlay-color":"","overlay-opacity":"","overlay-gradient":""},"mobile":{"background-color":"var(--ast-global-color-5)","background-image":"","background-repeat":"repeat","background-position":"center center","background-size":"auto","background-attachment":"scroll","background-type":"","background-media":"","overlay-type":"","overlay-color":"","overlay-opacity":"","overlay-gradient":""}}},"product_brand":[],"product_cat":[46],"product_tag":[],"class_list":{"0":"post-1037","1":"product","2":"type-product","3":"status-publish","4":"has-post-thumbnail","6":"product_cat-papers","7":"desktop-align-center","8":"tablet-align-center","9":"mobile-align-center","11":"first","12":"instock","13":"shipping-taxable","14":"product-type-simple"},"_links":{"self":[{"href":"https:\/\/copypapersupplier.com\/de_ch\/wp-json\/wp\/v2\/product\/1037","targetHints":{"allow":["GET"]}}],"collection":[{"href":"https:\/\/copypapersupplier.com\/de_ch\/wp-json\/wp\/v2\/product"}],"about":[{"href":"https:\/\/copypapersupplier.com\/de_ch\/wp-json\/wp\/v2\/types\/product"}],"wp:featuredmedia":[{"embeddable":true,"href":"https:\/\/copypapersupplier.com\/de_ch\/wp-json\/wp\/v2\/media\/1604"}],"wp:attachment":[{"href":"https:\/\/copypapersupplier.com\/de_ch\/wp-json\/wp\/v2\/media?parent=1037"}],"wp:term":[{"taxonomy":"product_brand","embeddable":true,"href":"https:\/\/copypapersupplier.com\/de_ch\/wp-json\/wp\/v2\/product_brand?post=1037"},{"taxonomy":"product_cat","embeddable":true,"href":"https:\/\/copypapersupplier.com\/de_ch\/wp-json\/wp\/v2\/product_cat?post=1037"},{"taxonomy":"product_tag","embeddable":true,"href":"https:\/\/copypapersupplier.com\/de_ch\/wp-json\/wp\/v2\/product_tag?post=1037"}],"curies":[{"name":"wp","href":"https:\/\/api.w.org\/{rel}","templated":true}]}}