{"id":1020,"date":"2025-10-13T03:05:34","date_gmt":"2025-10-13T03:05:34","guid":{"rendered":"https:\/\/copypapersupplier.com\/?post_type=product&#038;p=1020"},"modified":"2025-10-15T09:26:14","modified_gmt":"2025-10-15T09:26:14","slug":"rotatrim-papier","status":"publish","type":"product","link":"https:\/\/copypapersupplier.com\/de\/product\/rotatrim-papier\/","title":{"rendered":"Rotatrim-Papier"},"content":{"rendered":"<table>\n<thead>\n<tr>\n<th data-col-size=\"lg\">Parameter<\/th>\n<th data-col-size=\"md\">70 g\/m\u00b2<\/th>\n<th data-col-size=\"md\">75 g\/m\u00b2<\/th>\n<th data-col-size=\"md\">80 g\/m\u00b2<\/th>\n<\/tr>\n<\/thead>\n<tbody>\n<tr>\n<td data-col-size=\"lg\">Fl\u00e4chengewicht (g\/m\u00b2)<\/td>\n<td data-col-size=\"md\">70<\/td>\n<td data-col-size=\"md\">75<\/td>\n<td data-col-size=\"md\">80<\/td>\n<\/tr>\n<tr>\n<td data-col-size=\"lg\">Dicke (\u00b5m)<\/td>\n<td data-col-size=\"md\">98<\/td>\n<td data-col-size=\"md\">105<\/td>\n<td data-col-size=\"md\">110<\/td>\n<\/tr>\n<tr>\n<td data-col-size=\"lg\">Lichtundurchl\u00e4ssigkeit (%)<\/td>\n<td data-col-size=\"md\">93.8<\/td>\n<td data-col-size=\"md\">95<\/td>\n<td data-col-size=\"md\">95<\/td>\n<\/tr>\n<tr>\n<td data-col-size=\"lg\">CIE-Wei\u00dfheit<\/td>\n<td data-col-size=\"md\">161-167<\/td>\n<td data-col-size=\"md\">161-167<\/td>\n<td data-col-size=\"md\">161-167<\/td>\n<\/tr>\n<tr>\n<td data-col-size=\"lg\">Wei\u00dfsein (%)<\/td>\n<td data-col-size=\"md\">102-104<\/td>\n<td data-col-size=\"md\">102-104<\/td>\n<td data-col-size=\"md\">102-104<\/td>\n<\/tr>\n<tr>\n<td data-col-size=\"lg\">Feuchtigkeitsgehalt (%)<\/td>\n<td data-col-size=\"md\">4.50<\/td>\n<td data-col-size=\"md\">4.50<\/td>\n<td data-col-size=\"md\">4.50<\/td>\n<\/tr>\n<tr>\n<td data-col-size=\"lg\">Rauhigkeit (ml\/min)<\/td>\n<td data-col-size=\"md\">140 (ann\u00e4hernd)<\/td>\n<td data-col-size=\"md\">140 (ann\u00e4hernd)<\/td>\n<td data-col-size=\"md\">140 (ann\u00e4hernd)<\/td>\n<\/tr>\n<tr>\n<td data-col-size=\"lg\">Zusammensetzung des Zellstoffs<\/td>\n<td data-col-size=\"md\">100% Reiner Holzstoff<\/td>\n<td data-col-size=\"md\">100% Reiner Holzstoff<\/td>\n<td data-col-size=\"md\">100% Reiner Holzstoff<\/td>\n<\/tr>\n<tr>\n<td data-col-size=\"lg\">F\u00e4higkeiten<\/td>\n<td data-col-size=\"md\">Hochgeschwindigkeits-Kopieren (100 Seiten\/Min.), laser- und tintenstrahlf\u00e4hig, faxf\u00e4hig, beidseitiges Drucken<\/td>\n<td data-col-size=\"md\">Gleich wie 70 g\/m\u00b2<\/td>\n<td data-col-size=\"md\">Gleich wie 70 g\/m\u00b2<\/td>\n<\/tr>\n<\/tbody>\n<\/table>\n<h2 dir=\"auto\">Anwendungsbereiche<\/h2>\n<ul dir=\"auto\">\n<li>Allgemeines Drucken und Kopieren von Dokumenten, Berichten und Vorschl\u00e4gen im B\u00fcro.<\/li>\n<li>Hochwertige Pr\u00e4sentationen, Briefk\u00f6pfe und Managementberichte.<\/li>\n<li>Geeignet f\u00fcr Schwarzwei\u00df- und Vollfarbdrucke in Fotokopierern, Laserdruckern und Tintenstrahldruckern.<\/li>\n<li>Ideal f\u00fcr private und professionelle Umgebungen, die eine zuverl\u00e4ssige, staufreie Leistung erfordern.<\/li>\n<\/ul>\n<h2 dir=\"auto\">Informationen zur Verpackung<\/h2>\n<ul dir=\"auto\">\n<li>Blattgr\u00f6\u00dfe: A4 (210 mm x 297 mm) oder A3 (297 mm x 420 mm) nach internationalen ISO-Normen.<\/li>\n<li>Bl\u00e4tter pro Umschlag: 500.<\/li>\n<li>Riese pro Karton: 5.<\/li>\n<li>Bl\u00e4tter pro Box insgesamt: 2.500.<\/li>\n<li>Die Verpackung entspricht den internationalen Transportnormen und gew\u00e4hrleistet den Schutz w\u00e4hrend des Transports und der Lagerung.<\/li>\n<\/ul>\n<h2 dir=\"auto\">Einhaltung von Normen und Standards<\/h2>\n<ul dir=\"auto\">\n<li>Entspricht der Norm ISO 9706 f\u00fcr dauerhafte Archivierung.<\/li>\n<li>Hergestellt nach den Normen ISO 9001 (Qualit\u00e4tsmanagement), ISO 14001 (Umweltmanagement) und ISO 18001 (Gesundheit und Sicherheit am Arbeitsplatz).<\/li>\n<li>FSC-zertifiziert f\u00fcr nachhaltige Forstwirtschaftspraktiken.<\/li>\n<\/ul>","protected":false},"excerpt":{"rendered":"<h2 dir=\"auto\">Beschreibung des Produkts<\/h2>\n<p dir=\"auto\">Rotatrim Office Paper ist ein hochwertiges, vielseitiges, ungestrichenes B\u00fcropapier, das f\u00fcr leistungsstarkes Drucken und Kopieren entwickelt wurde. Es zeichnet sich durch eine hohe Wei\u00dfe und Opazit\u00e4t f\u00fcr gestochen scharfe Texte und Grafiken, ein ausgezeichnetes Volumen und eine glatte Oberfl\u00e4che aus, die eine hervorragende Leistung auf einer Vielzahl von Ger\u00e4ten gew\u00e4hrleistet. Es wird aus 100% Zellstoff hergestellt, unterst\u00fctzt den beidseitigen Druck und ist f\u00fcr den Hochgeschwindigkeitsbetrieb geeignet, wodurch es sich ideal f\u00fcr professionelle B2B-Anwendungen eignet.<\/p>\n<h2 dir=\"auto\">Wesentliche Merkmale<\/h2>\n<ul dir=\"auto\">\n<li>Hoher Wei\u00dfgrad (CIE 161-167) f\u00fcr hervorragende Klarheit und Kontrast bei Grafiken und Text.<\/li>\n<li>Hohe Opazit\u00e4t, um das Durchscheinen beim beidseitigen Druck zu minimieren.<\/li>\n<li>Die glatte Oberfl\u00e4che und der geringe Staubgehalt sorgen f\u00fcr einen reibungslosen Betrieb und geringeren Verschlei\u00df der Ger\u00e4te.<\/li>\n<li>Hervorragende Bauschkraft und Textur f\u00fcr ein erstklassiges Tragegef\u00fchl ohne Beeintr\u00e4chtigung der Laufeigenschaften.<\/li>\n<li>Nachhaltige Beschaffung als Teil der Green Range von Mondi.<\/li>\n<\/ul>\n<p dir=\"auto\">","protected":false},"featured_media":1438,"template":"","meta":{"site-sidebar-layout":"default","site-content-layout":"","ast-site-content-layout":"default","site-content-style":"default","site-sidebar-style":"default","ast-global-header-display":"","ast-banner-title-visibility":"","ast-main-header-display":"","ast-hfb-above-header-display":"","ast-hfb-below-header-display":"","ast-hfb-mobile-header-display":"","site-post-title":"","ast-breadcrumbs-content":"","ast-featured-img":"","footer-sml-layout":"","theme-transparent-header-meta":"default","adv-header-id-meta":"","stick-header-meta":"","header-above-stick-meta":"","header-main-stick-meta":"","header-below-stick-meta":"","astra-migrate-meta-layouts":"set","ast-page-background-enabled":"default","ast-page-background-meta":{"desktop":{"background-color":"","background-image":"","background-repeat":"repeat","background-position":"center center","background-size":"auto","background-attachment":"scroll","background-type":"","background-media":"","overlay-type":"","overlay-color":"","overlay-opacity":"","overlay-gradient":""},"tablet":{"background-color":"","background-image":"","background-repeat":"repeat","background-position":"center center","background-size":"auto","background-attachment":"scroll","background-type":"","background-media":"","overlay-type":"","overlay-color":"","overlay-opacity":"","overlay-gradient":""},"mobile":{"background-color":"","background-image":"","background-repeat":"repeat","background-position":"center center","background-size":"auto","background-attachment":"scroll","background-type":"","background-media":"","overlay-type":"","overlay-color":"","overlay-opacity":"","overlay-gradient":""}},"ast-content-background-meta":{"desktop":{"background-color":"var(--ast-global-color-5)","background-image":"","background-repeat":"repeat","background-position":"center center","background-size":"auto","background-attachment":"scroll","background-type":"","background-media":"","overlay-type":"","overlay-color":"","overlay-opacity":"","overlay-gradient":""},"tablet":{"background-color":"var(--ast-global-color-5)","background-image":"","background-repeat":"repeat","background-position":"center center","background-size":"auto","background-attachment":"scroll","background-type":"","background-media":"","overlay-type":"","overlay-color":"","overlay-opacity":"","overlay-gradient":""},"mobile":{"background-color":"var(--ast-global-color-5)","background-image":"","background-repeat":"repeat","background-position":"center center","background-size":"auto","background-attachment":"scroll","background-type":"","background-media":"","overlay-type":"","overlay-color":"","overlay-opacity":"","overlay-gradient":""}}},"product_brand":[],"product_cat":[15],"product_tag":[],"class_list":{"0":"post-1020","1":"product","2":"type-product","3":"status-publish","4":"has-post-thumbnail","6":"product_cat-a4-papers","7":"desktop-align-center","8":"tablet-align-center","9":"mobile-align-center","11":"first","12":"instock","13":"shipping-taxable","14":"product-type-simple"},"_links":{"self":[{"href":"https:\/\/copypapersupplier.com\/de\/wp-json\/wp\/v2\/product\/1020","targetHints":{"allow":["GET"]}}],"collection":[{"href":"https:\/\/copypapersupplier.com\/de\/wp-json\/wp\/v2\/product"}],"about":[{"href":"https:\/\/copypapersupplier.com\/de\/wp-json\/wp\/v2\/types\/product"}],"wp:featuredmedia":[{"embeddable":true,"href":"https:\/\/copypapersupplier.com\/de\/wp-json\/wp\/v2\/media\/1438"}],"wp:attachment":[{"href":"https:\/\/copypapersupplier.com\/de\/wp-json\/wp\/v2\/media?parent=1020"}],"wp:term":[{"taxonomy":"product_brand","embeddable":true,"href":"https:\/\/copypapersupplier.com\/de\/wp-json\/wp\/v2\/product_brand?post=1020"},{"taxonomy":"product_cat","embeddable":true,"href":"https:\/\/copypapersupplier.com\/de\/wp-json\/wp\/v2\/product_cat?post=1020"},{"taxonomy":"product_tag","embeddable":true,"href":"https:\/\/copypapersupplier.com\/de\/wp-json\/wp\/v2\/product_tag?post=1020"}],"curies":[{"name":"wp","href":"https:\/\/api.w.org\/{rel}","templated":true}]}}