{"id":1038,"date":"2025-10-13T03:30:39","date_gmt":"2025-10-13T03:30:39","guid":{"rendered":"https:\/\/copypapersupplier.com\/?post_type=product&#038;p=1038"},"modified":"2025-10-16T16:45:23","modified_gmt":"2025-10-16T08:45:23","slug":"novinovy-papir","status":"publish","type":"product","link":"https:\/\/copypapersupplier.com\/cs\/product\/novinovy-papir\/","title":{"rendered":"Novinov\u00fd pap\u00edr"},"content":{"rendered":"<h2 dir=\"auto\">Technick\u00e9 specifikace<\/h2>\n<p dir=\"auto\">V n\u00e1sleduj\u00edc\u00ed tabulce jsou uvedeny kl\u00ed\u010dov\u00e9 technick\u00e9 vlastnosti na\u0161eho standardn\u00edho novinov\u00e9ho pap\u00edru, kter\u00e9 byly ov\u011b\u0159eny podle pr\u016fmyslov\u00fdch m\u011b\u0159\u00edtek, jako jsou normy ISO. Tyto specifikace vych\u00e1zej\u00ed z k\u0159\u00ed\u017eov\u00fdch odkaz\u016f p\u0159edn\u00edch v\u00fdrobc\u016f a zaji\u0161\u0165uj\u00ed soulad s po\u017eadavky mezin\u00e1rodn\u00edho obchodu.<\/p>\n<table>\n<thead>\n<tr>\n<th data-col-size=\"lg\">Majetek<\/th>\n<th data-col-size=\"md\">Hodnota\/rozsah<\/th>\n<th data-col-size=\"sm\">Jednotka<\/th>\n<th data-col-size=\"lg\">Zku\u0161ebn\u00ed metoda\/norma<\/th>\n<\/tr>\n<\/thead>\n<tbody>\n<tr>\n<td data-col-size=\"lg\">Z\u00e1kladn\u00ed hmotnost<\/td>\n<td data-col-size=\"md\">45 (standardn\u00ed; voliteln\u00e9: 42-52)<\/td>\n<td data-col-size=\"sm\">g\/m\u00b2<\/td>\n<td data-col-size=\"lg\">ISO 536<\/td>\n<\/tr>\n<tr>\n<td data-col-size=\"lg\">Jas<\/td>\n<td data-col-size=\"md\">58-62<\/td>\n<td data-col-size=\"sm\">% ISO<\/td>\n<td data-col-size=\"lg\">ISO 2470<\/td>\n<\/tr>\n<tr>\n<td data-col-size=\"lg\">Nepr\u016fhlednost<\/td>\n<td data-col-size=\"md\">93-95<\/td>\n<td data-col-size=\"sm\">%<\/td>\n<td data-col-size=\"lg\">ISO 2471<\/td>\n<\/tr>\n<tr>\n<td data-col-size=\"lg\">T\u0159men (tlou\u0161\u0165ka)<\/td>\n<td data-col-size=\"md\">70-80<\/td>\n<td data-col-size=\"sm\">\u03bcm<\/td>\n<td data-col-size=\"lg\">ISO 534<\/td>\n<\/tr>\n<tr>\n<td data-col-size=\"lg\">Pevnost v tahu (MD)<\/td>\n<td data-col-size=\"md\">45-55<\/td>\n<td data-col-size=\"sm\">N\/m<\/td>\n<td data-col-size=\"lg\">ISO 1924<\/td>\n<\/tr>\n<tr>\n<td data-col-size=\"lg\">Pevnost v tahu (CD)<\/td>\n<td data-col-size=\"md\">25-30<\/td>\n<td data-col-size=\"sm\">N\/m<\/td>\n<td data-col-size=\"lg\">ISO 1924<\/td>\n<\/tr>\n<tr>\n<td data-col-size=\"lg\">Pevnost p\u0159i roztr\u017een\u00ed (MD)<\/td>\n<td data-col-size=\"md\">200-250<\/td>\n<td data-col-size=\"sm\">mN<\/td>\n<td data-col-size=\"lg\">ISO 1974<\/td>\n<\/tr>\n<tr>\n<td data-col-size=\"lg\">S\u00edla slz (CD)<\/td>\n<td data-col-size=\"md\">250-300<\/td>\n<td data-col-size=\"sm\">mN<\/td>\n<td data-col-size=\"lg\">ISO 1974<\/td>\n<\/tr>\n<tr>\n<td data-col-size=\"lg\">Drsnost (Bendtsen)<\/td>\n<td data-col-size=\"md\">100-150<\/td>\n<td data-col-size=\"sm\">ml\/min<\/td>\n<td data-col-size=\"lg\">ISO 8791-2<\/td>\n<\/tr>\n<tr>\n<td data-col-size=\"lg\">Obsah vlhkosti<\/td>\n<td data-col-size=\"md\">7-9<\/td>\n<td data-col-size=\"sm\">%<\/td>\n<td data-col-size=\"lg\">ISO 287<\/td>\n<\/tr>\n<tr>\n<td data-col-size=\"lg\">St\u00edn<\/td>\n<td data-col-size=\"md\">Regular (smetanov\u011b b\u00edl\u00fd)<\/td>\n<td data-col-size=\"sm\">&#8211;<\/td>\n<td data-col-size=\"lg\">&#8211;<\/td>\n<\/tr>\n<tr>\n<td data-col-size=\"lg\">Slo\u017een\u00ed buni\u010diny<\/td>\n<td data-col-size=\"md\">100% TMP nebo recyklovan\u00fd<\/td>\n<td data-col-size=\"sm\">&#8211;<\/td>\n<td data-col-size=\"lg\">&#8211;<\/td>\n<\/tr>\n<tr>\n<td data-col-size=\"lg\">Mo\u017enost tisku<\/td>\n<td data-col-size=\"md\">Vynikaj\u00edc\u00ed odolnost inkoustu, n\u00edzk\u00e9 \u017emolkov\u00e1n\u00ed<\/td>\n<td data-col-size=\"sm\">&#8211;<\/td>\n<td data-col-size=\"lg\">TAPPI T 459<\/td>\n<\/tr>\n<tr>\n<td data-col-size=\"lg\">Provozuschopnost<\/td>\n<td data-col-size=\"md\">Kompatibiln\u00ed s vysokorychlostn\u00edm tiskem (&gt;50 000 v\u00fdtisk\u016f\/hodinu)<\/td>\n<td data-col-size=\"sm\">&#8211;<\/td>\n<td data-col-size=\"lg\">&#8211;<\/td>\n<\/tr>\n<\/tbody>\n<\/table>\n<p dir=\"auto\">Tyto hodnoty p\u0159edstavuj\u00ed typick\u00e9 rozsahy technick\u00fdch \u00fadaj\u016f na\u0161eho novinov\u00e9ho pap\u00edru, p\u0159i\u010dem\u017e je mo\u017en\u00e9 je p\u0159izp\u016fsobit specifick\u00fdm po\u017eadavk\u016fm kupuj\u00edc\u00edch, jako jsou vy\u0161\u0161\u00ed \u00farovn\u011b jasu (a\u017e 75% ISO) nebo barevn\u00e9 varianty (nap\u0159. lososov\u00e1, r\u016f\u017eov\u00e1).<\/p>\n<h2 dir=\"auto\">Aplikace<\/h2>\n<p dir=\"auto\">N\u00e1\u0161 novinov\u00fd pap\u00edr je v\u0161estrann\u00fd a p\u0159izp\u016fsoben\u00fd po\u017eadavk\u016fm glob\u00e1ln\u00edho tiska\u0159sk\u00e9ho pr\u016fmyslu:<\/p>\n<ul dir=\"auto\">\n<li><strong>Noviny a periodika<\/strong>: Ide\u00e1ln\u00ed pro denn\u00ed a t\u00fddenn\u00ed publikace, kter\u00e9 vy\u017eaduj\u00ed velkoobjemov\u00fd a cenov\u011b v\u00fdhodn\u00fd tisk.<\/li>\n<li><strong>Reklamn\u00ed vlo\u017eky a let\u00e1ky<\/strong>: Podporuje reprodukci \u017eiv\u00fdch barev pro propaga\u010dn\u00ed materi\u00e1ly.<\/li>\n<li><strong>Balen\u00ed a balen\u00ed<\/strong>: Pou\u017e\u00edv\u00e1 se jako v\u00fdpl\u0148 dutin nebo ochrann\u00e9 f\u00f3lie p\u0159i p\u0159eprav\u011b, p\u0159i\u010dem\u017e se vyu\u017e\u00edv\u00e1 jeho lehkost a recyklovatelnost.<\/li>\n<li><strong>Dal\u0161\u00ed pou\u017eit\u00ed<\/strong>: Vhodn\u00e9 pro adres\u00e1\u0159e, katalogy a vzd\u011bl\u00e1vac\u00ed materi\u00e1ly, kde je d\u016fle\u017eit\u00e1 cenov\u00e1 dostupnost a kvalita tisku.<\/li>\n<\/ul>\n<p dir=\"auto\">Tento produkt vynik\u00e1 v prost\u0159ed\u00ed studen\u00e9ho ofsetov\u00e9ho tisku (CSWO) a digit\u00e1ln\u00edho tisku a odpov\u00edd\u00e1 na po\u017eadavky kupuj\u00edc\u00edch, kte\u0159\u00ed hledaj\u00ed spolehliv\u00e9 a ekologick\u00e9 mo\u017enosti v zahrani\u010dn\u00edm obchod\u011b B2B.<\/p>\n<h2 dir=\"auto\">Balen\u00ed<\/h2>\n<p dir=\"auto\">Zaji\u0161t\u011bn\u00ed bezpe\u010dn\u00e9 mezin\u00e1rodn\u00ed p\u0159epravy a dodr\u017eov\u00e1n\u00ed obchodn\u00ed dokumentace:<\/p>\n<ul dir=\"auto\">\n<li><strong>Form\u00e1t kotou\u010de<\/strong>: Navinut\u00e9 na 3palcov\u00fdch (76 mm) j\u00e1drech; \u0161\u00ed\u0159ky od 760 mm do 1260 mm; pr\u016fm\u011bry do 1250 mm.<\/li>\n<li><strong>Ochrana<\/strong>: Ka\u017ed\u00e1 role je zabalena do kraftov\u00e9ho pap\u00edru odoln\u00e9ho proti vlhkosti s koncov\u00fdmi uz\u00e1v\u011bry a opat\u0159ena p\u00e1skou pro zaji\u0161t\u011bn\u00ed stability.<\/li>\n<li><strong>Paletov\u00e1n\u00ed<\/strong>: Kotou\u010de jsou ulo\u017eeny na palet\u00e1ch (a\u017e 1,5 tuny na palet\u011b) s ochrann\u00fdmi rohy a zabaleny do smr\u0161\u0165ovac\u00ed f\u00f3lie pro bezpe\u010dnou p\u0159epravu.<\/li>\n<li><strong>Form\u00e1t listu (voliteln\u00fd)<\/strong>: Balen\u00ed v rol\u00edch po 500 listech, nap\u0159. ve velikosti 787 x 1092 mm nebo na zak\u00e1zku.<\/li>\n<li><strong>Ozna\u010dov\u00e1n\u00ed<\/strong>: Obsahuje podrobnosti o v\u00fdrobku, \u010d\u00edsla \u0161ar\u017e\u00ed a pokyny pro manipulaci v angli\u010dtin\u011b (k dispozici jsou v\u00edcejazy\u010dn\u00e9 varianty).<\/li>\n<\/ul>\n<p dir=\"auto\">Balen\u00ed je navr\u017eeno tak, aby minimalizovalo po\u0161kozen\u00ed b\u011bhem p\u0159epravy, co\u017e odpov\u00edd\u00e1 preferenc\u00edm kupuj\u00edc\u00edch pro efektivn\u00ed logistiku na glob\u00e1ln\u00edch trz\u00edch.<\/p>\n<h2 dir=\"auto\">Normy pro dodr\u017eov\u00e1n\u00ed p\u0159edpis\u016f<\/h2>\n<p dir=\"auto\">N\u00e1\u0161 novinov\u00fd pap\u00edr spl\u0148uje p\u0159\u00edsn\u00e9 mezin\u00e1rodn\u00ed normy, kter\u00e9 byly ov\u011b\u0159eny testov\u00e1n\u00edm t\u0159et\u00ed stranou:<\/p>\n<ul dir=\"auto\">\n<li><strong>Certifikace kvality<\/strong>: ISO 9001 (\u0159\u00edzen\u00ed kvality), ISO 14001 (environment\u00e1ln\u00ed management).<\/li>\n<li><strong>Udr\u017eitelnost<\/strong>: Certifik\u00e1t FSC\u00ae (Forest Stewardship Council) pro odpov\u011bdn\u00e9 z\u00edsk\u00e1v\u00e1n\u00ed surovin; a\u017e 100% recyklovan\u00e9ho obsahu v souladu s ekozna\u010dkou EU a Modr\u00fdm and\u011blem.<\/li>\n<li><strong>Pr\u016fmyslov\u00e9 standardy<\/strong>: Spl\u0148uje metody TAPPI (Technick\u00e1 asociace pr\u016fmyslu pap\u00edru a celul\u00f3zy); klasifikace NAICS 3221221.<\/li>\n<li><strong>Bezpe\u010dnost a obchod<\/strong>: V souladu s RoHS (neobsahuje nebezpe\u010dn\u00e9 l\u00e1tky); vhodn\u00fd pro balen\u00ed do obal\u016f ur\u010den\u00fdch pro styk s potravinami v jin\u00fdch ne\u017e p\u0159\u00edm\u00fdch aplikac\u00edch podle sm\u011brnic FDA.<\/li>\n<li><strong>V\u00fdvozn\u00ed dokumentace<\/strong>: Pln\u00e9 dodr\u017eov\u00e1n\u00ed podm\u00ednek Incoterms, v\u010detn\u011b osv\u011bd\u010den\u00ed o p\u016fvodu, fumigaci a fytosanit\u00e1rn\u00edch po\u017eadavk\u016f pro zahrani\u010dn\u00ed obchod B2B.<\/li>\n<\/ul>\n<p dir=\"auto\">Tato komplexn\u00ed shoda zaji\u0161\u0165uje bezprobl\u00e9movou integraci do dodavatelsk\u00fdch \u0159et\u011bzc\u016f pro mezin\u00e1rodn\u00ed distributory pap\u00edru, tiska\u0159sk\u00e9 spole\u010dnosti a vydavatele.<\/p>\n<p dir=\"auto\">S dotazy ohledn\u011b cen, vzork\u016f nebo specifikac\u00ed novinov\u00e9ho pap\u00edru na zak\u00e1zku se obra\u0165te na n\u00e1\u0161 obchodn\u00ed t\u00fdm. Na\u0161\u00ed prioritou jsou \u0159e\u0161en\u00ed zam\u011b\u0159en\u00e1 na z\u00e1kazn\u00edka, kter\u00e1 zlep\u0161\u00ed va\u0161e zku\u0161enosti s n\u00e1kupem.<\/p>","protected":false},"excerpt":{"rendered":"<h2 dir=\"auto\">P\u0159ehled produkt\u016f<\/h2>\n<p dir=\"auto\">N\u00e1\u0161 standardn\u00ed novinov\u00fd pap\u00edr je navr\u017een pro optim\u00e1ln\u00ed v\u00fdkon ve vysokorychlostn\u00edch tiskov\u00fdch aplikac\u00edch, tak\u017ee je ide\u00e1ln\u00ed volbou pro mezin\u00e1rodn\u00ed distributory a vydavatele, kte\u0159\u00ed hledaj\u00ed spolehliv\u00e9 specifikace novinov\u00e9ho pap\u00edru. Tento produkt, vyr\u00e1b\u011bn\u00fd z termomechanick\u00e9 buni\u010diny 100% (TMP) nebo vysoce kvalitn\u00edch recyklovan\u00fdch vl\u00e1ken, nab\u00edz\u00ed vynikaj\u00edc\u00ed tisknutelnost, pr\u016fchodnost a n\u00e1kladovou efektivitu. N\u00e1\u0161 novinov\u00fd pap\u00edr se zam\u011b\u0159uje na udr\u017eitelnost a dodr\u017eov\u00e1n\u00ed glob\u00e1ln\u00edch norem a \u0159e\u0161\u00ed kl\u00ed\u010dov\u00e9 probl\u00e9my kupuj\u00edc\u00edch, jako je konzistentn\u00ed kvalita, minim\u00e1ln\u00ed \u017emolkov\u00e1n\u00ed a vynikaj\u00edc\u00ed absorpce inkoustu. Tento novinov\u00fd pap\u00edr je k dispozici v r\u016fzn\u00fdch \u0161\u00ed\u0159k\u00e1ch kotou\u010d\u016f a velikostech j\u00e1dra, aby vyhovoval r\u016fzn\u00fdm tiskov\u00fdm stroj\u016fm, a zaji\u0161\u0165uje \u017eiv\u00e9 tiskov\u00e9 v\u00fdsledky p\u0159i minimalizaci prostoj\u016f.<\/p>","protected":false},"featured_media":1600,"template":"","meta":{"site-sidebar-layout":"default","site-content-layout":"","ast-site-content-layout":"default","site-content-style":"default","site-sidebar-style":"default","ast-global-header-display":"","ast-banner-title-visibility":"","ast-main-header-display":"","ast-hfb-above-header-display":"","ast-hfb-below-header-display":"","ast-hfb-mobile-header-display":"","site-post-title":"","ast-breadcrumbs-content":"","ast-featured-img":"","footer-sml-layout":"","theme-transparent-header-meta":"default","adv-header-id-meta":"","stick-header-meta":"","header-above-stick-meta":"","header-main-stick-meta":"","header-below-stick-meta":"","astra-migrate-meta-layouts":"set","ast-page-background-enabled":"default","ast-page-background-meta":{"desktop":{"background-color":"","background-image":"","background-repeat":"repeat","background-position":"center center","background-size":"auto","background-attachment":"scroll","background-type":"","background-media":"","overlay-type":"","overlay-color":"","overlay-opacity":"","overlay-gradient":""},"tablet":{"background-color":"","background-image":"","background-repeat":"repeat","background-position":"center center","background-size":"auto","background-attachment":"scroll","background-type":"","background-media":"","overlay-type":"","overlay-color":"","overlay-opacity":"","overlay-gradient":""},"mobile":{"background-color":"","background-image":"","background-repeat":"repeat","background-position":"center center","background-size":"auto","background-attachment":"scroll","background-type":"","background-media":"","overlay-type":"","overlay-color":"","overlay-opacity":"","overlay-gradient":""}},"ast-content-background-meta":{"desktop":{"background-color":"var(--ast-global-color-5)","background-image":"","background-repeat":"repeat","background-position":"center center","background-size":"auto","background-attachment":"scroll","background-type":"","background-media":"","overlay-type":"","overlay-color":"","overlay-opacity":"","overlay-gradient":""},"tablet":{"background-color":"var(--ast-global-color-5)","background-image":"","background-repeat":"repeat","background-position":"center center","background-size":"auto","background-attachment":"scroll","background-type":"","background-media":"","overlay-type":"","overlay-color":"","overlay-opacity":"","overlay-gradient":""},"mobile":{"background-color":"var(--ast-global-color-5)","background-image":"","background-repeat":"repeat","background-position":"center center","background-size":"auto","background-attachment":"scroll","background-type":"","background-media":"","overlay-type":"","overlay-color":"","overlay-opacity":"","overlay-gradient":""}}},"product_brand":[],"product_cat":[46],"product_tag":[],"class_list":{"0":"post-1038","1":"product","2":"type-product","3":"status-publish","4":"has-post-thumbnail","6":"product_cat-papers","7":"desktop-align-center","8":"tablet-align-center","9":"mobile-align-center","11":"first","12":"instock","13":"shipping-taxable","14":"product-type-simple"},"_links":{"self":[{"href":"https:\/\/copypapersupplier.com\/cs\/wp-json\/wp\/v2\/product\/1038","targetHints":{"allow":["GET"]}}],"collection":[{"href":"https:\/\/copypapersupplier.com\/cs\/wp-json\/wp\/v2\/product"}],"about":[{"href":"https:\/\/copypapersupplier.com\/cs\/wp-json\/wp\/v2\/types\/product"}],"wp:featuredmedia":[{"embeddable":true,"href":"https:\/\/copypapersupplier.com\/cs\/wp-json\/wp\/v2\/media\/1600"}],"wp:attachment":[{"href":"https:\/\/copypapersupplier.com\/cs\/wp-json\/wp\/v2\/media?parent=1038"}],"wp:term":[{"taxonomy":"product_brand","embeddable":true,"href":"https:\/\/copypapersupplier.com\/cs\/wp-json\/wp\/v2\/product_brand?post=1038"},{"taxonomy":"product_cat","embeddable":true,"href":"https:\/\/copypapersupplier.com\/cs\/wp-json\/wp\/v2\/product_cat?post=1038"},{"taxonomy":"product_tag","embeddable":true,"href":"https:\/\/copypapersupplier.com\/cs\/wp-json\/wp\/v2\/product_tag?post=1038"}],"curies":[{"name":"wp","href":"https:\/\/api.w.org\/{rel}","templated":true}]}}