{"id":1022,"date":"2025-10-13T03:06:54","date_gmt":"2025-10-13T03:06:54","guid":{"rendered":"https:\/\/copypapersupplier.com\/?post_type=product&#038;p=1022"},"modified":"2025-10-15T09:39:28","modified_gmt":"2025-10-15T09:39:28","slug":"xeroxovy-kopirovaci-papir","status":"publish","type":"product","link":"https:\/\/copypapersupplier.com\/cs\/product\/xeroxovy-kopirovaci-papir\/","title":{"rendered":"Kop\u00edrovac\u00ed pap\u00edr Xerox"},"content":{"rendered":"<h2 dir=\"auto\">Technick\u00e9 specifikace<\/h2>\n<p dir=\"auto\">N\u00e1sleduj\u00edc\u00ed tabulka uv\u00e1d\u00ed z\u00e1kladn\u00ed parametry na z\u00e1klad\u011b standardn\u00edch \u00fadaj\u016f o v\u00fdrobku. V\u0161echna m\u011b\u0159en\u00ed se \u0159\u00edd\u00ed mezin\u00e1rodn\u00edmi normami, jako je ISO 4046 pro terminologii a zku\u0161ebn\u00ed metody.<\/p>\n<table>\n<thead>\n<tr>\n<th data-col-size=\"lg\">Parametr<\/th>\n<th data-col-size=\"lg\">Specifikace (varianta 20 lb \/ 75 g\/m2)<\/th>\n<th data-col-size=\"lg\">Specifikace (varianta 24 lb \/ 90 g\/m2)<\/th>\n<th data-col-size=\"md\">Testovac\u00ed norma\/pozn\u00e1mky<\/th>\n<\/tr>\n<\/thead>\n<tbody>\n<tr>\n<td data-col-size=\"lg\">Z\u00e1kladn\u00ed hmotnost<\/td>\n<td data-col-size=\"lg\">20 lb (75 g\/m\u00b2)<\/td>\n<td data-col-size=\"lg\">24 lb (90 g\/m\u00b2)<\/td>\n<td data-col-size=\"md\">ASTM D646<\/td>\n<\/tr>\n<tr>\n<td data-col-size=\"lg\">Jas<\/td>\n<td data-col-size=\"lg\">92 GE<\/td>\n<td data-col-size=\"lg\">92 GE<\/td>\n<td data-col-size=\"md\">ISO 2470<\/td>\n<\/tr>\n<tr>\n<td data-col-size=\"lg\">B\u011blost<\/td>\n<td data-col-size=\"lg\">150 CIE (p\u0159ibli\u017en\u011b)<\/td>\n<td data-col-size=\"lg\">150 CIE (p\u0159ibli\u017en\u011b)<\/td>\n<td data-col-size=\"md\">ISO 11475<\/td>\n<\/tr>\n<tr>\n<td data-col-size=\"lg\">Nepr\u016fhlednost<\/td>\n<td data-col-size=\"lg\">90%<\/td>\n<td data-col-size=\"lg\">92%<\/td>\n<td data-col-size=\"md\">ISO 2471<\/td>\n<\/tr>\n<tr>\n<td data-col-size=\"lg\">Hladkost (Sheffield)<\/td>\n<td data-col-size=\"lg\">160<\/td>\n<td data-col-size=\"lg\">160<\/td>\n<td data-col-size=\"md\">TAPPI T538<\/td>\n<\/tr>\n<tr>\n<td data-col-size=\"lg\">T\u0159men (tlou\u0161\u0165ka)<\/td>\n<td data-col-size=\"lg\">4,1 mil (104 \u03bcm)<\/td>\n<td data-col-size=\"lg\">4,6 mil (117 \u03bcm)<\/td>\n<td data-col-size=\"md\">TAPPI T411<\/td>\n<\/tr>\n<tr>\n<td data-col-size=\"lg\">Obsah vlhkosti<\/td>\n<td data-col-size=\"lg\">4.5% (pr\u016fm\u011br)<\/td>\n<td data-col-size=\"lg\">4.5% (pr\u016fm\u011br)<\/td>\n<td data-col-size=\"md\">TAPPI T412<\/td>\n<\/tr>\n<tr>\n<td data-col-size=\"lg\">Bezkysl\u00edkat\u00e9<\/td>\n<td data-col-size=\"lg\">Ano<\/td>\n<td data-col-size=\"lg\">Ano<\/td>\n<td data-col-size=\"md\">pH 7,5+<\/td>\n<\/tr>\n<tr>\n<td data-col-size=\"lg\">Dostupn\u00e9 velikosti<\/td>\n<td data-col-size=\"lg\">Letter (8,5\u2033 x 11\u2033 \/ 216 x 279 mm), Legal (8,5\u2033 x 14\u2033 \/ 216 x 356 mm), Ledger (11\u2033 x 17\u2033 \/ 279 x 432 mm), A4 (8,27\u2033 x 11,69\u2033 \/ 210 x 297 mm), A3 (11,69\u2033 x 16,54\u2033 \/ 297 x 420 mm).<\/td>\n<td data-col-size=\"lg\">Stejn\u011b jako varianta 20 lb<\/td>\n<td data-col-size=\"md\">V souladu s normou ISO 216<\/td>\n<\/tr>\n<tr>\n<td data-col-size=\"lg\">Po\u010det list\u016f na roli<\/td>\n<td data-col-size=\"lg\">500<\/td>\n<td data-col-size=\"lg\">500<\/td>\n<td data-col-size=\"md\">Standardn\u00ed balen\u00ed<\/td>\n<\/tr>\n<tr>\n<td data-col-size=\"lg\">Kompatibilita<\/td>\n<td data-col-size=\"lg\">Laserov\u00e9 tisk\u00e1rny, inkoustov\u00e9 tisk\u00e1rny, kop\u00edrky, faxy<\/td>\n<td data-col-size=\"lg\">Stejn\u011b jako varianta 20 lb<\/td>\n<td data-col-size=\"md\">Navr\u017eeno pro vysokorychlostn\u00ed za\u0159\u00edzen\u00ed<\/td>\n<\/tr>\n<\/tbody>\n<\/table>\n<h2 dir=\"auto\">Vlastnosti a v\u00fdhody<\/h2>\n<ul dir=\"auto\">\n<li><strong>Spolehlivost bez zasek\u00e1v\u00e1n\u00ed<\/strong>: 99,99% z\u00e1ruka bez zasek\u00e1v\u00e1n\u00ed u vysokorychlostn\u00edch digit\u00e1ln\u00edch za\u0159\u00edzen\u00ed, co\u017e sni\u017euje provozn\u00ed prostoje a n\u00e1klady na \u00fadr\u017ebu u u\u017eivatel\u016f velk\u00fdch objem\u016f.<\/li>\n<li><strong>Vylep\u0161en\u00ed barev<\/strong>: Technologie ColorLok\u00ae zaji\u0161\u0165uje v\u00fdrazn\u011bj\u0161\u00ed \u010dernou, \u017eiv\u00e9 barvy a rychlej\u0161\u00ed schnut\u00ed u inkoustov\u00fdch tisk\u00e1ren a ostr\u00e9 sl\u00e9v\u00e1n\u00ed toneru u laserov\u00fdch tisk\u00e1ren.<\/li>\n<li><strong>Oboustrann\u00fd tisk<\/strong>: Vysok\u00e1 nepr\u016fhlednost minimalizuje pr\u016fsvit, podporuje efektivn\u00ed oboustrann\u00fd tisk a \u00fasporu pap\u00edru.<\/li>\n<li><strong>Mo\u017enosti \u0161etrn\u00e9 k \u017eivotn\u00edmu prost\u0159ed\u00ed<\/strong>: K dispozici jsou varianty s recyklovan\u00fdm obsahem 30%, certifikovan\u00e9 FSC\u00ae, kter\u00e9 podporuj\u00ed udr\u017eitelnost bez sn\u00ed\u017een\u00ed v\u00fdkonu.<\/li>\n<li><strong>V\u00fdhody trhu<\/strong>: V porovn\u00e1n\u00ed s konkuren\u010dn\u00edmi produkty, jako je HP nebo Hammermill (obvykle 92-98 jas\u016f), vynik\u00e1 tisk\u00e1rna Xerox Vitality hladkost\u00ed a kaliperac\u00ed, co\u017e je ide\u00e1ln\u00ed pro profesion\u00e1ln\u00ed dokumenty. Spl\u0148uje celosv\u011btov\u00e9 po\u017eadavky na kvalitu a dodr\u017eov\u00e1n\u00ed ekologick\u00fdch p\u0159edpis\u016f p\u0159i zad\u00e1v\u00e1n\u00ed ve\u0159ejn\u00fdch zak\u00e1zek.<\/li>\n<li><strong>Odolnost<\/strong>: Bezkyselinov\u00e9 slo\u017een\u00ed zaji\u0161\u0165uje dlouhodobou archiva\u010dn\u00ed stabilitu, vhodn\u00e9 pro pr\u00e1vn\u00ed a obchodn\u00ed z\u00e1znamy.<\/li>\n<\/ul>\n<h2 dir=\"auto\">Aplikace<\/h2>\n<ul dir=\"auto\">\n<li>Ka\u017edodenn\u00ed kancel\u00e1\u0159sk\u00fd tisk: Tisk pozn\u00e1mek, e-mail\u016f a intern\u00edch dokument\u016f.<\/li>\n<li>Odborn\u00e9 prezentace: Zpr\u00e1vy, n\u00e1vrhy a marketingov\u00e9 materi\u00e1ly vy\u017eaduj\u00edc\u00ed ostr\u00fd text a grafiku.<\/li>\n<li>Velkoobjemov\u00e9 kop\u00edrov\u00e1n\u00ed: Vzd\u011bl\u00e1vac\u00ed instituce, firemn\u00ed kancel\u00e1\u0159e a tisk\u00e1rny.<\/li>\n<li>V\u0161estrann\u00e9 pou\u017eit\u00ed: Kompatibiln\u00ed s dom\u00e1c\u00edmi kancel\u00e1\u0159emi, \u0161kolami a komer\u010dn\u00edmi tiskov\u00fdmi slu\u017ebami v regionech, jako je Severn\u00ed Amerika, Evropa a Asie.<\/li>\n<\/ul>\n<h2 dir=\"auto\">Informace o balen\u00ed a p\u0159eprav\u011b<\/h2>\n<ul dir=\"auto\">\n<li><strong>Standardn\u00ed balen\u00ed<\/strong>: 500 list\u016f v jednom svazku, zabalen\u00fdch v pap\u00edru odoln\u00e9m proti vlhkosti pro ochranu b\u011bhem p\u0159epravy. 5 a\u017e 10 svazk\u016f v kartonu (2 500 a\u017e 5 000 list\u016f), v z\u00e1vislosti na velikosti a hmotnosti.<\/li>\n<li><strong>Rozm\u011bry kartonu<\/strong>: P\u0159ibli\u017en\u011b 17,5\" x 11,5\" x 9\" (445 x 292 x 229 mm) pro form\u00e1t Letter\/A4, varianta 20 lb (hmotnost: ~ 25 lbs \/ 11 kg na karton).<\/li>\n<li><strong>Konfigurace palet<\/strong>: 40-50 karton\u016f na palet\u011b, zabalen\u00fdch ve smr\u0161\u0165ovac\u00ed f\u00f3lii a chr\u00e1n\u011bn\u00fdch v roz\u00edch, aby spl\u0148ovaly mezin\u00e1rodn\u00ed p\u0159epravn\u00ed normy (nap\u0159. ISTA pro trvanlivost p\u0159i p\u0159eprav\u011b).<\/li>\n<li><strong>Obchodn\u00ed podm\u00ednky<\/strong>: FOB (Free on Board) p\u016fvod nebo CIF (Cost, Insurance, Freight) m\u00edsto ur\u010den\u00ed k dispozici. V souladu s Incoterms\u00ae 2020.<\/li>\n<li><strong>Doporu\u010den\u00ed pro ukl\u00e1d\u00e1n\u00ed<\/strong>: Pro zachov\u00e1n\u00ed kvality skladujte v chladn\u00e9m a such\u00e9m prost\u0159ed\u00ed (relativn\u00ed vlhkost 50-70%, 68-75\u00b0F \/ 20-24\u00b0C).<\/li>\n<\/ul>\n<h2 dir=\"auto\">Certifikace a dodr\u017eov\u00e1n\u00ed p\u0159edpis\u016f<\/h2>\n<ul dir=\"auto\">\n<li><strong>\u017divotn\u00ed prost\u0159ed\u00ed<\/strong>: FSC\u00ae Certified (vybran\u00e9 varianty), SFI\u00ae Certified Sourcing, podporuj\u00edc\u00ed udr\u017eiteln\u00e9 lesnick\u00e9 postupy.<\/li>\n<li><strong>Standardy kvality<\/strong>: Spl\u0148uje normy ISO 9001 pro kvalitu v\u00fdroby a ISO 14001 pro environment\u00e1ln\u00ed management.<\/li>\n<li><strong>Bezpe\u010dnost a regulace<\/strong>: Proces b\u011blen\u00ed bez element\u00e1rn\u00edho chl\u00f3ru (ECF); spl\u0148uje po\u017eadavky na\u0159\u00edzen\u00ed REACH (EU), RoHS a Proposition 65 (USA) na chemickou bezpe\u010dnost.<\/li>\n<li><strong>Z\u00e1ruka v\u00fdkonu<\/strong>: Z\u00e1ruka kompatibility a spolehlivosti poskytovan\u00e1 spole\u010dnost\u00ed Xerox.<\/li>\n<\/ul>\n<h2 dir=\"auto\">Pokyny pro zad\u00e1v\u00e1n\u00ed ve\u0159ejn\u00fdch zak\u00e1zek<\/h2>\n<p dir=\"auto\">U hromadn\u00fdch objedn\u00e1vek je minim\u00e1ln\u00ed objednac\u00ed mno\u017estv\u00ed (MOQ) jedna paleta. Ceny jsou k dispozici na vy\u017e\u00e1d\u00e1n\u00ed, jsou konkurenceschopn\u00e9 s tr\u017en\u00edmi cenami za pr\u00e9miov\u00fd kop\u00edrovac\u00ed pap\u00edr (nap\u0159. ni\u017e\u0161\u00ed celkov\u00e9 n\u00e1klady na vlastnictv\u00ed d\u00edky men\u0161\u00edmu po\u010dtu zaseknut\u00ed). K dispozici jsou vzorky pro testov\u00e1n\u00ed. Kontaktujte n\u00e1\u0161 prodejn\u00ed t\u00fdm pro individu\u00e1ln\u00ed nab\u00eddky, dodac\u00ed lh\u016fty (obvykle 2-4 t\u00fddny pro mezin\u00e1rodn\u00ed dod\u00e1vky) a exportn\u00ed dokumentaci.<\/p>","protected":false},"excerpt":{"rendered":"<h2 dir=\"auto\">P\u0159ehled produkt\u016f<\/h2>\n<p dir=\"auto\">V\u00edce\u00fa\u010delov\u00fd kop\u00edrovac\u00ed pap\u00edr Xerox Vitality je vysoce v\u00fdkonn\u00fd, univerz\u00e1ln\u00ed kancel\u00e1\u0159sk\u00fd pap\u00edr ur\u010den\u00fd pro spolehliv\u00fd ka\u017edodenn\u00ed tisk a kop\u00edrov\u00e1n\u00ed v profesion\u00e1ln\u00edm prost\u0159ed\u00ed. Tento pap\u00edr je navr\u017een pro kompatibilitu s laserov\u00fdmi, inkoustov\u00fdmi a vysokorychlostn\u00edmi digit\u00e1ln\u00edmi tisk\u00e1rnami a poskytuje konzistentn\u00ed v\u00fdsledky s minim\u00e1ln\u00edm zasek\u00e1v\u00e1n\u00edm. Je vybaven technologi\u00ed ColorLok\u00ae pro lep\u0161\u00ed \u017eivost barev a v\u00fdrazn\u011bj\u0161\u00ed \u010dernou u inkoustov\u00fdch tisk\u00e1ren a z\u00e1rove\u0148 zachov\u00e1v\u00e1 vynikaj\u00edc\u00ed p\u0159ilnavost toneru u laserov\u00fdch aplikac\u00ed.<\/p>\n<p dir=\"auto\">D\u00edky z\u00e1\u0159iv\u011b b\u00edl\u00e9 povrchov\u00e9 \u00faprav\u011b a hladk\u00e9mu povrchu zaji\u0161\u0165uje ostr\u00fd text a \u017eivou grafiku, tak\u017ee je ide\u00e1ln\u00ed pro obchodn\u00ed dokumenty, zpr\u00e1vy, prezentace a b\u011b\u017en\u00e9 kancel\u00e1\u0159sk\u00e9 pou\u017eit\u00ed. Tento produkt spl\u0148uje mezin\u00e1rodn\u00ed normy kvality pap\u00edru, v\u010detn\u011b normy ISO 216 pro velikost, a je k dispozici ve standardn\u00edch velikostech, kter\u00e9 vyhovuj\u00ed glob\u00e1ln\u00edm trh\u016fm.<\/p>","protected":false},"featured_media":1441,"template":"","meta":{"site-sidebar-layout":"default","site-content-layout":"","ast-site-content-layout":"default","site-content-style":"default","site-sidebar-style":"default","ast-global-header-display":"","ast-banner-title-visibility":"","ast-main-header-display":"","ast-hfb-above-header-display":"","ast-hfb-below-header-display":"","ast-hfb-mobile-header-display":"","site-post-title":"","ast-breadcrumbs-content":"","ast-featured-img":"","footer-sml-layout":"","theme-transparent-header-meta":"default","adv-header-id-meta":"","stick-header-meta":"","header-above-stick-meta":"","header-main-stick-meta":"","header-below-stick-meta":"","astra-migrate-meta-layouts":"set","ast-page-background-enabled":"default","ast-page-background-meta":{"desktop":{"background-color":"","background-image":"","background-repeat":"repeat","background-position":"center center","background-size":"auto","background-attachment":"scroll","background-type":"","background-media":"","overlay-type":"","overlay-color":"","overlay-opacity":"","overlay-gradient":""},"tablet":{"background-color":"","background-image":"","background-repeat":"repeat","background-position":"center center","background-size":"auto","background-attachment":"scroll","background-type":"","background-media":"","overlay-type":"","overlay-color":"","overlay-opacity":"","overlay-gradient":""},"mobile":{"background-color":"","background-image":"","background-repeat":"repeat","background-position":"center center","background-size":"auto","background-attachment":"scroll","background-type":"","background-media":"","overlay-type":"","overlay-color":"","overlay-opacity":"","overlay-gradient":""}},"ast-content-background-meta":{"desktop":{"background-color":"var(--ast-global-color-5)","background-image":"","background-repeat":"repeat","background-position":"center center","background-size":"auto","background-attachment":"scroll","background-type":"","background-media":"","overlay-type":"","overlay-color":"","overlay-opacity":"","overlay-gradient":""},"tablet":{"background-color":"var(--ast-global-color-5)","background-image":"","background-repeat":"repeat","background-position":"center center","background-size":"auto","background-attachment":"scroll","background-type":"","background-media":"","overlay-type":"","overlay-color":"","overlay-opacity":"","overlay-gradient":""},"mobile":{"background-color":"var(--ast-global-color-5)","background-image":"","background-repeat":"repeat","background-position":"center center","background-size":"auto","background-attachment":"scroll","background-type":"","background-media":"","overlay-type":"","overlay-color":"","overlay-opacity":"","overlay-gradient":""}}},"product_brand":[],"product_cat":[15],"product_tag":[],"class_list":{"0":"post-1022","1":"product","2":"type-product","3":"status-publish","4":"has-post-thumbnail","6":"product_cat-a4-papers","7":"desktop-align-center","8":"tablet-align-center","9":"mobile-align-center","11":"first","12":"instock","13":"shipping-taxable","14":"product-type-simple"},"_links":{"self":[{"href":"https:\/\/copypapersupplier.com\/cs\/wp-json\/wp\/v2\/product\/1022","targetHints":{"allow":["GET"]}}],"collection":[{"href":"https:\/\/copypapersupplier.com\/cs\/wp-json\/wp\/v2\/product"}],"about":[{"href":"https:\/\/copypapersupplier.com\/cs\/wp-json\/wp\/v2\/types\/product"}],"wp:featuredmedia":[{"embeddable":true,"href":"https:\/\/copypapersupplier.com\/cs\/wp-json\/wp\/v2\/media\/1441"}],"wp:attachment":[{"href":"https:\/\/copypapersupplier.com\/cs\/wp-json\/wp\/v2\/media?parent=1022"}],"wp:term":[{"taxonomy":"product_brand","embeddable":true,"href":"https:\/\/copypapersupplier.com\/cs\/wp-json\/wp\/v2\/product_brand?post=1022"},{"taxonomy":"product_cat","embeddable":true,"href":"https:\/\/copypapersupplier.com\/cs\/wp-json\/wp\/v2\/product_cat?post=1022"},{"taxonomy":"product_tag","embeddable":true,"href":"https:\/\/copypapersupplier.com\/cs\/wp-json\/wp\/v2\/product_tag?post=1022"}],"curies":[{"name":"wp","href":"https:\/\/api.w.org\/{rel}","templated":true}]}}