{"id":1020,"date":"2025-10-13T03:05:34","date_gmt":"2025-10-13T03:05:34","guid":{"rendered":"https:\/\/copypapersupplier.com\/?post_type=product&#038;p=1020"},"modified":"2025-10-15T09:26:14","modified_gmt":"2025-10-15T09:26:14","slug":"rotatrimovy-papir","status":"publish","type":"product","link":"https:\/\/copypapersupplier.com\/cs\/product\/rotatrimovy-papir\/","title":{"rendered":"Rotatrim Paper"},"content":{"rendered":"<table>\n<thead>\n<tr>\n<th data-col-size=\"lg\">Parametr<\/th>\n<th data-col-size=\"md\">70 g\/m2<\/th>\n<th data-col-size=\"md\">75 g\/m2<\/th>\n<th data-col-size=\"md\">80 g\/m2<\/th>\n<\/tr>\n<\/thead>\n<tbody>\n<tr>\n<td data-col-size=\"lg\">Gram\u00e1\u017e (g\/m\u00b2)<\/td>\n<td data-col-size=\"md\">70<\/td>\n<td data-col-size=\"md\">75<\/td>\n<td data-col-size=\"md\">80<\/td>\n<\/tr>\n<tr>\n<td data-col-size=\"lg\">Tlou\u0161\u0165ka (\u00b5m)<\/td>\n<td data-col-size=\"md\">98<\/td>\n<td data-col-size=\"md\">105<\/td>\n<td data-col-size=\"md\">110<\/td>\n<\/tr>\n<tr>\n<td data-col-size=\"lg\">Nepr\u016fhlednost (%)<\/td>\n<td data-col-size=\"md\">93.8<\/td>\n<td data-col-size=\"md\">95<\/td>\n<td data-col-size=\"md\">95<\/td>\n<\/tr>\n<tr>\n<td data-col-size=\"lg\">B\u011blost CIE<\/td>\n<td data-col-size=\"md\">161-167<\/td>\n<td data-col-size=\"md\">161-167<\/td>\n<td data-col-size=\"md\">161-167<\/td>\n<\/tr>\n<tr>\n<td data-col-size=\"lg\">B\u011blost (%)<\/td>\n<td data-col-size=\"md\">102-104<\/td>\n<td data-col-size=\"md\">102-104<\/td>\n<td data-col-size=\"md\">102-104<\/td>\n<\/tr>\n<tr>\n<td data-col-size=\"lg\">Obsah vlhkosti (%)<\/td>\n<td data-col-size=\"md\">4.50<\/td>\n<td data-col-size=\"md\">4.50<\/td>\n<td data-col-size=\"md\">4.50<\/td>\n<\/tr>\n<tr>\n<td data-col-size=\"lg\">Drsnost (ml\/min)<\/td>\n<td data-col-size=\"md\">140 (p\u0159ibli\u017en\u011b)<\/td>\n<td data-col-size=\"md\">140 (p\u0159ibli\u017en\u011b)<\/td>\n<td data-col-size=\"md\">140 (p\u0159ibli\u017en\u011b)<\/td>\n<\/tr>\n<tr>\n<td data-col-size=\"lg\">Slo\u017een\u00ed buni\u010diny<\/td>\n<td data-col-size=\"md\">100% Panensk\u00e1 d\u0159evn\u00ed buni\u010dina<\/td>\n<td data-col-size=\"md\">100% Panensk\u00e1 d\u0159evn\u00ed buni\u010dina<\/td>\n<td data-col-size=\"md\">100% Panensk\u00e1 d\u0159evn\u00ed buni\u010dina<\/td>\n<\/tr>\n<tr>\n<td data-col-size=\"lg\">Schopnosti<\/td>\n<td data-col-size=\"md\">Vysokorychlostn\u00ed kop\u00edrov\u00e1n\u00ed (100 stran za minutu), mo\u017enost laserov\u00e9ho tisku, mo\u017enost inkoustov\u00e9ho tisku, mo\u017enost faxov\u00e1n\u00ed, oboustrann\u00fd tisk<\/td>\n<td data-col-size=\"md\">Stejn\u011b jako 70 g\/m2<\/td>\n<td data-col-size=\"md\">Stejn\u011b jako 70 g\/m2<\/td>\n<\/tr>\n<\/tbody>\n<\/table>\n<h2 dir=\"auto\">Oblasti pou\u017eit\u00ed<\/h2>\n<ul dir=\"auto\">\n<li>Obecn\u00fd kancel\u00e1\u0159sk\u00fd tisk a kop\u00edrov\u00e1n\u00ed dokument\u016f, zpr\u00e1v a n\u00e1vrh\u016f.<\/li>\n<li>Kvalitn\u00ed prezentace, hlavi\u010dkov\u00e9 pap\u00edry a zpr\u00e1vy pro veden\u00ed.<\/li>\n<li>Vhodn\u00e9 pro \u010dernob\u00edl\u00e9 i barevn\u00e9 pou\u017eit\u00ed ve fotokop\u00edrk\u00e1ch, laserov\u00fdch tisk\u00e1rn\u00e1ch a inkoustov\u00fdch tisk\u00e1rn\u00e1ch.<\/li>\n<li>Ide\u00e1ln\u00ed pro dom\u00e1c\u00ed i profesion\u00e1ln\u00ed prost\u0159ed\u00ed, kde je vy\u017eadov\u00e1n spolehliv\u00fd v\u00fdkon bez zasek\u00e1v\u00e1n\u00ed.<\/li>\n<\/ul>\n<h2 dir=\"auto\">Informace o balen\u00ed<\/h2>\n<ul dir=\"auto\">\n<li>Velikost listu: A4 (210 mm x 297 mm) nebo A3 (297 mm x 420 mm) podle mezin\u00e1rodn\u00edch norem ISO.<\/li>\n<li>Po\u010det list\u016f v roli: 500.<\/li>\n<li>Bal\u00ed\u010dky na krabici: 5.<\/li>\n<li>Celkov\u00fd po\u010det list\u016f v krabici: 2 500.<\/li>\n<li>Obaly navr\u017een\u00e9 tak, aby spl\u0148ovaly mezin\u00e1rodn\u00ed p\u0159epravn\u00ed normy a zaji\u0161\u0165ovaly ochranu b\u011bhem p\u0159epravy a skladov\u00e1n\u00ed.<\/li>\n<\/ul>\n<h2 dir=\"auto\">Dodr\u017eov\u00e1n\u00ed p\u0159edpis\u016f a norem<\/h2>\n<ul dir=\"auto\">\n<li>Odpov\u00edd\u00e1 norm\u011b ISO 9706 pro trvalou archivovatelnost.<\/li>\n<li>Vyr\u00e1b\u00ed se podle norem ISO 9001 (\u0159\u00edzen\u00ed kvality), ISO 14001 (environment\u00e1ln\u00ed management) a ISO 18001 (bezpe\u010dnost a ochrana zdrav\u00ed p\u0159i pr\u00e1ci).<\/li>\n<li>Certifik\u00e1t FSC pro udr\u017eiteln\u00e9 lesn\u00ed hospoda\u0159en\u00ed.<\/li>\n<\/ul>","protected":false},"excerpt":{"rendered":"<h2 dir=\"auto\">Popis produktu<\/h2>\n<p dir=\"auto\">Kancel\u00e1\u0159sk\u00fd pap\u00edr Rotatrim je prvot\u0159\u00eddn\u00ed, univerz\u00e1ln\u00ed nenat\u00edran\u00fd kancel\u00e1\u0159sk\u00fd pap\u00edr ur\u010den\u00fd pro vysoce v\u00fdkonn\u00fd tisk a kop\u00edrov\u00e1n\u00ed. Vyzna\u010duje se vysokou b\u011blost\u00ed a nepr\u016fsvitnost\u00ed pro ostr\u00fd a ostr\u00fd text a grafiku, vynikaj\u00edc\u00ed objemnost\u00ed pro hutn\u00fd pocit a hladk\u00fdm povrchem, kter\u00fd zaji\u0161\u0165uje vynikaj\u00edc\u00ed v\u00fdkon na r\u016fzn\u00fdch za\u0159\u00edzen\u00edch. Je vyroben z panensk\u00e9 d\u0159evoviny 100%, podporuje oboustrann\u00fd tisk a je kompatibiln\u00ed s vysokorychlostn\u00edm provozem, tak\u017ee je ide\u00e1ln\u00ed pro profesion\u00e1ln\u00ed B2B aplikace.<\/p>\n<h2 dir=\"auto\">Kl\u00ed\u010dov\u00e9 vlastnosti<\/h2>\n<ul dir=\"auto\">\n<li>Vysok\u00e1 b\u011blost (CIE 161-167) pro vynikaj\u00edc\u00ed jasnost a kontrast grafiky a textu.<\/li>\n<li>Vysok\u00e1 kryc\u00ed schopnost pro minimalizaci pr\u016fsvitnosti p\u0159i oboustrann\u00e9m tisku.<\/li>\n<li>Hladk\u00fd povrch a n\u00edzk\u00e1 pra\u0161nost pro v\u00fdkon bez zasek\u00e1v\u00e1n\u00ed a ni\u017e\u0161\u00ed opot\u0159eben\u00ed za\u0159\u00edzen\u00ed.<\/li>\n<li>Vynikaj\u00edc\u00ed objem a textura pro prvot\u0159\u00eddn\u00ed pocit, ani\u017e by to bylo na \u00fakor b\u011bhatelnosti.<\/li>\n<li>Udr\u017eiteln\u00e9 z\u00edsk\u00e1v\u00e1n\u00ed zdroj\u016f jako sou\u010d\u00e1st zelen\u00e9 \u0159ady Mondi.<\/li>\n<\/ul>\n<p dir=\"auto\">","protected":false},"featured_media":1438,"template":"","meta":{"site-sidebar-layout":"default","site-content-layout":"","ast-site-content-layout":"default","site-content-style":"default","site-sidebar-style":"default","ast-global-header-display":"","ast-banner-title-visibility":"","ast-main-header-display":"","ast-hfb-above-header-display":"","ast-hfb-below-header-display":"","ast-hfb-mobile-header-display":"","site-post-title":"","ast-breadcrumbs-content":"","ast-featured-img":"","footer-sml-layout":"","theme-transparent-header-meta":"default","adv-header-id-meta":"","stick-header-meta":"","header-above-stick-meta":"","header-main-stick-meta":"","header-below-stick-meta":"","astra-migrate-meta-layouts":"set","ast-page-background-enabled":"default","ast-page-background-meta":{"desktop":{"background-color":"","background-image":"","background-repeat":"repeat","background-position":"center center","background-size":"auto","background-attachment":"scroll","background-type":"","background-media":"","overlay-type":"","overlay-color":"","overlay-opacity":"","overlay-gradient":""},"tablet":{"background-color":"","background-image":"","background-repeat":"repeat","background-position":"center center","background-size":"auto","background-attachment":"scroll","background-type":"","background-media":"","overlay-type":"","overlay-color":"","overlay-opacity":"","overlay-gradient":""},"mobile":{"background-color":"","background-image":"","background-repeat":"repeat","background-position":"center center","background-size":"auto","background-attachment":"scroll","background-type":"","background-media":"","overlay-type":"","overlay-color":"","overlay-opacity":"","overlay-gradient":""}},"ast-content-background-meta":{"desktop":{"background-color":"var(--ast-global-color-5)","background-image":"","background-repeat":"repeat","background-position":"center center","background-size":"auto","background-attachment":"scroll","background-type":"","background-media":"","overlay-type":"","overlay-color":"","overlay-opacity":"","overlay-gradient":""},"tablet":{"background-color":"var(--ast-global-color-5)","background-image":"","background-repeat":"repeat","background-position":"center center","background-size":"auto","background-attachment":"scroll","background-type":"","background-media":"","overlay-type":"","overlay-color":"","overlay-opacity":"","overlay-gradient":""},"mobile":{"background-color":"var(--ast-global-color-5)","background-image":"","background-repeat":"repeat","background-position":"center center","background-size":"auto","background-attachment":"scroll","background-type":"","background-media":"","overlay-type":"","overlay-color":"","overlay-opacity":"","overlay-gradient":""}}},"product_brand":[],"product_cat":[15],"product_tag":[],"class_list":{"0":"post-1020","1":"product","2":"type-product","3":"status-publish","4":"has-post-thumbnail","6":"product_cat-a4-papers","7":"desktop-align-center","8":"tablet-align-center","9":"mobile-align-center","11":"first","12":"instock","13":"shipping-taxable","14":"product-type-simple"},"_links":{"self":[{"href":"https:\/\/copypapersupplier.com\/cs\/wp-json\/wp\/v2\/product\/1020","targetHints":{"allow":["GET"]}}],"collection":[{"href":"https:\/\/copypapersupplier.com\/cs\/wp-json\/wp\/v2\/product"}],"about":[{"href":"https:\/\/copypapersupplier.com\/cs\/wp-json\/wp\/v2\/types\/product"}],"wp:featuredmedia":[{"embeddable":true,"href":"https:\/\/copypapersupplier.com\/cs\/wp-json\/wp\/v2\/media\/1438"}],"wp:attachment":[{"href":"https:\/\/copypapersupplier.com\/cs\/wp-json\/wp\/v2\/media?parent=1020"}],"wp:term":[{"taxonomy":"product_brand","embeddable":true,"href":"https:\/\/copypapersupplier.com\/cs\/wp-json\/wp\/v2\/product_brand?post=1020"},{"taxonomy":"product_cat","embeddable":true,"href":"https:\/\/copypapersupplier.com\/cs\/wp-json\/wp\/v2\/product_cat?post=1020"},{"taxonomy":"product_tag","embeddable":true,"href":"https:\/\/copypapersupplier.com\/cs\/wp-json\/wp\/v2\/product_tag?post=1020"}],"curies":[{"name":"wp","href":"https:\/\/api.w.org\/{rel}","templated":true}]}}